{"id":2479,"date":"2013-08-30T20:27:20","date_gmt":"2013-08-30T18:27:20","guid":{"rendered":"http:\/\/www.chile-reise.com\/wordpress\/?page_id=2479"},"modified":"2014-03-17T16:44:48","modified_gmt":"2014-03-17T14:44:48","slug":"flug-uber-die-laguna-san-rafael","status":"publish","type":"page","link":"https:\/\/www.chile-reise.com\/de\/packages-daytrips\/carretera-austral\/flug-uber-die-laguna-san-rafael\/","title":{"rendered":"Flug \u00fcber die Laguna San Rafael"},"content":{"rendered":"<p>\r\n        <style type='text\/css'>\r\n            #gallery-1 {\r\n                margin: auto;\r\n            }\r\n            #gallery-1 .gallery-item {\r\n                float: left;\r\n                margin-top: 10px;\r\n                text-align: center;\r\n                width: 33%;           }\r\n            #gallery-1 img {\r\n                border: 2px solid #cfcfcf;\r\n            }\r\n            #gallery-1 .gallery-caption {\r\n                margin-left: 0;\r\n            }\r\n        <\/style>\r\n        <!-- see gallery_shortcode() in wp-includes\/media.php -->\r\n        <div id='gallery-1' class='gallery-images gallery galleryid-2479'><dl class='gallery-item'>\r\n            <dt class='gallery-icon'>\r\n                <a href='https:\/\/www.chile-reise.com\/wp-content\/uploads\/Laguna-San-Rafael-3_klein1.jpg'><img loading=\"lazy\" decoding=\"async\" width=\"240\" height=\"140\" src=\"https:\/\/www.chile-reise.com\/wp-content\/uploads\/Laguna-San-Rafael-3_klein1-240x140.jpg\" class=\"attachment-thumbnail size-thumbnail\" alt=\"Laguna San Rafael 3 klein\" \/><\/a>\r\n            <\/dt>\r\n                <dd class='gallery-caption'>\r\n                Lagoon San Rafael\r\n                <\/dd><\/dl>\r\n            <br style='clear: both;' \/>\r\n        <\/div>\n<div class=\"clear\"><\/div><div class=\"divider\"><\/div>\n<p><strong>Art der Reise:<\/strong> Natur<br \/>\n<strong>Dauer:<\/strong> 1 Tag<\/p>\n\n\t<script type=\"text\/javascript\">\tjQuery(document).ready(function($){\tjQuery(\"ul.tabs-nav\").tabs(\"> .pane\"); }); <\/script>\n\n\t\t<div class=\"post-tabs\">\n\t\t\n<ul class=\"tabs-nav\">\n<li>Tourverlauf<\/li>\n<li>Anmerkungen<\/li>\n<\/ul>\n\n\t\t<div class=\"pane\">\n\t\t\nBei dieser unvergesslichen Flugexkursion erleben Sie das n\u00f6rdliche Eisfeld Patagoniens mit seinen vielen Gletschern aus der Luft. Sie besteigen das Flugzeug auf einem Flugplatz bei Coyhaique. Zuerst breiten sich weite Ebenen und W\u00e4lder unter Ihnen aus, durchzogen von blauen Fl\u00fcssen und Seen. Weiter im S\u00fcden mehren sich die schneebedeckten Gipfel und die ersten Gletscher, bis Sie die riesige wei\u00dfe Fl\u00e4che des n\u00f6rdlichen Eisfeldes unter sich sehen. Hier liegt der H\u00f6hepunkt des Rundfluges: Die Laguna San Rafael. Der gleichnamige Gletscher schiebt sich vom Eisfeld in Richtung der Lagune und schm\u00fcckt sie mit beeindruckenden blau und t\u00fcrkis schimmernden Eisbergen. R\u00fcckflug zum Flugplatz und Transfer nach Coyhaique.<br \/>\n\n\t\t<\/div>\n\t\n\n\t\t<div class=\"pane\">\n\t\t\nDiese Exkursion ist wetterabh\u00e4ngig.<br \/>\n\n\t\t<\/div>\n\t\n\n\t\t<\/div>\n\t<\/p>","protected":false},"excerpt":{"rendered":"<p>Art der Reise: Natur Dauer: 1 Tag<\/p>\n","protected":false},"author":3,"featured_media":0,"parent":102,"menu_order":0,"comment_status":"open","ping_status":"open","template":"","meta":{"slim_seo":{"title":"Flug \u00fcber die Laguna San Rafael Laguna San Rafael Overflight - travelArt","description":"Lagoon San Rafael Art der Reise: Natur Dauer: 1 Tag Tourverlauf Anmerkungen Bei dieser unvergesslichen Flugexkursion erleben Sie das n\u00f6rdliche Eisfeld Patagonie"},"footnotes":""},"class_list":["post-2479","page","type-page","status-publish","hentry"],"_links":{"self":[{"href":"https:\/\/www.chile-reise.com\/de\/wp-json\/wp\/v2\/pages\/2479","targetHints":{"allow":["GET"]}}],"collection":[{"href":"https:\/\/www.chile-reise.com\/de\/wp-json\/wp\/v2\/pages"}],"about":[{"href":"https:\/\/www.chile-reise.com\/de\/wp-json\/wp\/v2\/types\/page"}],"author":[{"embeddable":true,"href":"https:\/\/www.chile-reise.com\/de\/wp-json\/wp\/v2\/users\/3"}],"replies":[{"embeddable":true,"href":"https:\/\/www.chile-reise.com\/de\/wp-json\/wp\/v2\/comments?post=2479"}],"version-history":[{"count":0,"href":"https:\/\/www.chile-reise.com\/de\/wp-json\/wp\/v2\/pages\/2479\/revisions"}],"up":[{"embeddable":true,"href":"https:\/\/www.chile-reise.com\/de\/wp-json\/wp\/v2\/pages\/102"}],"wp:attachment":[{"href":"https:\/\/www.chile-reise.com\/de\/wp-json\/wp\/v2\/media?parent=2479"}],"curies":[{"name":"wp","href":"https:\/\/api.w.org\/{rel}","templated":true}]}}