{"id":2465,"date":"2013-08-30T00:58:25","date_gmt":"2013-08-29T22:58:25","guid":{"rendered":"http:\/\/www.chile-reise.com\/wordpress\/?page_id=2465"},"modified":"2014-03-14T19:15:22","modified_gmt":"2014-03-14T17:15:22","slug":"castro-und-dalcahue","status":"publish","type":"page","link":"https:\/\/www.chile-reise.com\/de\/packages-daytrips\/seengebiet\/castro-und-dalcahue\/","title":{"rendered":"Castro und Dalcahue"},"content":{"rendered":"<p>\r\n        <style type='text\/css'>\r\n            #gallery-1 {\r\n                margin: auto;\r\n            }\r\n            #gallery-1 .gallery-item {\r\n                float: left;\r\n                margin-top: 10px;\r\n                text-align: center;\r\n                width: 33%;           }\r\n            #gallery-1 img {\r\n                border: 2px solid #cfcfcf;\r\n            }\r\n            #gallery-1 .gallery-caption {\r\n                margin-left: 0;\r\n            }\r\n        <\/style>\r\n        <!-- see gallery_shortcode() in wp-includes\/media.php -->\r\n        <div id='gallery-1' class='gallery-images gallery galleryid-2465'><dl class='gallery-item'>\r\n            <dt class='gallery-icon'>\r\n                <a href='https:\/\/www.chile-reise.com\/wp-content\/uploads\/Castro_palafitos_klein.bmp'><img loading=\"lazy\" decoding=\"async\" width=\"1\" height=\"1\" src=\"https:\/\/www.chile-reise.com\/wp-content\/uploads\/Castro_palafitos_klein.bmp\" class=\"attachment-thumbnail size-thumbnail\" alt=\"Castro palafitos klein\" \/><\/a>\r\n            <\/dt>\r\n                <dd class='gallery-caption'>\r\n                Palafitos in Castro\r\n                <\/dd><\/dl><dl class='gallery-item'>\r\n            <dt class='gallery-icon'>\r\n                <a href='https:\/\/www.chile-reise.com\/wp-content\/uploads\/Catedral-Castro-2_klein.png'><img loading=\"lazy\" decoding=\"async\" width=\"240\" height=\"140\" src=\"https:\/\/www.chile-reise.com\/wp-content\/uploads\/Catedral-Castro-2_klein-240x140.png\" class=\"attachment-thumbnail size-thumbnail\" alt=\"Catedral Castro 2 klein\" \/><\/a>\r\n            <\/dt>\r\n                <dd class='gallery-caption'>\r\n                Cathedral Castro\r\n                <\/dd><\/dl><dl class='gallery-item'>\r\n            <dt class='gallery-icon'>\r\n                <a href='https:\/\/www.chile-reise.com\/wp-content\/uploads\/Dalcahue_1236_klein.jpg'><img loading=\"lazy\" decoding=\"async\" width=\"240\" height=\"140\" src=\"https:\/\/www.chile-reise.com\/wp-content\/uploads\/Dalcahue_1236_klein-240x140.jpg\" class=\"attachment-thumbnail size-thumbnail\" alt=\"Dalcahue 1236 klein\" \/><\/a>\r\n            <\/dt>\r\n                <dd class='gallery-caption'>\r\n                Dalcahue\r\n                <\/dd><\/dl><br style=\"clear: both\" \/>\r\n            <br style='clear: both;' \/>\r\n        <\/div>\n<div class=\"clear\"><\/div><div class=\"divider\"><\/div>\n<p><strong>Art der Reise:<\/strong> Kultur<br \/>\n<strong>Dauer:<\/strong> 1 Tag<\/p>\n\n\t<script type=\"text\/javascript\">\tjQuery(document).ready(function($){\tjQuery(\"ul.tabs-nav\").tabs(\"> .pane\"); }); <\/script>\n\n\t\t<div class=\"post-tabs\">\n\t\t\n<ul class=\"tabs-nav\">\n<li>Tourverlauf<\/li>\n<\/ul>\n\n\t\t<div class=\"pane\">\n\t\t\nDieser Tagesausflug startet fr\u00fch am Morgen in Richtung S\u00fcden nach Pargua, von wo aus Sie auf einer F\u00e4hre zur Insel Chilo\u00e9 \u00fcbersetzen, einer Insel voller Mythen, Legenden und ganz besonderer Menschen. Auf der Insel angekommen, fahren Sie zun\u00e4chst in die Inselhauptstadt Castro. Hier werden Sie die Plaza de Armas und die mutig, lila-orange gestrichene Kathedrale besichtigen. Am Hafen werden Sie den gr\u00f6\u00dften Kunsthandwerkermarkt der Insel besuchen. Castro ist f\u00fcr seine Palafitos bekannt, H\u00e4user, die auf Pf\u00e4hlen \u00fcber dem Wasser gebaut sind. Es gibt verschiedene Erkl\u00e4rungen f\u00fcr diese Tradition, doch die Einleuchtendste ist vielleicht die einfache Tatsache, dass fr\u00fche Siedler versuchten, Steuern zu sparen, denn der Meeresgrund geh\u00f6rte bekanntlich jedermann.<br \/>\nDanach fahren Sie weiter in das Fischerdorf Dalcahue, wo Sie Zeit zum Spazieren und Erkunden haben. Der Sonntagsmarkt in Dalcahue ist eine Mischung aus Fisch- und Gem\u00fcsemarkt. Lokales Kunsthandwerk wird von einheimischen H\u00e4ndlern angepriesen und nebenan kaufen die Chilotes ein. Dalcahue ist der Knotenpunkt f\u00fcr viele kleinere, vor der K\u00fcste liegende Inseln und Fischerd\u00f6rfer. Es gew\u00e4hrt einen Einblick in das traditionelle Leben auf Chilo\u00e9 mit seinen Schindelh\u00e4usern und den bunten Fischerbooten, von denen riesige, rote Krebse entladen werden. Am sp\u00e4ten Nachmittag R\u00fcckfahrt nach Puerto Varas<br \/>\n\n\t\t<\/div>\n\t\n\n\t\t<\/div>\n\t<\/p>","protected":false},"excerpt":{"rendered":"<p>Art der Reise: Kultur Dauer: 1 Tag<\/p>\n","protected":false},"author":3,"featured_media":0,"parent":101,"menu_order":0,"comment_status":"open","ping_status":"open","template":"","meta":{"slim_seo":{"title":"Castro und Dalcahue Castro and Dalcahue - travelArt","description":"Palafitos in Castro Cathedral Castro Dalcahue Art der Reise: Kultur Dauer: 1 Tag Tourverlauf Dieser Tagesausflug startet fr\u00fch am Morgen in Richtung S\u00fcden nach P"},"footnotes":""},"class_list":["post-2465","page","type-page","status-publish","hentry"],"_links":{"self":[{"href":"https:\/\/www.chile-reise.com\/de\/wp-json\/wp\/v2\/pages\/2465","targetHints":{"allow":["GET"]}}],"collection":[{"href":"https:\/\/www.chile-reise.com\/de\/wp-json\/wp\/v2\/pages"}],"about":[{"href":"https:\/\/www.chile-reise.com\/de\/wp-json\/wp\/v2\/types\/page"}],"author":[{"embeddable":true,"href":"https:\/\/www.chile-reise.com\/de\/wp-json\/wp\/v2\/users\/3"}],"replies":[{"embeddable":true,"href":"https:\/\/www.chile-reise.com\/de\/wp-json\/wp\/v2\/comments?post=2465"}],"version-history":[{"count":0,"href":"https:\/\/www.chile-reise.com\/de\/wp-json\/wp\/v2\/pages\/2465\/revisions"}],"up":[{"embeddable":true,"href":"https:\/\/www.chile-reise.com\/de\/wp-json\/wp\/v2\/pages\/101"}],"wp:attachment":[{"href":"https:\/\/www.chile-reise.com\/de\/wp-json\/wp\/v2\/media?parent=2465"}],"curies":[{"name":"wp","href":"https:\/\/api.w.org\/{rel}","templated":true}]}}