{"id":2463,"date":"2013-08-30T00:52:43","date_gmt":"2013-08-29T22:52:43","guid":{"rendered":"http:\/\/www.chile-reise.com\/wordpress\/?page_id=2463"},"modified":"2014-06-10T21:26:19","modified_gmt":"2014-06-10T19:26:19","slug":"ancud-und-die-pinguinkolonie-punihuil","status":"publish","type":"page","link":"https:\/\/www.chile-reise.com\/de\/packages-daytrips\/seengebiet\/ancud-und-die-pinguinkolonie-punihuil\/","title":{"rendered":"Ancud und die Pinguinkolonie Pu\u00f1ihuil"},"content":{"rendered":"<p>\r\n        <style type='text\/css'>\r\n            #gallery-1 {\r\n                margin: auto;\r\n            }\r\n            #gallery-1 .gallery-item {\r\n                float: left;\r\n                margin-top: 10px;\r\n                text-align: center;\r\n                width: 33%;           }\r\n            #gallery-1 img {\r\n                border: 2px solid #cfcfcf;\r\n            }\r\n            #gallery-1 .gallery-caption {\r\n                margin-left: 0;\r\n            }\r\n        <\/style>\r\n        <!-- see gallery_shortcode() in wp-includes\/media.php -->\r\n        <div id='gallery-1' class='gallery-images gallery galleryid-2463'><dl class='gallery-item'>\r\n            <dt class='gallery-icon'>\r\n                <a href='https:\/\/www.chile-reise.com\/wp-content\/uploads\/Ancud1_klein.jpg'><img loading=\"lazy\" decoding=\"async\" width=\"240\" height=\"140\" src=\"https:\/\/www.chile-reise.com\/wp-content\/uploads\/Ancud1_klein-240x140.jpg\" class=\"attachment-thumbnail size-thumbnail\" alt=\"Ancud1 klein\" \/><\/a>\r\n            <\/dt>\r\n                <dd class='gallery-caption'>\r\n                Ancud\r\n                <\/dd><\/dl><dl class='gallery-item'>\r\n            <dt class='gallery-icon'>\r\n                <a href='https:\/\/www.chile-reise.com\/wp-content\/uploads\/Penguins-at-Pu\u00f1ihuil_Chilo\u00e9_klein1.jpeg'><img loading=\"lazy\" decoding=\"async\" width=\"240\" height=\"140\" src=\"https:\/\/www.chile-reise.com\/wp-content\/uploads\/Penguins-at-Pu\u00f1ihuil_Chilo\u00e9_klein1-240x140.jpeg\" class=\"attachment-thumbnail size-thumbnail\" alt=\"Penguins at Pu\u00f1ihuil Chilo\u00e9 klein\" \/><\/a>\r\n            <\/dt>\r\n                <dd class='gallery-caption'>\r\n                Penguin Colony Pu\u00f1ihuil\r\n                <\/dd><\/dl><dl class='gallery-item'>\r\n            <dt class='gallery-icon'>\r\n                <a href='https:\/\/www.chile-reise.com\/wp-content\/uploads\/Pu\u00f1ihuil_klein1.jpg'><img loading=\"lazy\" decoding=\"async\" width=\"240\" height=\"140\" src=\"https:\/\/www.chile-reise.com\/wp-content\/uploads\/Pu\u00f1ihuil_klein1-240x140.jpg\" class=\"attachment-thumbnail size-thumbnail\" alt=\"Pu\u00f1ihuil klein\" \/><\/a>\r\n            <\/dt>\r\n                <dd class='gallery-caption'>\r\n                Pu\u00f1ihuil\r\n                <\/dd><\/dl><br style=\"clear: both\" \/>\r\n            <br style='clear: both;' \/>\r\n        <\/div>\n<div class=\"clear\"><\/div><div class=\"divider\"><\/div>\n<p><strong>Art der Reise:<\/strong> Natur<br \/>\n<strong>Dauer:<\/strong> 1 Tag<\/p>\n\n\t<script type=\"text\/javascript\">\tjQuery(document).ready(function($){\tjQuery(\"ul.tabs-nav\").tabs(\"> .pane\"); }); <\/script>\n\n\t\t<div class=\"post-tabs\">\n\t\t\n<ul class=\"tabs-nav\">\n<li>Tourverlauf<\/li>\n<li>Ausr\u00fcstung<\/li>\n<\/ul>\n\n\t\t<div class=\"pane\">\n\t\t\nDieser Tagesausflug startet fr\u00fch am Morgen in Richtung S\u00fcden nach Pargua, von wo aus Sie auf einer F\u00e4hre zur Insel Chilo\u00e9 \u00fcbersetzen, einer Insel voller Mythen, Legenden und ganz besonderer Menschen. Ihr erster Stopp auf der Insel wird die Bucht Caul\u00edn sein, wo man im Sommer Schwarzhalsschw\u00e4ne und andere V\u00f6gel beobachten kann. N\u00e4chste Station ist Ancud, die n\u00f6rdlichste Stadt und fr\u00fcheren Hauptstadt der Insel. In diesem Ort mit den typischen bunten Schindelh\u00e4usschen und Fischerbooten, dem Fischerhafen und dem Markt bekommen Sie einen kurzen Einblick in die Lebensweise der Inselbewohner, die in Chile \u201eChilotes\u201c genannt werden. Festungen aus der Zeit des Unabh\u00e4ngigkeitskampfes werden hier ebenfalls besichtigt.<br \/>\nVon Ancud aus fahren Sie weiter entlang der n\u00f6rdlichen K\u00fcste Chilo\u00e9s bis Pu\u00f1ihuil. Wenn das Wetter es zul\u00e4sst, fahren Sie mit einem kleinen Boot zu den Felsen hinaus, auf denen die Pinguine w\u00e4hrend der Brutzeit nisten. Pu\u00f1ihuil ist eine der wenigen Pinguinkolonien, wo Magellan- und Humboldt-Pinguine zusammen leben. Am Abend R\u00fcckfahrt nach Puerto Varas.<br \/>\n\n\t\t<\/div>\n\t\n\n\t\t<div class=\"pane\">\n\t\t\nRettungswesten werden gestellt.<br \/>\n\n\t\t<\/div>\n\t\n\n\t\t<\/div>\n\t<\/p>","protected":false},"excerpt":{"rendered":"<p>Art der Reise: Natur Dauer: 1 Tag<\/p>\n","protected":false},"author":3,"featured_media":0,"parent":101,"menu_order":0,"comment_status":"open","ping_status":"open","template":"","meta":{"slim_seo":{"title":"Ancud und die Pinguinkolonie Pu\u00f1ihuil Ancud and to the Pu\u00f1ihuil Penguin Colony - travelArt","description":"Ancud Penguin Colony Pu\u00f1ihuil Pu\u00f1ihuil Art der Reise: Natur Dauer: 1 Tag Tourverlauf Ausr\u00fcstung Dieser Tagesausflug startet fr\u00fch am Morgen in Richtung S\u00fcden nac"},"footnotes":""},"class_list":["post-2463","page","type-page","status-publish","hentry"],"_links":{"self":[{"href":"https:\/\/www.chile-reise.com\/de\/wp-json\/wp\/v2\/pages\/2463","targetHints":{"allow":["GET"]}}],"collection":[{"href":"https:\/\/www.chile-reise.com\/de\/wp-json\/wp\/v2\/pages"}],"about":[{"href":"https:\/\/www.chile-reise.com\/de\/wp-json\/wp\/v2\/types\/page"}],"author":[{"embeddable":true,"href":"https:\/\/www.chile-reise.com\/de\/wp-json\/wp\/v2\/users\/3"}],"replies":[{"embeddable":true,"href":"https:\/\/www.chile-reise.com\/de\/wp-json\/wp\/v2\/comments?post=2463"}],"version-history":[{"count":0,"href":"https:\/\/www.chile-reise.com\/de\/wp-json\/wp\/v2\/pages\/2463\/revisions"}],"up":[{"embeddable":true,"href":"https:\/\/www.chile-reise.com\/de\/wp-json\/wp\/v2\/pages\/101"}],"wp:attachment":[{"href":"https:\/\/www.chile-reise.com\/de\/wp-json\/wp\/v2\/media?parent=2463"}],"curies":[{"name":"wp","href":"https:\/\/api.w.org\/{rel}","templated":true}]}}