{"id":2461,"date":"2013-08-30T00:42:55","date_gmt":"2013-08-29T22:42:55","guid":{"rendered":"http:\/\/www.chile-reise.com\/wordpress\/?page_id=2461"},"modified":"2014-06-12T21:57:56","modified_gmt":"2014-06-12T19:57:56","slug":"idylle-am-reloncavi-fjord","status":"publish","type":"page","link":"https:\/\/www.chile-reise.com\/de\/packages-daytrips\/seengebiet\/idylle-am-reloncavi-fjord\/","title":{"rendered":"Idylle am Reloncav\u00ed-Fjord"},"content":{"rendered":"<p>\r\n        <style type='text\/css'>\r\n            #gallery-1 {\r\n                margin: auto;\r\n            }\r\n            #gallery-1 .gallery-item {\r\n                float: left;\r\n                margin-top: 10px;\r\n                text-align: center;\r\n                width: 33%;           }\r\n            #gallery-1 img {\r\n                border: 2px solid #cfcfcf;\r\n            }\r\n            #gallery-1 .gallery-caption {\r\n                margin-left: 0;\r\n            }\r\n        <\/style>\r\n        <!-- see gallery_shortcode() in wp-includes\/media.php -->\r\n        <div id='gallery-1' class='gallery-images gallery galleryid-2461'><dl class='gallery-item'>\r\n            <dt class='gallery-icon'>\r\n                <a href='https:\/\/www.chile-reise.com\/wp-content\/uploads\/Estuario-del-Reloncavi4.jpg'><img loading=\"lazy\" decoding=\"async\" width=\"240\" height=\"140\" src=\"https:\/\/www.chile-reise.com\/wp-content\/uploads\/Estuario-del-Reloncavi4-240x140.jpg\" class=\"attachment-thumbnail size-thumbnail\" alt=\"Estuario del Reloncavi4\" \/><\/a>\r\n            <\/dt>\r\n                <dd class='gallery-caption'>\r\n                Reloncav\u00ed Sound\r\n                <\/dd><\/dl><dl class='gallery-item'>\r\n            <dt class='gallery-icon'>\r\n                <a href='https:\/\/www.chile-reise.com\/wp-content\/uploads\/Estuario-del-Reloncavi5.jpg'><img loading=\"lazy\" decoding=\"async\" width=\"240\" height=\"140\" src=\"https:\/\/www.chile-reise.com\/wp-content\/uploads\/Estuario-del-Reloncavi5-240x140.jpg\" class=\"attachment-thumbnail size-thumbnail\" alt=\"Estuario del Reloncavi5\" srcset=\"https:\/\/www.chile-reise.com\/wp-content\/uploads\/Estuario-del-Reloncavi5-240x140.jpg 240w, https:\/\/www.chile-reise.com\/wp-content\/uploads\/Estuario-del-Reloncavi5-562x330.jpg 562w, https:\/\/www.chile-reise.com\/wp-content\/uploads\/Estuario-del-Reloncavi5.jpg 580w\" sizes=\"auto, (max-width: 240px) 100vw, 240px\" \/><\/a>\r\n            <\/dt>\r\n                <dd class='gallery-caption'>\r\n                Reloncav\u00ed Sound\r\n                <\/dd><\/dl><dl class='gallery-item'>\r\n            <dt class='gallery-icon'>\r\n                <a href='https:\/\/www.chile-reise.com\/wp-content\/uploads\/Estuario-del-Reloncavi6.jpg'><img loading=\"lazy\" decoding=\"async\" width=\"240\" height=\"140\" src=\"https:\/\/www.chile-reise.com\/wp-content\/uploads\/Estuario-del-Reloncavi6-240x140.jpg\" class=\"attachment-thumbnail size-thumbnail\" alt=\"Estuario del Reloncavi6\" srcset=\"https:\/\/www.chile-reise.com\/wp-content\/uploads\/Estuario-del-Reloncavi6-240x140.jpg 240w, https:\/\/www.chile-reise.com\/wp-content\/uploads\/Estuario-del-Reloncavi6-562x330.jpg 562w, https:\/\/www.chile-reise.com\/wp-content\/uploads\/Estuario-del-Reloncavi6.jpg 580w\" sizes=\"auto, (max-width: 240px) 100vw, 240px\" \/><\/a>\r\n            <\/dt>\r\n                <dd class='gallery-caption'>\r\n                Reloncav\u00ed Sound\r\n                <\/dd><\/dl><br style=\"clear: both\" \/>\r\n            <br style='clear: both;' \/>\r\n        <\/div>\n<div class=\"clear\"><\/div><div class=\"divider\"><\/div>\n<p><strong>Art der Reise:<\/strong> Kultur \/ Natur<br \/>\n<strong>Dauer:<\/strong> 1 Tag<\/p>\n\n\t<script type=\"text\/javascript\">\tjQuery(document).ready(function($){\tjQuery(\"ul.tabs-nav\").tabs(\"> .pane\"); }); <\/script>\n\n\t\t<div class=\"post-tabs\">\n\t\t\n<ul class=\"tabs-nav\">\n<li>Tourverlauf<\/li>\n<\/ul>\n\n\t\t<div class=\"pane\">\n\t\t\nSie fahren entlang des s\u00fcdlichen Ufers des Llanquihue-Sees bis zu dem kleinen Ort Ensenada. Von dort aus geht es auf einer idyllischen Panoramastra\u00dfe weiter in s\u00fcdw\u00e4rts zum Reloncav\u00ed-Fjord. Unterwegs liegen klei-ne Holzh\u00e4uschen wie bunte Farbtupfer in der gr\u00fcnen Landschaft, an den flachen Ufern des Fjordes grasen K\u00fche, und Seev\u00f6gel kreisen am Himmel \u2013 ein Panorama wie aus dem Bilderbuch! Ziel der Fahrt ist das Dorf Cocham\u00f3, dessen kleine Holzkirche aus Alerce-Holz ein weiteres Schmuckst\u00fcck in der Fjordlandschaft ist. Die Zeit scheint hier stillzustehen: Das Leben geht einen geruhsamen Gang und Pferde sind noch immer ein gebr\u00e4uchliches Fortbewegungsmittel. Am sp\u00e4ten Nachmittag R\u00fcckfahrt nach Puerto Varas.<br \/>\n\n\t\t<\/div>\n\t\n\n\t\t<\/div>\n\t<\/p>","protected":false},"excerpt":{"rendered":"<p>Art der Reise: Kultur \/ Natur Dauer: 1 Tag<\/p>\n","protected":false},"author":3,"featured_media":0,"parent":101,"menu_order":0,"comment_status":"open","ping_status":"open","template":"","meta":{"slim_seo":{"title":"Idylle am Reloncav\u00ed-Fjord Idyll by the Reloncav\u00ed Fjord - travelArt","description":"Reloncav\u00ed Sound Reloncav\u00ed Sound Reloncav\u00ed Sound Art der Reise: Kultur \/ Natur Dauer: 1 Tag Tourverlauf Sie fahren entlang des s\u00fcdlichen Ufers des Llanquihue-See"},"footnotes":""},"class_list":["post-2461","page","type-page","status-publish","hentry"],"_links":{"self":[{"href":"https:\/\/www.chile-reise.com\/de\/wp-json\/wp\/v2\/pages\/2461","targetHints":{"allow":["GET"]}}],"collection":[{"href":"https:\/\/www.chile-reise.com\/de\/wp-json\/wp\/v2\/pages"}],"about":[{"href":"https:\/\/www.chile-reise.com\/de\/wp-json\/wp\/v2\/types\/page"}],"author":[{"embeddable":true,"href":"https:\/\/www.chile-reise.com\/de\/wp-json\/wp\/v2\/users\/3"}],"replies":[{"embeddable":true,"href":"https:\/\/www.chile-reise.com\/de\/wp-json\/wp\/v2\/comments?post=2461"}],"version-history":[{"count":0,"href":"https:\/\/www.chile-reise.com\/de\/wp-json\/wp\/v2\/pages\/2461\/revisions"}],"up":[{"embeddable":true,"href":"https:\/\/www.chile-reise.com\/de\/wp-json\/wp\/v2\/pages\/101"}],"wp:attachment":[{"href":"https:\/\/www.chile-reise.com\/de\/wp-json\/wp\/v2\/media?parent=2461"}],"curies":[{"name":"wp","href":"https:\/\/api.w.org\/{rel}","templated":true}]}}