{"id":246,"date":"2013-07-02T23:34:13","date_gmt":"2013-07-02T21:34:13","guid":{"rendered":"http:\/\/www.chile-reise.com\/wordpress\/?page_id=246"},"modified":"2015-06-10T17:50:31","modified_gmt":"2015-06-10T15:50:31","slug":"hotel-radisson-iquique","status":"publish","type":"page","link":"https:\/\/www.chile-reise.com\/de\/hotels\/altiplano\/hotel-radisson-iquique\/","title":{"rendered":"NH Hotel Iquique ****"},"content":{"rendered":"<p>\r\n        <style type='text\/css'>\r\n            #gallery-1 {\r\n                margin: auto;\r\n            }\r\n            #gallery-1 .gallery-item {\r\n                float: left;\r\n                margin-top: 10px;\r\n                text-align: center;\r\n                width: 33%;           }\r\n            #gallery-1 img {\r\n                border: 2px solid #cfcfcf;\r\n            }\r\n            #gallery-1 .gallery-caption {\r\n                margin-left: 0;\r\n            }\r\n        <\/style>\r\n        <!-- see gallery_shortcode() in wp-includes\/media.php -->\r\n        <div id='gallery-1' class='gallery-images gallery galleryid-246'><dl class='gallery-item'>\r\n            <dt class='gallery-icon'>\r\n                <a href='https:\/\/www.chile-reise.com\/wp-content\/uploads\/Radisson-Iquique.jpg'><img loading=\"lazy\" decoding=\"async\" width=\"240\" height=\"140\" src=\"https:\/\/www.chile-reise.com\/wp-content\/uploads\/Radisson-Iquique-240x140.jpg\" class=\"attachment-thumbnail size-thumbnail\" alt=\"Radisson Iquique\" \/><\/a>\r\n            <\/dt>\r\n                <dd class='gallery-caption'>\r\n                Radisson Iquique\r\n                <\/dd><\/dl><dl class='gallery-item'>\r\n            <dt class='gallery-icon'>\r\n                <a href='https:\/\/www.chile-reise.com\/wp-content\/uploads\/Radisson-Iquique-Room.jpg'><img loading=\"lazy\" decoding=\"async\" width=\"240\" height=\"140\" src=\"https:\/\/www.chile-reise.com\/wp-content\/uploads\/Radisson-Iquique-Room-240x140.jpg\" class=\"attachment-thumbnail size-thumbnail\" alt=\"Radisson Iquique Room\" \/><\/a>\r\n            <\/dt>\r\n                <dd class='gallery-caption'>\r\n                Radisson Iquique Room\r\n                <\/dd><\/dl><dl class='gallery-item'>\r\n            <dt class='gallery-icon'>\r\n                <a href='https:\/\/www.chile-reise.com\/wp-content\/uploads\/Radisson-Iquique-Pool.jpg'><img loading=\"lazy\" decoding=\"async\" width=\"240\" height=\"140\" src=\"https:\/\/www.chile-reise.com\/wp-content\/uploads\/Radisson-Iquique-Pool-240x140.jpg\" class=\"attachment-thumbnail size-thumbnail\" alt=\"Radisson Iquique Pool\" \/><\/a>\r\n            <\/dt>\r\n                <dd class='gallery-caption'>\r\n                Radisson Iquique Pool\r\n                <\/dd><\/dl><br style=\"clear: both\" \/>\r\n            <br style='clear: both;' \/>\r\n        <\/div>\n\n<div class=\"clear\"><\/div><div class=\"divider\"><\/div>\n<p>Das elegante NH Hotel Iquique ist ideal am Meer gelegen, bei den Str\u00e4nden Playa Brava und Playa Cavancha und ganz in der N\u00e4he des Gesch\u00e4ftsviertels von Iquique. Die modern eingerichteten Zimmer sind gut ausgestattet, hell und ger\u00e4umig und blicken entweder auf das Meer oder die W\u00fcste. Ein gro\u00dfes Schwimmbecken direkt am Meer l\u00e4dt dazu ein, den nordchilenischen Sommer zu genie\u00dfen. Das Hotelrestaurant Brick serviert gute internationale K\u00fcche in modernem Ambiente mit Blick aufs Meer.<\/p>\n<p><strong>Zimmer:<\/strong> 78<br \/>\n<strong>Ausstattung:<\/strong> Klimaanlage, Telefon, Minibar, Kabel-TV, Zimmersafe, B\u00fcgeleisen und -brett, Restaurant, Bar, Konferenzr\u00e4ume, Garten, Terasse, gro\u00dfes Au\u00dfenschwimmbecken, W\u00e4scheservice, Parkpl\u00e4tze<br \/>\n<strong>Internet:<\/strong> Wi-Fi <\/p>","protected":false},"excerpt":{"rendered":"<p>Das elegante NH Hotel Iquique ist ideal am Meer gelegen, bei den Str\u00e4nden Playa Brava und Playa Cavancha und ganz in der N\u00e4he des Gesch\u00e4ftsviertels von Iquique. Die modern eingerichteten Zimmer sind gut ausgestattet, hell und ger\u00e4umig und blicken entweder &#8230;<\/p>\n","protected":false},"author":16,"featured_media":0,"parent":198,"menu_order":0,"comment_status":"open","ping_status":"open","template":"","meta":{"slim_seo":{"title":"NH Hotel Iquique **** NH Hotel Iquique **** - travelArt","description":"Radisson Iquique Radisson Iquique Room Radisson Iquique Pool Das elegante NH Hotel Iquique ist ideal am Meer gelegen, bei den Str\u00e4nden Playa Brava und Playa Cav"},"footnotes":""},"class_list":["post-246","page","type-page","status-publish","hentry"],"_links":{"self":[{"href":"https:\/\/www.chile-reise.com\/de\/wp-json\/wp\/v2\/pages\/246","targetHints":{"allow":["GET"]}}],"collection":[{"href":"https:\/\/www.chile-reise.com\/de\/wp-json\/wp\/v2\/pages"}],"about":[{"href":"https:\/\/www.chile-reise.com\/de\/wp-json\/wp\/v2\/types\/page"}],"author":[{"embeddable":true,"href":"https:\/\/www.chile-reise.com\/de\/wp-json\/wp\/v2\/users\/16"}],"replies":[{"embeddable":true,"href":"https:\/\/www.chile-reise.com\/de\/wp-json\/wp\/v2\/comments?post=246"}],"version-history":[{"count":0,"href":"https:\/\/www.chile-reise.com\/de\/wp-json\/wp\/v2\/pages\/246\/revisions"}],"up":[{"embeddable":true,"href":"https:\/\/www.chile-reise.com\/de\/wp-json\/wp\/v2\/pages\/198"}],"wp:attachment":[{"href":"https:\/\/www.chile-reise.com\/de\/wp-json\/wp\/v2\/media?parent=246"}],"curies":[{"name":"wp","href":"https:\/\/api.w.org\/{rel}","templated":true}]}}