{"id":2458,"date":"2013-08-30T00:38:27","date_gmt":"2013-08-29T22:38:27","guid":{"rendered":"http:\/\/www.chile-reise.com\/wordpress\/?page_id=2458"},"modified":"2014-03-14T21:30:57","modified_gmt":"2014-03-14T19:30:57","slug":"rundfahrt-um-den-llanquihue-see","status":"publish","type":"page","link":"https:\/\/www.chile-reise.com\/de\/packages-daytrips\/seengebiet\/rundfahrt-um-den-llanquihue-see\/","title":{"rendered":"Rundfahrt um den Llanquihue-See"},"content":{"rendered":"<p>\r\n        <style type='text\/css'>\r\n            #gallery-1 {\r\n                margin: auto;\r\n            }\r\n            #gallery-1 .gallery-item {\r\n                float: left;\r\n                margin-top: 10px;\r\n                text-align: center;\r\n                width: 33%;           }\r\n            #gallery-1 img {\r\n                border: 2px solid #cfcfcf;\r\n            }\r\n            #gallery-1 .gallery-caption {\r\n                margin-left: 0;\r\n            }\r\n        <\/style>\r\n        <!-- see gallery_shortcode() in wp-includes\/media.php -->\r\n        <div id='gallery-1' class='gallery-images gallery galleryid-2458'><dl class='gallery-item'>\r\n            <dt class='gallery-icon'>\r\n                <a href='https:\/\/www.chile-reise.com\/wp-content\/uploads\/Hotel-Patag\u00f3nico-Vista-ciudad-Puerto-Varas_klein.jpg'><img loading=\"lazy\" decoding=\"async\" width=\"240\" height=\"140\" src=\"https:\/\/www.chile-reise.com\/wp-content\/uploads\/Hotel-Patag\u00f3nico-Vista-ciudad-Puerto-Varas_klein-240x140.jpg\" class=\"attachment-thumbnail size-thumbnail\" alt=\"Hotel Patag\u00f3nico Vista ciudad Puerto Varas klein\" \/><\/a>\r\n            <\/dt>\r\n                <dd class='gallery-caption'>\r\n                Lake Llanquihue\r\n                <\/dd><\/dl><dl class='gallery-item'>\r\n            <dt class='gallery-icon'>\r\n                <a href='https:\/\/www.chile-reise.com\/wp-content\/uploads\/Frutillar_klein.jpg'><img loading=\"lazy\" decoding=\"async\" width=\"240\" height=\"140\" src=\"https:\/\/www.chile-reise.com\/wp-content\/uploads\/Frutillar_klein-240x140.jpg\" class=\"attachment-thumbnail size-thumbnail\" alt=\"Frutillar klein\" \/><\/a>\r\n            <\/dt>\r\n                <dd class='gallery-caption'>\r\n                Frutillar\r\n                <\/dd><\/dl>\r\n            <br style='clear: both;' \/>\r\n        <\/div>\n<div class=\"clear\"><\/div><div class=\"divider\"><\/div>\n<p><strong>Art der Reise:<\/strong> Kultur \/ Natur<br \/>\n<strong>Dauer:<\/strong> 1 Tag<\/p>\n\n\t<script type=\"text\/javascript\">\tjQuery(document).ready(function($){\tjQuery(\"ul.tabs-nav\").tabs(\"> .pane\"); }); <\/script>\n\n\t\t<div class=\"post-tabs\">\n\t\t\n<ul class=\"tabs-nav\">\n<li>Tourverlauf<\/li>\n<\/ul>\n\n\t\t<div class=\"pane\">\n\t\t\nBei diesem Ausflug werden Sie den Llanquihue See, umrunden. Mit mehr als 870 km2 ist er der zweitg\u00f6\u00dfte See Chiles. Von Puerto Varas aus geht die Fahrt zun\u00e4chst entlang des s\u00fcdlichen Ufers des Lago Llanquihue bis zu dem kleinen Ort Ensenada, von wo aus sie eine wunderbare Sicht auf die drei Vulkane Puntiagudo, Osorno und Calbuco haben. Nur ein kleines St\u00fcck n\u00f6rdlich von Ensenada halten Sie an der Laguna Verde, der \u201egr\u00fcnen Lagune\u201c. Diese von Wald umgebene Bucht im Llanquihue-See verdankt ihren Namen der intensiv gr\u00fcnen F\u00e4rbung ihres Wassers. Sie setzen die Fahrt um den See fort; zwischendurch k\u00f6nnen Sie ein St\u00fcck spazieren gehen und gelangen schlie\u00dflich in das Dorf Puerto Octay am Nordende des Sees. Von dort aus fahren Sie an der Westseite des Llanquihue Sees in Richtung Frutillar. Auf diesem Teil der Strecke werden Sie am Wegesrand sch\u00f6ne Holzh\u00e4user aus der Zeit der deutschen Einwanderer sehen. In Frutillar erwecken die liebevoll restaurierten H\u00e4user mit ihrem leuchtenden Blumenschmuck den Eindruck, als h\u00e4tten Sie eine Zeitreise in die Vergangenheit unternommen. Hier werden Sie das interessante Freilichtmuseum mit restaurierten Kolonialh\u00e4usern und M\u00f6beln aus der fr\u00fchen deutschen Besiedlungsperiode besichtigen. Danach kehren Sie nach Puerto Varas zur\u00fcck.<br \/>\n\n\t\t<\/div>\n\t\n\n\t\t<\/div>\n\t<\/p>","protected":false},"excerpt":{"rendered":"<p>Art der Reise: Kultur \/ Natur Dauer: 1 Tag<\/p>\n","protected":false},"author":3,"featured_media":0,"parent":101,"menu_order":0,"comment_status":"open","ping_status":"open","template":"","meta":{"slim_seo":{"title":"Rundfahrt um den Llanquihue-See Lake Llanquihe Round Trip - travelArt","description":"Lake Llanquihue Frutillar Art der Reise: Kultur \/ Natur Dauer: 1 Tag Tourverlauf Bei diesem Ausflug werden Sie den Llanquihue See, umrunden. Mit mehr als 870 km"},"footnotes":""},"class_list":["post-2458","page","type-page","status-publish","hentry"],"_links":{"self":[{"href":"https:\/\/www.chile-reise.com\/de\/wp-json\/wp\/v2\/pages\/2458","targetHints":{"allow":["GET"]}}],"collection":[{"href":"https:\/\/www.chile-reise.com\/de\/wp-json\/wp\/v2\/pages"}],"about":[{"href":"https:\/\/www.chile-reise.com\/de\/wp-json\/wp\/v2\/types\/page"}],"author":[{"embeddable":true,"href":"https:\/\/www.chile-reise.com\/de\/wp-json\/wp\/v2\/users\/3"}],"replies":[{"embeddable":true,"href":"https:\/\/www.chile-reise.com\/de\/wp-json\/wp\/v2\/comments?post=2458"}],"version-history":[{"count":0,"href":"https:\/\/www.chile-reise.com\/de\/wp-json\/wp\/v2\/pages\/2458\/revisions"}],"up":[{"embeddable":true,"href":"https:\/\/www.chile-reise.com\/de\/wp-json\/wp\/v2\/pages\/101"}],"wp:attachment":[{"href":"https:\/\/www.chile-reise.com\/de\/wp-json\/wp\/v2\/media?parent=2458"}],"curies":[{"name":"wp","href":"https:\/\/api.w.org\/{rel}","templated":true}]}}