{"id":2456,"date":"2013-08-30T00:33:13","date_gmt":"2013-08-29T22:33:13","guid":{"rendered":"http:\/\/www.chile-reise.com\/wordpress\/?page_id=2456"},"modified":"2014-06-12T22:39:13","modified_gmt":"2014-06-12T20:39:13","slug":"katamaranfahrt-uber-den-todos-los-santos-see","status":"publish","type":"page","link":"https:\/\/www.chile-reise.com\/de\/packages-daytrips\/seengebiet\/katamaranfahrt-uber-den-todos-los-santos-see\/","title":{"rendered":"Katamaranfahrt \u00fcber den Todos los Santos-See"},"content":{"rendered":"<p>\r\n        <style type='text\/css'>\r\n            #gallery-1 {\r\n                margin: auto;\r\n            }\r\n            #gallery-1 .gallery-item {\r\n                float: left;\r\n                margin-top: 10px;\r\n                text-align: center;\r\n                width: 33%;           }\r\n            #gallery-1 img {\r\n                border: 2px solid #cfcfcf;\r\n            }\r\n            #gallery-1 .gallery-caption {\r\n                margin-left: 0;\r\n            }\r\n        <\/style>\r\n        <!-- see gallery_shortcode() in wp-includes\/media.php -->\r\n        <div id='gallery-1' class='gallery-images gallery galleryid-2456'><dl class='gallery-item'>\r\n            <dt class='gallery-icon'>\r\n                <a href='https:\/\/www.chile-reise.com\/wp-content\/uploads\/Catamar\u00e1n-Lagos-Andinos-En-Lago-todos-los-santos_klein.jpg'><img loading=\"lazy\" decoding=\"async\" width=\"240\" height=\"140\" src=\"https:\/\/www.chile-reise.com\/wp-content\/uploads\/Catamar\u00e1n-Lagos-Andinos-En-Lago-todos-los-santos_klein-240x140.jpg\" class=\"attachment-thumbnail size-thumbnail\" alt=\"Catamar\u00e1n Lagos Andinos En Lago todos los santos klein\" \/><\/a>\r\n            <\/dt>\r\n                <dd class='gallery-caption'>\r\n                Lake Todos los Santos\r\n                <\/dd><\/dl><dl class='gallery-item'>\r\n            <dt class='gallery-icon'>\r\n                <a href='https:\/\/www.chile-reise.com\/wp-content\/uploads\/Crossing-Lake-Todos-los-Santos_klein.jpg'><img loading=\"lazy\" decoding=\"async\" width=\"240\" height=\"140\" src=\"https:\/\/www.chile-reise.com\/wp-content\/uploads\/Crossing-Lake-Todos-los-Santos_klein-240x140.jpg\" class=\"attachment-thumbnail size-thumbnail\" alt=\"Crossing Lake Todos los Santos klein\" \/><\/a>\r\n            <\/dt>\r\n                <dd class='gallery-caption'>\r\n                Lake Todos los Santos\r\n                <\/dd><\/dl>\r\n            <br style='clear: both;' \/>\r\n        <\/div>\n<div class=\"clear\"><\/div><div class=\"divider\"><\/div>\n<p><strong>Art der Reise:<\/strong> Natur<br \/>\n<strong>Dauer:<\/strong> 1 Tag<\/p>\n\n\t<script type=\"text\/javascript\">\tjQuery(document).ready(function($){\tjQuery(\"ul.tabs-nav\").tabs(\"> .pane\"); }); <\/script>\n\n\t\t<div class=\"post-tabs\">\n\t\t\n<ul class=\"tabs-nav\">\n<li>Tourverlauf<\/li>\n<\/ul>\n\n\t\t<div class=\"pane\">\n\t\t\nMorgens brechen Sie zu einem ganzt\u00e4gigen Ausflug im Seengebiet um Puerto Varas auf. Die Fahrt geht entlang der Uferstra\u00dfe des Llanquihue Sees, von der aus sich sch\u00f6ne Ausblicke auf die Vulkane Osorno und Calbuco bieten.<br \/>\nDie erste Station des Tages sind die \u201eSaltos de Petrohue\u201c; eine Ansammlung von Stromschnellen und Wasserf\u00e4llen, die \u00fcber beeindruckende Formationen aus dem Lavagestein der umliegenden Vulkane tanzen. Das Wasser des Rio Petrohue selbst hat diese Felsen im Laufe von Jahrtausenden ausgewaschen und geformt.<br \/>\nAm Bootsanleger von Petrohue starten Sie eine zweist\u00fcndige Bootsfahrt \u00fcber den Todos-los-Santos-See. Der \u201eAllerheiligensee\u201c ist von hohen, dicht bewaldeten Bergen umgeben und der perfekt kegelf\u00f6rmige Vulkan Osorno bestimmt das Bild. Auf der Fahrt passieren Sie kleine Inseln, Wasserf\u00e4lle und den steil aufragenden Gipfel des Vulkans Puntiagudo. Ziel der Fahrt ist Peulla, im Herzen des Nationalparks Vicente Perez Rosales. Hier k\u00f6nnen Sie eine Wanderung durch dichten Valdivianischen Regenwald, zum Wasserfall \u201eCascada de la Novia\u201c unternehmen und bekommen viele der einheimischen B\u00e4ume und Pflanzen auf einem interessanten Naturlehrpfad erkl\u00e4rt. Am sp\u00e4ten Nachmittag fahren Sie wieder nach Petrohue zur\u00fcck und dann weiter mit dem Bus oder Auto nach Puerto Varas.<br \/>\n\n\t\t<\/div>\n\t\n\n\t\t<\/div>\n\t<\/p>","protected":false},"excerpt":{"rendered":"<p>Art der Reise: Natur Dauer: 1 Tag<\/p>\n","protected":false},"author":3,"featured_media":0,"parent":101,"menu_order":0,"comment_status":"open","ping_status":"open","template":"","meta":{"slim_seo":{"title":"Katamaranfahrt \u00fcber den Todos los Santos-See Catamaran Trip across Lake Todos los Santos - travelArt","description":"Lake Todos los Santos Lake Todos los Santos Art der Reise: Natur Dauer: 1 Tag Tourverlauf Morgens brechen Sie zu einem ganzt\u00e4gigen Ausflug im Seengebiet um Puer"},"footnotes":""},"class_list":["post-2456","page","type-page","status-publish","hentry"],"_links":{"self":[{"href":"https:\/\/www.chile-reise.com\/de\/wp-json\/wp\/v2\/pages\/2456","targetHints":{"allow":["GET"]}}],"collection":[{"href":"https:\/\/www.chile-reise.com\/de\/wp-json\/wp\/v2\/pages"}],"about":[{"href":"https:\/\/www.chile-reise.com\/de\/wp-json\/wp\/v2\/types\/page"}],"author":[{"embeddable":true,"href":"https:\/\/www.chile-reise.com\/de\/wp-json\/wp\/v2\/users\/3"}],"replies":[{"embeddable":true,"href":"https:\/\/www.chile-reise.com\/de\/wp-json\/wp\/v2\/comments?post=2456"}],"version-history":[{"count":0,"href":"https:\/\/www.chile-reise.com\/de\/wp-json\/wp\/v2\/pages\/2456\/revisions"}],"up":[{"embeddable":true,"href":"https:\/\/www.chile-reise.com\/de\/wp-json\/wp\/v2\/pages\/101"}],"wp:attachment":[{"href":"https:\/\/www.chile-reise.com\/de\/wp-json\/wp\/v2\/media?parent=2456"}],"curies":[{"name":"wp","href":"https:\/\/api.w.org\/{rel}","templated":true}]}}