{"id":2453,"date":"2013-08-30T00:20:34","date_gmt":"2013-08-29T22:20:34","guid":{"rendered":"http:\/\/www.chile-reise.com\/wordpress\/?page_id=2453"},"modified":"2014-03-14T21:35:10","modified_gmt":"2014-03-14T19:35:10","slug":"saltos-de-petrohue-und-vulkan-osorno","status":"publish","type":"page","link":"https:\/\/www.chile-reise.com\/de\/packages-daytrips\/seengebiet\/saltos-de-petrohue-und-vulkan-osorno\/","title":{"rendered":"Saltos de Petrohue und Vulkan Osorno"},"content":{"rendered":"<p>\r\n        <style type='text\/css'>\r\n            #gallery-1 {\r\n                margin: auto;\r\n            }\r\n            #gallery-1 .gallery-item {\r\n                float: left;\r\n                margin-top: 10px;\r\n                text-align: center;\r\n                width: 33%;           }\r\n            #gallery-1 img {\r\n                border: 2px solid #cfcfcf;\r\n            }\r\n            #gallery-1 .gallery-caption {\r\n                margin-left: 0;\r\n            }\r\n        <\/style>\r\n        <!-- see gallery_shortcode() in wp-includes\/media.php -->\r\n        <div id='gallery-1' class='gallery-images gallery galleryid-2453'><dl class='gallery-item'>\r\n            <dt class='gallery-icon'>\r\n                <a href='https:\/\/www.chile-reise.com\/wp-content\/uploads\/Saltos-de-Petrohue-with-Osorno-Volcanoe_klein.jpg'><img loading=\"lazy\" decoding=\"async\" width=\"240\" height=\"140\" src=\"https:\/\/www.chile-reise.com\/wp-content\/uploads\/Saltos-de-Petrohue-with-Osorno-Volcanoe_klein-240x140.jpg\" class=\"attachment-thumbnail size-thumbnail\" alt=\"Saltos de Petrohue with Osorno Volcanoe klein\" \/><\/a>\r\n            <\/dt>\r\n                <dd class='gallery-caption'>\r\n                Volcano Osorno\r\n                <\/dd><\/dl><dl class='gallery-item'>\r\n            <dt class='gallery-icon'>\r\n                <a href='https:\/\/www.chile-reise.com\/wp-content\/uploads\/Saltos-de-Petrohue_Calbuco_klein.jpg'><img loading=\"lazy\" decoding=\"async\" width=\"240\" height=\"140\" src=\"https:\/\/www.chile-reise.com\/wp-content\/uploads\/Saltos-de-Petrohue_Calbuco_klein-240x140.jpg\" class=\"attachment-thumbnail size-thumbnail\" alt=\"Saltos de Petrohue Calbuco klein\" \/><\/a>\r\n            <\/dt>\r\n                <dd class='gallery-caption'>\r\n                Saltos de Petrohue\r\n                <\/dd><\/dl>\r\n            <br style='clear: both;' \/>\r\n        <\/div>\n<div class=\"clear\"><\/div><div class=\"divider\"><\/div>\n<p><strong>Art der Reise:<\/strong> Natur<br \/>\n<strong>Dauer:<\/strong> 1 Tag<\/p>\n\n\t<script type=\"text\/javascript\">\tjQuery(document).ready(function($){\tjQuery(\"ul.tabs-nav\").tabs(\"> .pane\"); }); <\/script>\n\n\t\t<div class=\"post-tabs\">\n\t\t\n<ul class=\"tabs-nav\">\n<li>Tourverlauf<\/li>\n<\/ul>\n\n\t\t<div class=\"pane\">\n\t\t\nNach dem Fr\u00fchst\u00fcck brechen Sie zu einem ganzt\u00e4gigen Ausflug in die wundersch\u00f6ne Umgebung von Puerto Varas auf. Schon w\u00e4hrend der Fahrt entlang des Llanquihue Sees bieten sich beeindruckende Ausblicke auf die Vulkane Osorno und Calbuco. Die erste Station des Tages sind die wilden \u201eSaltos de Petrohue\u201c; eine Ansammlung von Stromschnellen und Wasserf\u00e4llen, die \u00fcber beeindruckende Formationen aus dem Lavagestein der umliegenden Vulkane tanzen. Das Wasser des Rio Petrohue selbst hat diese Felsen im Laufe von Jahrtausenden ausgewaschen und geformt.<br \/>\nVon dort auf fahren Sie den Vulkan Osorno hinauf (2.660 m). Diese Stra\u00dfe endet in 1.200 m H\u00f6he an einer Bergh\u00fctte \u2013 die Ausblicke von hier auf den sich riesig auft\u00fcrmenden Vulkan Osorno und die umliegenden Vulkane Calbuco, Antillanca, Tronador und den tiefblauen Llanquihue See sind unvergesslich. Auf den immensen Lavafeldern des Vulkans unternehmen Sie eine Wanderung \u2013 und verbessern mit jedem Meter gewonnener H\u00f6he den Panoramablick. Bei gutem Wetter k\u00f6nnen Sie die Landschaft auch bei einer Fahrt mit dem Sessellift genie\u00dfen (optional). Nachmittags R\u00fcckfahrt nach Puerto Varas.<br \/>\n\n\t\t<\/div>\n\t\n\n\t\t<\/div>\n\t<\/p>","protected":false},"excerpt":{"rendered":"<p>Art der Reise: Natur Dauer: 1 Tag<\/p>\n","protected":false},"author":3,"featured_media":0,"parent":101,"menu_order":0,"comment_status":"open","ping_status":"open","template":"","meta":{"slim_seo":{"title":"Saltos de Petrohue und Vulkan Osorno Saltos de Petrohue and the Osorno Volcano - travelArt","description":"Volcano Osorno Saltos de Petrohue Art der Reise: Natur Dauer: 1 Tag Tourverlauf Nach dem Fr\u00fchst\u00fcck brechen Sie zu einem ganzt\u00e4gigen Ausflug in die wundersch\u00f6ne"},"footnotes":""},"class_list":["post-2453","page","type-page","status-publish","hentry"],"_links":{"self":[{"href":"https:\/\/www.chile-reise.com\/de\/wp-json\/wp\/v2\/pages\/2453","targetHints":{"allow":["GET"]}}],"collection":[{"href":"https:\/\/www.chile-reise.com\/de\/wp-json\/wp\/v2\/pages"}],"about":[{"href":"https:\/\/www.chile-reise.com\/de\/wp-json\/wp\/v2\/types\/page"}],"author":[{"embeddable":true,"href":"https:\/\/www.chile-reise.com\/de\/wp-json\/wp\/v2\/users\/3"}],"replies":[{"embeddable":true,"href":"https:\/\/www.chile-reise.com\/de\/wp-json\/wp\/v2\/comments?post=2453"}],"version-history":[{"count":0,"href":"https:\/\/www.chile-reise.com\/de\/wp-json\/wp\/v2\/pages\/2453\/revisions"}],"up":[{"embeddable":true,"href":"https:\/\/www.chile-reise.com\/de\/wp-json\/wp\/v2\/pages\/101"}],"wp:attachment":[{"href":"https:\/\/www.chile-reise.com\/de\/wp-json\/wp\/v2\/media?parent=2453"}],"curies":[{"name":"wp","href":"https:\/\/api.w.org\/{rel}","templated":true}]}}