{"id":2449,"date":"2013-08-30T00:12:30","date_gmt":"2013-08-29T22:12:30","guid":{"rendered":"http:\/\/www.chile-reise.com\/wordpress\/?page_id=2449"},"modified":"2014-03-14T21:38:30","modified_gmt":"2014-03-14T19:38:30","slug":"auf-den-spuren-der-deutschen-einwanderer-frutillar","status":"publish","type":"page","link":"https:\/\/www.chile-reise.com\/de\/packages-daytrips\/seengebiet\/auf-den-spuren-der-deutschen-einwanderer-frutillar\/","title":{"rendered":"Auf den Spuren der deutschen Einwanderer &#8211; Frutillar"},"content":{"rendered":"<p>\r\n        <style type='text\/css'>\r\n            #gallery-1 {\r\n                margin: auto;\r\n            }\r\n            #gallery-1 .gallery-item {\r\n                float: left;\r\n                margin-top: 10px;\r\n                text-align: center;\r\n                width: 33%;           }\r\n            #gallery-1 img {\r\n                border: 2px solid #cfcfcf;\r\n            }\r\n            #gallery-1 .gallery-caption {\r\n                margin-left: 0;\r\n            }\r\n        <\/style>\r\n        <!-- see gallery_shortcode() in wp-includes\/media.php -->\r\n        <div id='gallery-1' class='gallery-images gallery galleryid-2449'><dl class='gallery-item'>\r\n            <dt class='gallery-icon'>\r\n                <a href='https:\/\/www.chile-reise.com\/wp-content\/uploads\/Frutillar_klein1.jpg'><img loading=\"lazy\" decoding=\"async\" width=\"240\" height=\"140\" src=\"https:\/\/www.chile-reise.com\/wp-content\/uploads\/Frutillar_klein1-240x140.jpg\" class=\"attachment-thumbnail size-thumbnail\" alt=\"Frutillar klein\" \/><\/a>\r\n            <\/dt>\r\n                <dd class='gallery-caption'>\r\n                Frutillar\r\n                <\/dd><\/dl><dl class='gallery-item'>\r\n            <dt class='gallery-icon'>\r\n                <a href='https:\/\/www.chile-reise.com\/wp-content\/uploads\/Frutillar-2_klein.jpg'><img loading=\"lazy\" decoding=\"async\" width=\"240\" height=\"140\" src=\"https:\/\/www.chile-reise.com\/wp-content\/uploads\/Frutillar-2_klein-240x140.jpg\" class=\"attachment-thumbnail size-thumbnail\" alt=\"Frutillar 2 klein\" \/><\/a>\r\n            <\/dt>\r\n                <dd class='gallery-caption'>\r\n                Frutillar\r\n                <\/dd><\/dl><dl class='gallery-item'>\r\n            <dt class='gallery-icon'>\r\n                <a href='https:\/\/www.chile-reise.com\/wp-content\/uploads\/Frutillar-6_klein.jpg'><img loading=\"lazy\" decoding=\"async\" width=\"240\" height=\"140\" src=\"https:\/\/www.chile-reise.com\/wp-content\/uploads\/Frutillar-6_klein-240x140.jpg\" class=\"attachment-thumbnail size-thumbnail\" alt=\"Frutillar (6) klein\" \/><\/a>\r\n            <\/dt>\r\n                <dd class='gallery-caption'>\r\n                Frutillar\r\n                <\/dd><\/dl><br style=\"clear: both\" \/><dl class='gallery-item'>\r\n            <dt class='gallery-icon'>\r\n                <a href='https:\/\/www.chile-reise.com\/wp-content\/uploads\/Frutillar2_klein.jpg'><img loading=\"lazy\" decoding=\"async\" width=\"240\" height=\"140\" src=\"https:\/\/www.chile-reise.com\/wp-content\/uploads\/Frutillar2_klein-240x140.jpg\" class=\"attachment-thumbnail size-thumbnail\" alt=\"Frutillar2 klein\" \/><\/a>\r\n            <\/dt>\r\n                <dd class='gallery-caption'>\r\n                Frutillar\r\n                <\/dd><\/dl>\r\n            <br style='clear: both;' \/>\r\n        <\/div>\n<div class=\"clear\"><\/div><div class=\"divider\"><\/div>\n<p><strong>Art der Reise:<\/strong> Kultur<br \/>\n<strong>Dauer:<\/strong> 1 Tag<\/p>\n\n\t<script type=\"text\/javascript\">\tjQuery(document).ready(function($){\tjQuery(\"ul.tabs-nav\").tabs(\"> .pane\"); }); <\/script>\n\n\t\t<div class=\"post-tabs\">\n\t\t\n<ul class=\"tabs-nav\">\n<li>Tourverlauf<\/li>\n<li>Anmerkungen<\/li>\n<\/ul>\n\n\t\t<div class=\"pane\">\n\t\t\nAuf dieser halbt\u00e4gigen  Exkursion zeigen wir Ihnen das am Ufer des Llanquihue Sees gelegene St\u00e4dtchen Frutillar. Die liebevoll restaurierten H\u00e4user aus der Kolonialzeit mit ihrem leuchtenden Blumenschmuck erwecken den Eindruck, als h\u00e4tten Sie eine Zeitreise in die Vergangenheit unternommen. In dem interessanten Freilichtmuseum sehen Sie restaurierte Kolonialh\u00e4user und M\u00f6bel aus der fr\u00fchen deutschen Besiedlungsperiode sowie eine funktionst\u00fcchtige Schmiede. \u00dcberall im Ort sind deutsche Kuchenspezialit\u00e4ten im Angebot.<br \/>\n\n\t\t<\/div>\n\t\n\n\t\t<div class=\"pane\">\n\t\t\nMontags sind die Museen in Chile geschlossen.<br \/>\n\n\t\t<\/div>\n\t\n\n\t\t<\/div>\n\t\n<p><\/p>","protected":false},"excerpt":{"rendered":"<p>Art der Reise: Kultur Dauer: 1 Tag<\/p>\n","protected":false},"author":3,"featured_media":0,"parent":101,"menu_order":0,"comment_status":"open","ping_status":"open","template":"","meta":{"slim_seo":{"title":"Auf den Spuren der deutschen Einwanderer - Frutillar Frutillar - On the Trail of the German Immigrants - travelArt","description":"Frutillar Frutillar Frutillar Frutillar Art der Reise: Kultur Dauer: 1 Tag Tourverlauf Anmerkungen Auf dieser halbt\u00e4gigen Exkursion zeigen wir Ihnen das am Ufer"},"footnotes":""},"class_list":["post-2449","page","type-page","status-publish","hentry"],"_links":{"self":[{"href":"https:\/\/www.chile-reise.com\/de\/wp-json\/wp\/v2\/pages\/2449","targetHints":{"allow":["GET"]}}],"collection":[{"href":"https:\/\/www.chile-reise.com\/de\/wp-json\/wp\/v2\/pages"}],"about":[{"href":"https:\/\/www.chile-reise.com\/de\/wp-json\/wp\/v2\/types\/page"}],"author":[{"embeddable":true,"href":"https:\/\/www.chile-reise.com\/de\/wp-json\/wp\/v2\/users\/3"}],"replies":[{"embeddable":true,"href":"https:\/\/www.chile-reise.com\/de\/wp-json\/wp\/v2\/comments?post=2449"}],"version-history":[{"count":0,"href":"https:\/\/www.chile-reise.com\/de\/wp-json\/wp\/v2\/pages\/2449\/revisions"}],"up":[{"embeddable":true,"href":"https:\/\/www.chile-reise.com\/de\/wp-json\/wp\/v2\/pages\/101"}],"wp:attachment":[{"href":"https:\/\/www.chile-reise.com\/de\/wp-json\/wp\/v2\/media?parent=2449"}],"curies":[{"name":"wp","href":"https:\/\/api.w.org\/{rel}","templated":true}]}}