{"id":2446,"date":"2013-08-30T00:04:19","date_gmt":"2013-08-29T22:04:19","guid":{"rendered":"http:\/\/www.chile-reise.com\/wordpress\/?page_id=2446"},"modified":"2014-05-20T22:58:09","modified_gmt":"2014-05-20T20:58:09","slug":"fliegenfischen","status":"publish","type":"page","link":"https:\/\/www.chile-reise.com\/de\/packages-daytrips\/seengebiet\/fliegenfischen\/","title":{"rendered":"Fliegenfischen"},"content":{"rendered":"<p>\r\n        <style type='text\/css'>\r\n            #gallery-1 {\r\n                margin: auto;\r\n            }\r\n            #gallery-1 .gallery-item {\r\n                float: left;\r\n                margin-top: 10px;\r\n                text-align: center;\r\n                width: 33%;           }\r\n            #gallery-1 img {\r\n                border: 2px solid #cfcfcf;\r\n            }\r\n            #gallery-1 .gallery-caption {\r\n                margin-left: 0;\r\n            }\r\n        <\/style>\r\n        <!-- see gallery_shortcode() in wp-includes\/media.php -->\r\n        <div id='gallery-1' class='gallery-images gallery galleryid-2446'><dl class='gallery-item'>\r\n            <dt class='gallery-icon'>\r\n                <a href='https:\/\/www.chile-reise.com\/wp-content\/uploads\/Fliegenfischen1_klein.jpg'><img loading=\"lazy\" decoding=\"async\" width=\"240\" height=\"140\" src=\"https:\/\/www.chile-reise.com\/wp-content\/uploads\/Fliegenfischen1_klein-240x140.jpg\" class=\"attachment-thumbnail size-thumbnail\" alt=\"Fliegenfischen1 klein\" \/><\/a>\r\n            <\/dt>\r\n                <dd class='gallery-caption'>\r\n                Fly Fishing\r\n                <\/dd><\/dl><dl class='gallery-item'>\r\n            <dt class='gallery-icon'>\r\n                <a href='https:\/\/www.chile-reise.com\/wp-content\/uploads\/Fliegenfischen2_klein.jpg'><img loading=\"lazy\" decoding=\"async\" width=\"240\" height=\"140\" src=\"https:\/\/www.chile-reise.com\/wp-content\/uploads\/Fliegenfischen2_klein-240x140.jpg\" class=\"attachment-thumbnail size-thumbnail\" alt=\"Fliegenfischen2 klein\" \/><\/a>\r\n            <\/dt>\r\n                <dd class='gallery-caption'>\r\n                Fly Fishing\r\n                <\/dd><\/dl>\r\n            <br style='clear: both;' \/>\r\n        <\/div>\n<div class=\"clear\"><\/div><div class=\"divider\"><\/div>\n<p><strong>Art der Reise:<\/strong> Aktiv<br \/>\n<strong>Dauer:<\/strong> 1 Tag<\/p>\n\n\t<script type=\"text\/javascript\">\tjQuery(document).ready(function($){\tjQuery(\"ul.tabs-nav\").tabs(\"> .pane\"); }); <\/script>\n\n\t\t<div class=\"post-tabs\">\n\t\t\n<ul class=\"tabs-nav\">\n<li>Tourverlauf<\/li>\n<li>Ausr\u00fcstung<\/li>\n<li>Anmerkungen<\/li>\n<\/ul>\n\n\t\t<div class=\"pane\">\n\t\t\nVom Hotel aus aus geht es per Transfer zum Fluss Maull\u00edn. Bei Ankunft st\u00e4rken Sie sich zun\u00e4chst bei einem Fr\u00fchst\u00fcck in der Rio Maull\u00edn Lodge. Dann erhalten Sie Ihre Ausr\u00fcstung und einf\u00fchrende Erkl\u00e4rungen, bevor Sie sie per Boot auf den Fluss hinaus fahren und einige Stunden beim Fliegenfischen in wundervoller Landschaft verbringen. Nach dem Fischen erwartet Sie ein leckeres Mittagessen ind er Lodge. Am Nachmittag R\u00fcckfahrt zum Hotel.<br \/>\n\n\t\t<\/div>\n\t\n\n\t\t<div class=\"pane\">\n\t\t\nAusr\u00fcstung wird gestellt.<br \/>\n\n\t\t<\/div>\n\t\n\n\t\t<div class=\"pane\">\n\t\t\nCatch &#038; Release Exkursion. Gefangene Fische k\u00f6nnen nicht mitgenommen werden.<br \/>\nErfolg beim Fischen wird nicht garantiert.<br \/>\nTeilnehmer pro Boot: 2.<br \/>\nBegleitung durch einen Experten im Fliegenfischen (spanischsprachig\/Grundkenntnisse in Englisch).<br \/>\n\n\t\t<\/div>\n\t\n\n\t\t<\/div>\n\t\n<p><\/p>","protected":false},"excerpt":{"rendered":"<p>Art der Reise: Aktiv Dauer: 1 Tag<\/p>\n","protected":false},"author":3,"featured_media":0,"parent":101,"menu_order":0,"comment_status":"open","ping_status":"open","template":"","meta":{"slim_seo":{"title":"Fliegenfischen Fly Fishing - travelArt","description":"Fly Fishing Fly Fishing Art der Reise: Aktiv Dauer: 1 Tag Tourverlauf Ausr\u00fcstung Anmerkungen Vom Hotel aus aus geht es per Transfer zum Fluss Maull\u00edn. Bei Ankun"},"footnotes":""},"class_list":["post-2446","page","type-page","status-publish","hentry"],"_links":{"self":[{"href":"https:\/\/www.chile-reise.com\/de\/wp-json\/wp\/v2\/pages\/2446","targetHints":{"allow":["GET"]}}],"collection":[{"href":"https:\/\/www.chile-reise.com\/de\/wp-json\/wp\/v2\/pages"}],"about":[{"href":"https:\/\/www.chile-reise.com\/de\/wp-json\/wp\/v2\/types\/page"}],"author":[{"embeddable":true,"href":"https:\/\/www.chile-reise.com\/de\/wp-json\/wp\/v2\/users\/3"}],"replies":[{"embeddable":true,"href":"https:\/\/www.chile-reise.com\/de\/wp-json\/wp\/v2\/comments?post=2446"}],"version-history":[{"count":0,"href":"https:\/\/www.chile-reise.com\/de\/wp-json\/wp\/v2\/pages\/2446\/revisions"}],"up":[{"embeddable":true,"href":"https:\/\/www.chile-reise.com\/de\/wp-json\/wp\/v2\/pages\/101"}],"wp:attachment":[{"href":"https:\/\/www.chile-reise.com\/de\/wp-json\/wp\/v2\/media?parent=2446"}],"curies":[{"name":"wp","href":"https:\/\/api.w.org\/{rel}","templated":true}]}}