{"id":2444,"date":"2013-08-30T00:00:11","date_gmt":"2013-08-29T22:00:11","guid":{"rendered":"http:\/\/www.chile-reise.com\/wordpress\/?page_id=2444"},"modified":"2014-06-16T17:00:07","modified_gmt":"2014-06-16T15:00:07","slug":"seekayak-im-reloncavi-fjord","status":"publish","type":"page","link":"https:\/\/www.chile-reise.com\/de\/packages-daytrips\/seengebiet\/seekayak-im-reloncavi-fjord\/","title":{"rendered":"Seekayak im Reloncav\u00ed-Fjord"},"content":{"rendered":"<p>\r\n        <style type='text\/css'>\r\n            #gallery-1 {\r\n                margin: auto;\r\n            }\r\n            #gallery-1 .gallery-item {\r\n                float: left;\r\n                margin-top: 10px;\r\n                text-align: center;\r\n                width: 33%;           }\r\n            #gallery-1 img {\r\n                border: 2px solid #cfcfcf;\r\n            }\r\n            #gallery-1 .gallery-caption {\r\n                margin-left: 0;\r\n            }\r\n        <\/style>\r\n        <!-- see gallery_shortcode() in wp-includes\/media.php -->\r\n        <div id='gallery-1' class='gallery-images gallery galleryid-2444'><dl class='gallery-item'>\r\n            <dt class='gallery-icon'>\r\n                <a href='https:\/\/www.chile-reise.com\/wp-content\/uploads\/430014_4732396714285_623612640_n.jpg'><img loading=\"lazy\" decoding=\"async\" width=\"240\" height=\"140\" src=\"https:\/\/www.chile-reise.com\/wp-content\/uploads\/430014_4732396714285_623612640_n-240x140.jpg\" class=\"attachment-thumbnail size-thumbnail\" alt=\"430014 4732396714285 623612640 n\" \/><\/a>\r\n            <\/dt>\r\n                <dd class='gallery-caption'>\r\n                Reloncav\u00ed-Fjord\r\n                <\/dd><\/dl><dl class='gallery-item'>\r\n            <dt class='gallery-icon'>\r\n                <a href='https:\/\/www.chile-reise.com\/wp-content\/uploads\/69217_10200843367312908_1440207969_n.jpg'><img loading=\"lazy\" decoding=\"async\" width=\"240\" height=\"140\" src=\"https:\/\/www.chile-reise.com\/wp-content\/uploads\/69217_10200843367312908_1440207969_n-240x140.jpg\" class=\"attachment-thumbnail size-thumbnail\" alt=\"69217 10200843367312908 1440207969 n\" \/><\/a>\r\n            <\/dt>\r\n                <dd class='gallery-caption'>\r\n                Reloncav\u00ed-Fjord\r\n                <\/dd><\/dl>\r\n            <br style='clear: both;' \/>\r\n        <\/div>\n<div class=\"clear\"><\/div><div class=\"divider\"><\/div>\n<p><strong>Art der Reise:<\/strong> Aktiv<br \/>\n<strong>Dauer:<\/strong> 1 Tag<\/p>\n\n\t<script type=\"text\/javascript\">\tjQuery(document).ready(function($){\tjQuery(\"ul.tabs-nav\").tabs(\"> .pane\"); }); <\/script>\n\n\t\t<div class=\"post-tabs\">\n\t\t\n<ul class=\"tabs-nav\">\n<li>Tourverlauf<\/li>\n<li>Ausr\u00fcstung<\/li>\n<\/ul>\n\n\t\t<div class=\"pane\">\n\t\t\nSie werden morgens in Ihrem Hotel in Puerto Varas abgeholt und fahren zur Basisstation von Ko\u2019Kayak in Ensenada, wo Sie Ihre Ausr\u00fcstung erhalten. Danach steigen Sie am Fluss Petrohue in Ihr Kayak und paddeln mit der Str\u00f6mung flussabw\u00e4rts. Ringsum k\u00f6nnen Sie die urspr\u00fcngliche Natur beobachten und die Sicht auf die Vulkane genie\u00dfen. Mit etwas Gl\u00fcck k\u00f6nnen Sie Lachse, Kormorane und Eisv\u00f6gel entdecken. Sobald Sie im Reloncavi-Fjord angekommen sind, k\u00f6nnen Sie bei einem Picknick am Strand Ihre Energiereserven wieder aufladen. Danach geht es weiter durch den Fjord bis in das Dorf Cocham\u00f3, wo Ihr Transfer Sie bereits erwartet. Wei\u00dfbauchdelfine, Seel\u00f6wen und viele verschiedene Vogelarten k\u00f6nnen auf dem Weg beobachtet werden. Danach R\u00fcckfahrt nach Puerto Varas.<br \/>\n\n\t\t<\/div>\n\t\n\n\t\t<div class=\"pane\">\n\t\t\nKayak-Ausr\u00fcstung wird gestellt.<br \/>\nEs empfiehlt sich, Badebekleidung mitzubringen.<br \/>\n\n\t\t<\/div>\n\t\n\n\t\t<\/div>\n\t\n<p><\/p>","protected":false},"excerpt":{"rendered":"<p>Art der Reise: Aktiv Dauer: 1 Tag<\/p>\n","protected":false},"author":3,"featured_media":0,"parent":101,"menu_order":0,"comment_status":"open","ping_status":"open","template":"","meta":{"slim_seo":{"title":"Seekayak im Reloncav\u00ed-Fjord See Kayak Tour at the Reloncav\u00ed Fjord - travelArt","description":"Reloncav\u00ed-Fjord Reloncav\u00ed-Fjord Art der Reise: Aktiv Dauer: 1 Tag Tourverlauf Ausr\u00fcstung Sie werden morgens in Ihrem Hotel in Puerto Varas abgeholt und fahren z"},"footnotes":""},"class_list":["post-2444","page","type-page","status-publish","hentry"],"_links":{"self":[{"href":"https:\/\/www.chile-reise.com\/de\/wp-json\/wp\/v2\/pages\/2444","targetHints":{"allow":["GET"]}}],"collection":[{"href":"https:\/\/www.chile-reise.com\/de\/wp-json\/wp\/v2\/pages"}],"about":[{"href":"https:\/\/www.chile-reise.com\/de\/wp-json\/wp\/v2\/types\/page"}],"author":[{"embeddable":true,"href":"https:\/\/www.chile-reise.com\/de\/wp-json\/wp\/v2\/users\/3"}],"replies":[{"embeddable":true,"href":"https:\/\/www.chile-reise.com\/de\/wp-json\/wp\/v2\/comments?post=2444"}],"version-history":[{"count":0,"href":"https:\/\/www.chile-reise.com\/de\/wp-json\/wp\/v2\/pages\/2444\/revisions"}],"up":[{"embeddable":true,"href":"https:\/\/www.chile-reise.com\/de\/wp-json\/wp\/v2\/pages\/101"}],"wp:attachment":[{"href":"https:\/\/www.chile-reise.com\/de\/wp-json\/wp\/v2\/media?parent=2444"}],"curies":[{"name":"wp","href":"https:\/\/api.w.org\/{rel}","templated":true}]}}