{"id":2442,"date":"2013-08-29T23:55:58","date_gmt":"2013-08-29T21:55:58","guid":{"rendered":"http:\/\/www.chile-reise.com\/wordpress\/?page_id=2442"},"modified":"2014-03-14T21:43:27","modified_gmt":"2014-03-14T19:43:27","slug":"rafting-rio-petrohue","status":"publish","type":"page","link":"https:\/\/www.chile-reise.com\/de\/packages-daytrips\/seengebiet\/rafting-rio-petrohue\/","title":{"rendered":"Rafting Rio Petrohue"},"content":{"rendered":"<p>\r\n        <style type='text\/css'>\r\n            #gallery-1 {\r\n                margin: auto;\r\n            }\r\n            #gallery-1 .gallery-item {\r\n                float: left;\r\n                margin-top: 10px;\r\n                text-align: center;\r\n                width: 33%;           }\r\n            #gallery-1 img {\r\n                border: 2px solid #cfcfcf;\r\n            }\r\n            #gallery-1 .gallery-caption {\r\n                margin-left: 0;\r\n            }\r\n        <\/style>\r\n        <!-- see gallery_shortcode() in wp-includes\/media.php -->\r\n        <div id='gallery-1' class='gallery-images gallery galleryid-2442'><dl class='gallery-item'>\r\n            <dt class='gallery-icon'>\r\n                <a href='https:\/\/www.chile-reise.com\/wp-content\/uploads\/rafting-petrohue_klein.jpg'><img loading=\"lazy\" decoding=\"async\" width=\"240\" height=\"140\" src=\"https:\/\/www.chile-reise.com\/wp-content\/uploads\/rafting-petrohue_klein-240x140.jpg\" class=\"attachment-thumbnail size-thumbnail\" alt=\"Rafting petrohue klein\" \/><\/a>\r\n            <\/dt>\r\n                <dd class='gallery-caption'>\r\n                Rio Petrohue\r\n                <\/dd><\/dl>\r\n            <br style='clear: both;' \/>\r\n        <\/div>\n<div class=\"clear\"><\/div><div class=\"divider\"><\/div>\n<p><strong>Art der Reise:<\/strong> Aktiv<br \/>\n<strong>Dauer:<\/strong> 1 Tag<\/p>\n\n\t<script type=\"text\/javascript\">\tjQuery(document).ready(function($){\tjQuery(\"ul.tabs-nav\").tabs(\"> .pane\"); }); <\/script>\n\n\t\t<div class=\"post-tabs\">\n\t\t\n<ul class=\"tabs-nav\">\n<li>Tourverlauf<\/li>\n<li>Ausr\u00fcstung<\/li>\n<li>Anmerkungen<\/li>\n<li>Video<\/li>\n<\/ul>\n\n\t\t<div class=\"pane\">\n\t\t\nDer Fluss Petrohue ist der einzige  Abfluss aus  dem Todos Los Santos See, seine t\u00fcrkisfarbenen Wasser flie\u00dfen am Fu\u00df der  Vulkane Osorno und Calbuco entlang. Strom-schnellen der Klassen 3 und 4 eignen sich hervorragend f\u00fcr sicheres und trotzdem aufregendes Rafting in dieser traumhaft sch\u00f6nen Landschaft.<br \/>\nVor der Fahrt bekommen Sie Ihre Ausr\u00fcstung (Neoprenanzug,  Windbreaker, Schwimmweste, Helm und Paddel) ausgeh\u00e4ndigt und werden kurz in die Technik  des Rafting eingef\u00fchrt. Dann geht es in wilder F ahrt den  Fluss hinab und am Ende k\u00f6nnen Sie noch eine Runde im kristallklaren Wasser schwimmen.<br \/>\n\n\t\t<\/div>\n\t\n\n\t\t<div class=\"pane\">\n\t\t\nRafting-Ausr\u00fcstung wird gestellt.<br \/>\nEs empfiehlt sich, Bedebekleidung mitzubringen.<br \/>\n\n\t\t<\/div>\n\t\n\n\t\t<div class=\"pane\">\n\t\t\nVorkenntnisse sind nicht erforderlich. Rafting-F\u00fchrer und Sicherheitsboot geh\u00f6ren zu jeder Tour.<br \/>\n\n\t\t<\/div>\n\t\n\n\t\t<div class=\"pane\">\n\t\t\n<iframe loading=\"lazy\" src=\"\/\/player.vimeo.com\/video\/78551416?loop=1\" width=\"500\" height=\"281\" frameborder=\"0\" webkitallowfullscreen mozallowfullscreen allowfullscreen><\/iframe> <\/p>\n<p><a href=\"https:\/\/vimeo.com\/78551416\">Rafting rio Petrohue<\/a> from <a href=\"https:\/\/vimeo.com\/user10355185\">Sascha Roth<\/a> on <a href=\"https:\/\/vimeo.com\">Vimeo<\/a>.<\/p>\n\n\t\t<\/div>\n\t\n\n\t\t<\/div>\n\t<\/p>","protected":false},"excerpt":{"rendered":"<p>Art der Reise: Aktiv Dauer: 1 Tag<\/p>\n","protected":false},"author":3,"featured_media":0,"parent":101,"menu_order":0,"comment_status":"open","ping_status":"open","template":"","meta":{"slim_seo":{"title":"Rafting Rio Petrohue Rafting Rio Petrohue - travelArt","description":"Rio Petrohue Art der Reise: Aktiv Dauer: 1 Tag Tourverlauf Ausr\u00fcstung Anmerkungen Video Der Fluss Petrohue ist der einzige Abfluss aus dem Todos Los Santos See,"},"footnotes":""},"class_list":["post-2442","page","type-page","status-publish","hentry"],"_links":{"self":[{"href":"https:\/\/www.chile-reise.com\/de\/wp-json\/wp\/v2\/pages\/2442","targetHints":{"allow":["GET"]}}],"collection":[{"href":"https:\/\/www.chile-reise.com\/de\/wp-json\/wp\/v2\/pages"}],"about":[{"href":"https:\/\/www.chile-reise.com\/de\/wp-json\/wp\/v2\/types\/page"}],"author":[{"embeddable":true,"href":"https:\/\/www.chile-reise.com\/de\/wp-json\/wp\/v2\/users\/3"}],"replies":[{"embeddable":true,"href":"https:\/\/www.chile-reise.com\/de\/wp-json\/wp\/v2\/comments?post=2442"}],"version-history":[{"count":0,"href":"https:\/\/www.chile-reise.com\/de\/wp-json\/wp\/v2\/pages\/2442\/revisions"}],"up":[{"embeddable":true,"href":"https:\/\/www.chile-reise.com\/de\/wp-json\/wp\/v2\/pages\/101"}],"wp:attachment":[{"href":"https:\/\/www.chile-reise.com\/de\/wp-json\/wp\/v2\/media?parent=2442"}],"curies":[{"name":"wp","href":"https:\/\/api.w.org\/{rel}","templated":true}]}}