{"id":2431,"date":"2013-08-29T23:32:09","date_gmt":"2013-08-29T21:32:09","guid":{"rendered":"http:\/\/www.chile-reise.com\/wordpress\/?page_id=2431"},"modified":"2014-03-14T21:49:13","modified_gmt":"2014-03-14T19:49:13","slug":"wandern-an-den-vulkanen-osorno-und-calbuco","status":"publish","type":"page","link":"https:\/\/www.chile-reise.com\/de\/packages-daytrips\/seengebiet\/wandern-an-den-vulkanen-osorno-und-calbuco\/","title":{"rendered":"Wandern an den Vulkanen Osorno und Calbuco"},"content":{"rendered":"<p>\r\n        <style type='text\/css'>\r\n            #gallery-1 {\r\n                margin: auto;\r\n            }\r\n            #gallery-1 .gallery-item {\r\n                float: left;\r\n                margin-top: 10px;\r\n                text-align: center;\r\n                width: 33%;           }\r\n            #gallery-1 img {\r\n                border: 2px solid #cfcfcf;\r\n            }\r\n            #gallery-1 .gallery-caption {\r\n                margin-left: 0;\r\n            }\r\n        <\/style>\r\n        <!-- see gallery_shortcode() in wp-includes\/media.php -->\r\n        <div id='gallery-1' class='gallery-images gallery galleryid-2431'><dl class='gallery-item'>\r\n            <dt class='gallery-icon'>\r\n                <a href='https:\/\/www.chile-reise.com\/wp-content\/uploads\/Vulkan-Osorno_klein.jpg'><img loading=\"lazy\" decoding=\"async\" width=\"240\" height=\"140\" src=\"https:\/\/www.chile-reise.com\/wp-content\/uploads\/Vulkan-Osorno_klein-240x140.jpg\" class=\"attachment-thumbnail size-thumbnail\" alt=\"Vulkan Osorno klein\" \/><\/a>\r\n            <\/dt>\r\n                <dd class='gallery-caption'>\r\n                Volcano Osorno\r\n                <\/dd><\/dl><dl class='gallery-item'>\r\n            <dt class='gallery-icon'>\r\n                <a href='https:\/\/www.chile-reise.com\/wp-content\/uploads\/Calbuco-Volcanoe_by-Vera-Neeten_klein.jpg'><img loading=\"lazy\" decoding=\"async\" width=\"240\" height=\"140\" src=\"https:\/\/www.chile-reise.com\/wp-content\/uploads\/Calbuco-Volcanoe_by-Vera-Neeten_klein-240x140.jpg\" class=\"attachment-thumbnail size-thumbnail\" alt=\"Calbuco Volcanoe by Vera Neeten klein\" \/><\/a>\r\n            <\/dt>\r\n                <dd class='gallery-caption'>\r\n                Volcano Calbuco\r\n                <\/dd><\/dl>\r\n            <br style='clear: both;' \/>\r\n        <\/div>\n<div class=\"clear\"><\/div><div class=\"divider\"><\/div>\n<p><strong>Art der Reise:<\/strong> Aktiv<br \/>\n<strong>Dauer:<\/strong> 4 Tage<\/p>\n\n\t<script type=\"text\/javascript\">\tjQuery(document).ready(function($){\tjQuery(\"ul.tabs-nav\").tabs(\"> .pane\"); }); <\/script>\n\n\t\t<div class=\"post-tabs\">\n\t\t\n<ul class=\"tabs-nav\">\n<li>Tourverlauf<\/li>\n<li>Ausr\u00fcstung<\/li>\n<\/ul>\n\n\t\t<div class=\"pane\">\n\t\t\n<strong>1.Tag \u2013 Puerto Montt \u2013 Puerto Varas<\/strong><br \/>\nSie werden am Flughafen in Puerto Montt abgeholt. Vor dem Transfer nach Puerto Varas besuchen Sie den Lahuen \u00d1adi Park, ein kleines Beispiel der wundersch\u00f6nen Alerce-W\u00e4lder dieser Region. Diese W\u00e4lder sind aufgrund \u00fcberm\u00e4\u00dfiger Rodung zur Zeit der Besiedlung (um 1850) fast vollst\u00e4ndig verschwunden. Nach Ankunft in Puerto Varas unternehmen Sie eine kleine Stadtrundfahrt.  Danach fahren Sie zu dem von Ihnen gew\u00e4hlten Hotel, der Rest des Tages steht Ihnen zur freien Verf\u00fcgung. Am Abend empfiehlt sich ein Spaziergang entlang des Ufers des Llanquihue-Sees \u2013 mit herrlichen Blicken auf die umliegende  Vulkanlandschaft.<\/p>\n<p><strong>2.Tag \u2013 Vulkan Osorno und der Todos los Santos See<\/strong><br \/>\nMorgens brechen Sie zu einer ganzt\u00e4gigen Wanderung am Vulkan Osorno auf. Per Bus f\u00fchrt die Fahrt entlang der Uferstra\u00dfe des Llanquihue-Sees mit atemberaubenden Ausblicken auf die Vulkane Osorno und Calbuco. Es geht weiter auf einer recht abenteuerlichen Schotterpiste bis zur ehemaligen Schutzh\u00fctte La Picada, dem Startpunkt Ihrer Wanderung. Sie wandern entlang der Lavah\u00e4nge des perfekt geformten schneebedeckten Vulkans Osorno \u2013 genie\u00dfen st\u00e4ndige Ausblicke auf Regenw\u00e4lder und Vulkane. Nach ca. einer Wegstunde erblicken Sie erstmals den t\u00fcrkis-blauen Todos Los Santos-See, der tief unter Ihnen, umrahmt von hohen Bergen, liegt. Am Nachmittag erreichen Sie die kleine, direkt am See gelegene Ansiedlung Petrohue, wo Ihr Fahrzeug Sie erwartet. \u00dcbernachtung in Puerto Varas. <\/p>\n<p><strong>Schwierigkeitsgrad<\/strong>:<em> leicht, ca. 4-5 Stunden, \u00fcberwiegend bergab.<\/em><\/p>\n<p><strong>3.Tag \u2013 Naturpark Llanquihue<\/strong><br \/>\nAuf diesem Ausflug in die Welt des Valdivianischen Urwalds erwarten Sie dichtes Gr\u00fcn, Lavafelder, sprudelnde B\u00e4che und am Ende ein wunderbarer Ausblick. Fr\u00fch am Morgen fahren Sie zum Naturpark Llanquihue am westlichen Hang des Vulkan Calbuco. Ohne die angelegten Wanderwege w\u00e4re es aufgrund der hohen Vegetationsdichte teilweise kaum m\u00f6glich, hier durch den Wald zu dringen. Riesige Farne, essbare Nalcas, Moose und majest\u00e4tische Baumriesen, unter anderem auch Alerce, stehen hier dicht an dicht und werden nur ab und zu von Lichtungen aus Lavar\u00fccken, \u00fcber die Wasser pl\u00e4tschert, unterbrochen. Sattes Gr\u00fcn und duftend- dampfender Waldboden begleiten Sie auf dem Weg nach oben. Am Ziel der Wanderung werden Sie mit einem wundersch\u00f6nen Ausblick \u00fcber die umliegenden W\u00e4lder und bis zum Pazifik belohnt, w\u00e4hrend \u00fcber Ihnen Gipfel des m\u00e4chtigen Vulkan Calbuco trohnt. Gegen Abend R\u00fcckkehr nach Puerto Varas.<\/p>\n<p><strong>Schwierigkeitsgrad:<\/strong><em> mittel, 5-6 Stunden Wanderung; zeitweise steiler Anstieg.<\/em><\/p>\n<p><strong>4.Tag \u2013 Puerto Varas \u2013 Puerto Montt<\/strong><br \/>\nTransfer nach Puerto Montt zum Flughafen und Anschlussflug.<br \/>\n\n\t\t<\/div>\n\t\n\n\t\t<div class=\"pane\">\n\t\t\nFeste Wanderschuhe<br \/>\n\n\t\t<\/div>\n\t\n\n\t\t<\/div>\n\t\n<\/p>","protected":false},"excerpt":{"rendered":"<p>Art der Reise: Aktiv Dauer: 4 Tage<\/p>\n","protected":false},"author":3,"featured_media":0,"parent":101,"menu_order":0,"comment_status":"open","ping_status":"open","template":"","meta":{"slim_seo":{"title":"Wandern an den Vulkanen Osorno und Calbuco Hiking at the Volcanoes Osornos and Calbuco - travelArt","description":"Volcano Osorno Volcano Calbuco Art der Reise: Aktiv Dauer: 4 Tage Tourverlauf Ausr\u00fcstung 1.Tag \u2013 Puerto Montt \u2013 Puerto Varas Sie werden am Flughafen in Puerto M"},"footnotes":""},"class_list":["post-2431","page","type-page","status-publish","hentry"],"_links":{"self":[{"href":"https:\/\/www.chile-reise.com\/de\/wp-json\/wp\/v2\/pages\/2431","targetHints":{"allow":["GET"]}}],"collection":[{"href":"https:\/\/www.chile-reise.com\/de\/wp-json\/wp\/v2\/pages"}],"about":[{"href":"https:\/\/www.chile-reise.com\/de\/wp-json\/wp\/v2\/types\/page"}],"author":[{"embeddable":true,"href":"https:\/\/www.chile-reise.com\/de\/wp-json\/wp\/v2\/users\/3"}],"replies":[{"embeddable":true,"href":"https:\/\/www.chile-reise.com\/de\/wp-json\/wp\/v2\/comments?post=2431"}],"version-history":[{"count":0,"href":"https:\/\/www.chile-reise.com\/de\/wp-json\/wp\/v2\/pages\/2431\/revisions"}],"up":[{"embeddable":true,"href":"https:\/\/www.chile-reise.com\/de\/wp-json\/wp\/v2\/pages\/101"}],"wp:attachment":[{"href":"https:\/\/www.chile-reise.com\/de\/wp-json\/wp\/v2\/media?parent=2431"}],"curies":[{"name":"wp","href":"https:\/\/api.w.org\/{rel}","templated":true}]}}