{"id":2425,"date":"2013-08-29T23:16:38","date_gmt":"2013-08-29T21:16:38","guid":{"rendered":"http:\/\/www.chile-reise.com\/wordpress\/?page_id=2425"},"modified":"2014-06-12T22:55:39","modified_gmt":"2014-06-12T20:55:39","slug":"wanderung-el-solitario","status":"publish","type":"page","link":"https:\/\/www.chile-reise.com\/de\/packages-daytrips\/seengebiet\/wanderung-el-solitario\/","title":{"rendered":"Wanderung &#8222;El Solitario&#8220;"},"content":{"rendered":"<p>\r\n        <style type='text\/css'>\r\n            #gallery-1 {\r\n                margin: auto;\r\n            }\r\n            #gallery-1 .gallery-item {\r\n                float: left;\r\n                margin-top: 10px;\r\n                text-align: center;\r\n                width: 33%;           }\r\n            #gallery-1 img {\r\n                border: 2px solid #cfcfcf;\r\n            }\r\n            #gallery-1 .gallery-caption {\r\n                margin-left: 0;\r\n            }\r\n        <\/style>\r\n        <!-- see gallery_shortcode() in wp-includes\/media.php -->\r\n        <div id='gallery-1' class='gallery-images gallery galleryid-2425'><dl class='gallery-item'>\r\n            <dt class='gallery-icon'>\r\n                <a href='https:\/\/www.chile-reise.com\/wp-content\/uploads\/paso-desolacion-PN-VPR.jpg'><img loading=\"lazy\" decoding=\"async\" width=\"240\" height=\"140\" src=\"https:\/\/www.chile-reise.com\/wp-content\/uploads\/paso-desolacion-PN-VPR-240x140.jpg\" class=\"attachment-thumbnail size-thumbnail\" alt=\"Paso desolacion PN VPR\" \/><\/a>\r\n            <\/dt>\r\n                <dd class='gallery-caption'>\r\n                Vicente Rosales National Park\r\n                <\/dd><\/dl><dl class='gallery-item'>\r\n            <dt class='gallery-icon'>\r\n                <a href='https:\/\/www.chile-reise.com\/wp-content\/uploads\/PN-VICENTE-PEREZ-ROSALES.jpg'><img loading=\"lazy\" decoding=\"async\" width=\"240\" height=\"140\" src=\"https:\/\/www.chile-reise.com\/wp-content\/uploads\/PN-VICENTE-PEREZ-ROSALES-240x140.jpg\" class=\"attachment-thumbnail size-thumbnail\" alt=\"PN VICENTE PEREZ ROSALES\" \/><\/a>\r\n            <\/dt>\r\n                <dd class='gallery-caption'>\r\n                Vicente Rosales National Park\r\n                <\/dd><\/dl>\r\n            <br style='clear: both;' \/>\r\n        <\/div>\n<div class=\"clear\"><\/div><div class=\"divider\"><\/div>\n<p><strong>Art der Reise:<\/strong> Aktiv<br \/>\n<strong>Dauer:<\/strong> 1 Tag<\/p>\n\n\t<script type=\"text\/javascript\">\tjQuery(document).ready(function($){\tjQuery(\"ul.tabs-nav\").tabs(\"> .pane\"); }); <\/script>\n\n\t\t<div class=\"post-tabs\">\n\t\t\n<ul class=\"tabs-nav\">\n<li>Tourverlauf<\/li>\n<li>Ausr\u00fcstung<\/li>\n<\/ul>\n\n\t\t<div class=\"pane\">\n\t\t\nSie werden zum Vicente Perez Rosales Nationalpark gebracht, wo Sie diese ca. 6,5 km lange Wanderung beginnen. Unterwegs besuchen Sie auch die \u201eLaguna Verde\u201c, eine kleine Bucht im Llanquihue-See. Der \u201eSolitario\u201c-Wanderweg am Fu\u00df des m\u00e4chtigen Vulkan Osorno f\u00fchrt Sie durch den in dieser Zone typischen \u201eKalten Regenwald\u201c. Zun\u00e4chst wandern Sie durch einen vom letzten Ausbruch 1835 nicht zerst\u00f6rten Teil des Urwaldes. Nach etwa einer Stunde gelangen Sie in eine Gegend, in der das Schmelzwasser des Vulkans jeden Fr\u00fchling vulkanische Sedimente mit sich bringt und die somit in eine Mondlandschaft verwandelt ist. Wandern Sie durch die bizarre Landschaft, bis Sie wieder in den Wald eintauchen. Besuchen sie danach die eindrucksvollen Stromschnellen von Petrohue, bevor Sie  sich auf den R\u00fcckweg zum Hotel machen.<br \/>\n\n\t\t<\/div>\n\t\n\n\t\t<div class=\"pane\">\n\t\t\nFeste Wanderschuhe<br \/>\n\n\t\t<\/div>\n\t\n\n\t\t<\/div>\n\t\n<\/p>","protected":false},"excerpt":{"rendered":"<p>Art der Reise: Aktiv Dauer: 1 Tag<\/p>\n","protected":false},"author":3,"featured_media":0,"parent":101,"menu_order":0,"comment_status":"open","ping_status":"open","template":"","meta":{"slim_seo":{"title":"Wanderung \"El Solitario\" Hiking Tour \u201cEl Solitario\u201d - travelArt","description":"Vicente Rosales National Park Vicente Rosales National Park Art der Reise: Aktiv Dauer: 1 Tag Tourverlauf Ausr\u00fcstung Sie werden zum Vicente Perez Rosales Nation"},"footnotes":""},"class_list":["post-2425","page","type-page","status-publish","hentry"],"_links":{"self":[{"href":"https:\/\/www.chile-reise.com\/de\/wp-json\/wp\/v2\/pages\/2425","targetHints":{"allow":["GET"]}}],"collection":[{"href":"https:\/\/www.chile-reise.com\/de\/wp-json\/wp\/v2\/pages"}],"about":[{"href":"https:\/\/www.chile-reise.com\/de\/wp-json\/wp\/v2\/types\/page"}],"author":[{"embeddable":true,"href":"https:\/\/www.chile-reise.com\/de\/wp-json\/wp\/v2\/users\/3"}],"replies":[{"embeddable":true,"href":"https:\/\/www.chile-reise.com\/de\/wp-json\/wp\/v2\/comments?post=2425"}],"version-history":[{"count":0,"href":"https:\/\/www.chile-reise.com\/de\/wp-json\/wp\/v2\/pages\/2425\/revisions"}],"up":[{"embeddable":true,"href":"https:\/\/www.chile-reise.com\/de\/wp-json\/wp\/v2\/pages\/101"}],"wp:attachment":[{"href":"https:\/\/www.chile-reise.com\/de\/wp-json\/wp\/v2\/media?parent=2425"}],"curies":[{"name":"wp","href":"https:\/\/api.w.org\/{rel}","templated":true}]}}