{"id":2421,"date":"2013-08-29T23:11:29","date_gmt":"2013-08-29T21:11:29","guid":{"rendered":"http:\/\/www.chile-reise.com\/wordpress\/?page_id=2421"},"modified":"2014-06-12T23:30:00","modified_gmt":"2014-06-12T21:30:00","slug":"im-schatten-des-vulkan-calbuco-naturpark-llanquihue","status":"publish","type":"page","link":"https:\/\/www.chile-reise.com\/de\/packages-daytrips\/seengebiet\/im-schatten-des-vulkan-calbuco-naturpark-llanquihue\/","title":{"rendered":"Im Schatten des Vulkan Calbuco &#8211; Naturpark Llanquihue"},"content":{"rendered":"<p>\r\n        <style type='text\/css'>\r\n            #gallery-1 {\r\n                margin: auto;\r\n            }\r\n            #gallery-1 .gallery-item {\r\n                float: left;\r\n                margin-top: 10px;\r\n                text-align: center;\r\n                width: 33%;           }\r\n            #gallery-1 img {\r\n                border: 2px solid #cfcfcf;\r\n            }\r\n            #gallery-1 .gallery-caption {\r\n                margin-left: 0;\r\n            }\r\n        <\/style>\r\n        <!-- see gallery_shortcode() in wp-includes\/media.php -->\r\n        <div id='gallery-1' class='gallery-images gallery galleryid-2421'><dl class='gallery-item'>\r\n            <dt class='gallery-icon'>\r\n                <a href='https:\/\/www.chile-reise.com\/wp-content\/uploads\/Calbuco-Volcanoe_by-Vera-Neeten_klein1.jpg'><img loading=\"lazy\" decoding=\"async\" width=\"240\" height=\"140\" src=\"https:\/\/www.chile-reise.com\/wp-content\/uploads\/Calbuco-Volcanoe_by-Vera-Neeten_klein1-240x140.jpg\" class=\"attachment-thumbnail size-thumbnail\" alt=\"Calbuco Volcanoe by Vera Neeten klein\" \/><\/a>\r\n            <\/dt>\r\n                <dd class='gallery-caption'>\r\n                Volcanoe Calbuco\r\n                <\/dd><\/dl><dl class='gallery-item'>\r\n            <dt class='gallery-icon'>\r\n                <a href='https:\/\/www.chile-reise.com\/wp-content\/uploads\/RESERVA-LLANQUIHUE-MARZO-2009_CONAF.jpg'><img loading=\"lazy\" decoding=\"async\" width=\"240\" height=\"140\" src=\"https:\/\/www.chile-reise.com\/wp-content\/uploads\/RESERVA-LLANQUIHUE-MARZO-2009_CONAF-240x140.jpg\" class=\"attachment-thumbnail size-thumbnail\" alt=\"RESERVA LLANQUIHUE MARZO 2009 CONAF\" \/><\/a>\r\n            <\/dt>\r\n                <dd class='gallery-caption'>\r\n                National Reserve Llanquihue\r\n                <\/dd><\/dl><dl class='gallery-item'>\r\n            <dt class='gallery-icon'>\r\n                <a href='https:\/\/www.chile-reise.com\/wp-content\/uploads\/Reserva-Nacional-Llanquihue_Ines-8.jpg'><img loading=\"lazy\" decoding=\"async\" width=\"240\" height=\"140\" src=\"https:\/\/www.chile-reise.com\/wp-content\/uploads\/Reserva-Nacional-Llanquihue_Ines-8-240x140.jpg\" class=\"attachment-thumbnail size-thumbnail\" alt=\"Reserva Nacional Llanquihue Ines (8)\" \/><\/a>\r\n            <\/dt>\r\n                <dd class='gallery-caption'>\r\n                National Reserve Llanquihue\r\n                <\/dd><\/dl><br style=\"clear: both\" \/>\r\n            <br style='clear: both;' \/>\r\n        <\/div>\n<div class=\"clear\"><\/div><div class=\"divider\"><\/div>\n<p><strong>Art der Reise:<\/strong> Aktiv<br \/>\n<strong>Dauer:<\/strong> 1 Tag<\/p>\n\n\t<script type=\"text\/javascript\">\tjQuery(document).ready(function($){\tjQuery(\"ul.tabs-nav\").tabs(\"> .pane\"); }); <\/script>\n\n\t\t<div class=\"post-tabs\">\n\t\t\n<ul class=\"tabs-nav\">\n<li>Tourverlauf<\/li>\n<li>Ausr\u00fcstung<\/li>\n<li>Anmerkungen<\/li>\n<\/ul>\n\n\t\t<div class=\"pane\">\n\t\t\nFr\u00fch am Morgen fahren Sie zum Naturpark Llanquihue am westlichen Hang des Vulkan Calbuco. Ohne die angelegten Wanderwege w\u00e4re es aufgrund der hohen Vegetationsdichte teilweise kaum m\u00f6glich, hier durch den Wald zu dringen. Riesige Farne, essbare Nalcas, Moose und majest\u00e4tische Baumriesen, unter anderem auch Alerce, stehen hier dicht an dicht und werden nur ab und zu von Lichtungen aus Lavar\u00fccken, \u00fcber die Wasser pl\u00e4tschert, unterbrochen. Sattes Gr\u00fcn und duftender, dampfender Waldboden begleiten Sie auf dem Weg nach oben. Am Ziel der Wanderung werden Sie mit einem wundersch\u00f6nen Ausblick \u00fcber die umliegenden W\u00e4lder und bis zum Pazifik belohnt, w\u00e4hrend \u00fcber Ihnen Gipfel des m\u00e4chtigen Vulkan Calbuco trohnt. Gegen Abend R\u00fcckkehr nach Puerto Varas.<br \/>\n\n\t\t<\/div>\n\t\n\n\t\t<div class=\"pane\">\n\t\t\nFeste Wanderschuhe<br \/>\n\n\t\t<\/div>\n\t\n\n\t\t<div class=\"pane\">\n\t\t\nMittelschwere Wanderung, ca. 5-6 Stunden, zeitweise steiler Anstieg.<br \/>\n\n\t\t<\/div>\n\t\n\n\t\t<\/div>\n\t<\/p>","protected":false},"excerpt":{"rendered":"<p>Art der Reise: Aktiv Dauer: 1 Tag<\/p>\n","protected":false},"author":3,"featured_media":0,"parent":101,"menu_order":0,"comment_status":"open","ping_status":"open","template":"","meta":{"slim_seo":{"title":"Im Schatten des Vulkan Calbuco - Naturpark Llanquihue Hiking in the Llanquihue Natual Reserve - travelArt","description":"Volcanoe Calbuco National Reserve Llanquihue National Reserve Llanquihue Art der Reise: Aktiv Dauer: 1 Tag Tourverlauf Ausr\u00fcstung Anmerkungen Fr\u00fch am Morgen fah"},"footnotes":""},"class_list":["post-2421","page","type-page","status-publish","hentry"],"_links":{"self":[{"href":"https:\/\/www.chile-reise.com\/de\/wp-json\/wp\/v2\/pages\/2421","targetHints":{"allow":["GET"]}}],"collection":[{"href":"https:\/\/www.chile-reise.com\/de\/wp-json\/wp\/v2\/pages"}],"about":[{"href":"https:\/\/www.chile-reise.com\/de\/wp-json\/wp\/v2\/types\/page"}],"author":[{"embeddable":true,"href":"https:\/\/www.chile-reise.com\/de\/wp-json\/wp\/v2\/users\/3"}],"replies":[{"embeddable":true,"href":"https:\/\/www.chile-reise.com\/de\/wp-json\/wp\/v2\/comments?post=2421"}],"version-history":[{"count":0,"href":"https:\/\/www.chile-reise.com\/de\/wp-json\/wp\/v2\/pages\/2421\/revisions"}],"up":[{"embeddable":true,"href":"https:\/\/www.chile-reise.com\/de\/wp-json\/wp\/v2\/pages\/101"}],"wp:attachment":[{"href":"https:\/\/www.chile-reise.com\/de\/wp-json\/wp\/v2\/media?parent=2421"}],"curies":[{"name":"wp","href":"https:\/\/api.w.org\/{rel}","templated":true}]}}