{"id":2415,"date":"2013-08-29T23:03:18","date_gmt":"2013-08-29T21:03:18","guid":{"rendered":"http:\/\/www.chile-reise.com\/wordpress\/?page_id=2415"},"modified":"2014-03-14T21:54:47","modified_gmt":"2014-03-14T19:54:47","slug":"land-der-araukarien-huerquehue-nationalpark","status":"publish","type":"page","link":"https:\/\/www.chile-reise.com\/de\/packages-daytrips\/seengebiet\/land-der-araukarien-huerquehue-nationalpark\/","title":{"rendered":"Land der Araukarien &#8211; Huerquehue Nationalpark"},"content":{"rendered":"<p>\r\n        <style type='text\/css'>\r\n            #gallery-1 {\r\n                margin: auto;\r\n            }\r\n            #gallery-1 .gallery-item {\r\n                float: left;\r\n                margin-top: 10px;\r\n                text-align: center;\r\n                width: 33%;           }\r\n            #gallery-1 img {\r\n                border: 2px solid #cfcfcf;\r\n            }\r\n            #gallery-1 .gallery-caption {\r\n                margin-left: 0;\r\n            }\r\n        <\/style>\r\n        <!-- see gallery_shortcode() in wp-includes\/media.php -->\r\n        <div id='gallery-1' class='gallery-images gallery galleryid-2415'><dl class='gallery-item'>\r\n            <dt class='gallery-icon'>\r\n                <a href='https:\/\/www.chile-reise.com\/wp-content\/uploads\/Huerquehue-National-Park-2_klein.jpg'><img loading=\"lazy\" decoding=\"async\" width=\"240\" height=\"140\" src=\"https:\/\/www.chile-reise.com\/wp-content\/uploads\/Huerquehue-National-Park-2_klein-240x140.jpg\" class=\"attachment-thumbnail size-thumbnail\" alt=\"Huerquehue National Park 2 klein\" \/><\/a>\r\n            <\/dt>\r\n                <dd class='gallery-caption'>\r\n                Huerquehue National Park\r\n                <\/dd><\/dl><dl class='gallery-item'>\r\n            <dt class='gallery-icon'>\r\n                <a href='https:\/\/www.chile-reise.com\/wp-content\/uploads\/Huerquehue-National-Park-1_klein.jpg'><img loading=\"lazy\" decoding=\"async\" width=\"240\" height=\"140\" src=\"https:\/\/www.chile-reise.com\/wp-content\/uploads\/Huerquehue-National-Park-1_klein-240x140.jpg\" class=\"attachment-thumbnail size-thumbnail\" alt=\"Huerquehue National Park 1 klein\" \/><\/a>\r\n            <\/dt>\r\n                <dd class='gallery-caption'>\r\n                Huerquehue National Park\r\n                <\/dd><\/dl>\r\n            <br style='clear: both;' \/>\r\n        <\/div>\n<div class=\"clear\"><\/div><div class=\"divider\"><\/div>\n<p><strong>Art der Reise:<\/strong> Aktiv<br \/>\n<strong>Dauer:<\/strong> 1 Tag<\/p>\n\n\t<script type=\"text\/javascript\">\tjQuery(document).ready(function($){\tjQuery(\"ul.tabs-nav\").tabs(\"> .pane\"); }); <\/script>\n\n\t\t<div class=\"post-tabs\">\n\t\t\n<ul class=\"tabs-nav\">\n<li>Tourverlauf<\/li>\n<li>Ausr\u00fcstung<\/li>\n<li>Anmerkungen<\/li>\n<\/ul>\n\n\t\t<div class=\"pane\">\n\t\t\nBei diesem Tagesausflug zum Huerquehue  Nationalpark im  Nordosten Puc\u00f3ns wandern Sie durch wundersch\u00f6nen uralten \u00abKalten Regenwald\u00bb. Der Beginn der  Wanderung ist relativ steil, aber f\u00fcr den Blick zur\u00fcck auf das Tal mit dem Caburga-See lohnt es sich allemal. Sie passieren den m\u00e4chtigen Wasserfall  Nido del Aguila (\u00abAdlernest\u00bb) und k\u00f6nnen je nach Jahreszeit vielleicht sogar die dunkelrote Nationalblume Chiles \u2013 Copihue \u2013 bl\u00fchen sehen. Von einem gro\u00dfen Bergsattel aus f\u00fchrt der  Waldweg von Lagune zu Lagune, die von Araukarien-b\u00e4umen ges\u00e4umt werden. Diese in Chile heimischen, aber sonst seltenen B\u00e4ume geben der Region ihren Namen und haben fast unver\u00e4ndert seit der Zeit der Dinosaurier \u00fcberlebt.<br \/>\n\n\t\t<\/div>\n\t\n\n\t\t<div class=\"pane\">\n\t\t\nFeste Wanderschuhe<br \/>\n\n\t\t<\/div>\n\t\n\n\t\t<div class=\"pane\">\n\t\t\nDie Wanderung dauert ca. 5 Stunden.<br \/>\n\n\t\t<\/div>\n\t\n\n\t\t<\/div>\n\t\n<p><\/p>","protected":false},"excerpt":{"rendered":"<p>Art der Reise: Aktiv Dauer: 1 Tag<\/p>\n","protected":false},"author":3,"featured_media":0,"parent":101,"menu_order":0,"comment_status":"closed","ping_status":"closed","template":"","meta":{"slim_seo":{"title":"Land der Araukarien - Huerquehue Nationalpark Land of the Araucaria - Huerquehue National Park - travelArt","description":"Huerquehue National Park Huerquehue National Park Art der Reise: Aktiv Dauer: 1 Tag Tourverlauf Ausr\u00fcstung Anmerkungen Bei diesem Tagesausflug zum Huerquehue Na"},"footnotes":""},"class_list":["post-2415","page","type-page","status-publish","hentry"],"_links":{"self":[{"href":"https:\/\/www.chile-reise.com\/de\/wp-json\/wp\/v2\/pages\/2415","targetHints":{"allow":["GET"]}}],"collection":[{"href":"https:\/\/www.chile-reise.com\/de\/wp-json\/wp\/v2\/pages"}],"about":[{"href":"https:\/\/www.chile-reise.com\/de\/wp-json\/wp\/v2\/types\/page"}],"author":[{"embeddable":true,"href":"https:\/\/www.chile-reise.com\/de\/wp-json\/wp\/v2\/users\/3"}],"replies":[{"embeddable":true,"href":"https:\/\/www.chile-reise.com\/de\/wp-json\/wp\/v2\/comments?post=2415"}],"version-history":[{"count":0,"href":"https:\/\/www.chile-reise.com\/de\/wp-json\/wp\/v2\/pages\/2415\/revisions"}],"up":[{"embeddable":true,"href":"https:\/\/www.chile-reise.com\/de\/wp-json\/wp\/v2\/pages\/101"}],"wp:attachment":[{"href":"https:\/\/www.chile-reise.com\/de\/wp-json\/wp\/v2\/media?parent=2415"}],"curies":[{"name":"wp","href":"https:\/\/api.w.org\/{rel}","templated":true}]}}