{"id":2407,"date":"2013-08-29T22:33:10","date_gmt":"2013-08-29T20:33:10","guid":{"rendered":"http:\/\/www.chile-reise.com\/wordpress\/?page_id=2407"},"modified":"2014-03-14T21:57:39","modified_gmt":"2014-03-14T19:57:39","slug":"feuer-und-eis-besteigung-des-vulkan-villarrica","status":"publish","type":"page","link":"https:\/\/www.chile-reise.com\/de\/packages-daytrips\/seengebiet\/feuer-und-eis-besteigung-des-vulkan-villarrica\/","title":{"rendered":"Feuer und Eis &#8211; Besteigung des Vulkan Villarrica"},"content":{"rendered":"<p>\r\n        <style type='text\/css'>\r\n            #gallery-1 {\r\n                margin: auto;\r\n            }\r\n            #gallery-1 .gallery-item {\r\n                float: left;\r\n                margin-top: 10px;\r\n                text-align: center;\r\n                width: 33%;           }\r\n            #gallery-1 img {\r\n                border: 2px solid #cfcfcf;\r\n            }\r\n            #gallery-1 .gallery-caption {\r\n                margin-left: 0;\r\n            }\r\n        <\/style>\r\n        <!-- see gallery_shortcode() in wp-includes\/media.php -->\r\n        <div id='gallery-1' class='gallery-images gallery galleryid-2407'><dl class='gallery-item'>\r\n            <dt class='gallery-icon'>\r\n                <a href='https:\/\/www.chile-reise.com\/wp-content\/uploads\/Vulkan-Villarrica-26_klein.jpg'><img loading=\"lazy\" decoding=\"async\" width=\"240\" height=\"140\" src=\"https:\/\/www.chile-reise.com\/wp-content\/uploads\/Vulkan-Villarrica-26_klein-240x140.jpg\" class=\"attachment-thumbnail size-thumbnail\" alt=\"Vulkan Villarrica (26) klein\" \/><\/a>\r\n            <\/dt>\r\n                <dd class='gallery-caption'>\r\n                Volcano Villarica\r\n                <\/dd><\/dl><dl class='gallery-item'>\r\n            <dt class='gallery-icon'>\r\n                <a href='https:\/\/www.chile-reise.com\/wp-content\/uploads\/Vulkan-Villarrica-29_klein.jpg'><img loading=\"lazy\" decoding=\"async\" width=\"240\" height=\"140\" src=\"https:\/\/www.chile-reise.com\/wp-content\/uploads\/Vulkan-Villarrica-29_klein-240x140.jpg\" class=\"attachment-thumbnail size-thumbnail\" alt=\"Vulkan Villarrica (29) klein\" \/><\/a>\r\n            <\/dt>\r\n                <dd class='gallery-caption'>\r\n                Volcano Villarica\r\n                <\/dd><\/dl>\r\n            <br style='clear: both;' \/>\r\n        <\/div>\n<div class=\"clear\"><\/div><div class=\"divider\"><\/div>\n<p><strong>Art der Reise:<\/strong> Aktiv<br \/>\n<strong>Dauer:<\/strong> 1 Tag<\/p>\n\n\t<script type=\"text\/javascript\">\tjQuery(document).ready(function($){\tjQuery(\"ul.tabs-nav\").tabs(\"> .pane\"); }); <\/script>\n\n\t\t<div class=\"post-tabs\">\n\t\t\n<ul class=\"tabs-nav\">\n<li>Tourverlauf<\/li>\n<li>Ausr\u00fcstung<\/li>\n<li>Anmerkungen<\/li>\n<\/ul>\n\n\t\t<div class=\"pane\">\n\t\t\nFr\u00fch am Morgen fahren Sie mit Ihrem Reiseleiter zum 1400 m hoch gelegenen Skizentrum Rucapillan im Villarrica Nationalpark. Von hier aus besteht die M\u00f6glichkeit direkt aufzusteigen, oder weitere 400 H\u00f6henmeter per Sessellift zu \u00fcberbr\u00fccken. Der  Aufstieg zum Krater dauert mit der Fahrt im Sessellift etwa 4\u20135 Stunden und ohne ca. 5-6 Stunden; unterwegs  werden Sie mehrere kleine Ruhepausen einlegen. Die M\u00fchen des  Aufstiegs werden oben mit einer spektakul\u00e4ren Sicht in den Krater hinein, sowie auf viele umliegenden Vulkane belohnt. Mit etwas Gl\u00fcck k\u00f6nnen Sie sogar unten im Krater die brodelnde Lava und gl\u00fchende Font\u00e4nen beobachten \u2013 ein Schauspiel, das man nicht alle  Tage zu sehen bekommt.  Gegen 15 Uhr beginnen Sie mit dem  Abstieg der ganz besonderen Art: Mit Spezialkleidung ausgestattet, rutschen Sie den Vulkan auf dem Eis des Gipfels wieder herunter!<br \/>\n\n\t\t<\/div>\n\t\n\n\t\t<div class=\"pane\">\n\t\t\nFeste Wanderschuhe<br \/>\nDie entsprechende Ausr\u00fcstung wie Steigeisen und Eispickel wird gestellt<br \/>\n\n\t\t<\/div>\n\t\n\n\t\t<div class=\"pane\">\n\t\t\nDieser Ausflug ist vom Wetter und der vulkanischen Aktivit\u00e4t abh\u00e4ngig.<br \/>\nDie Vulkanbesteigung erfordert eine gute k\u00f6rperliche Kondition.<br \/>\n\n\t\t<\/div>\n\t\n\n\t\t<\/div>\n\t<\/p>","protected":false},"excerpt":{"rendered":"<p>Art der Reise: Aktiv Dauer: 1 Tag<\/p>\n","protected":false},"author":3,"featured_media":0,"parent":101,"menu_order":0,"comment_status":"open","ping_status":"open","template":"","meta":{"slim_seo":{"title":"Feuer und Eis - Besteigung des Vulkan Villarrica Fire and Ice - Climbing the Villarrica Volcano - travelArt","description":"Volcano Villarica Volcano Villarica Art der Reise: Aktiv Dauer: 1 Tag Tourverlauf Ausr\u00fcstung Anmerkungen Fr\u00fch am Morgen fahren Sie mit Ihrem Reiseleiter zum 140"},"footnotes":""},"class_list":["post-2407","page","type-page","status-publish","hentry"],"_links":{"self":[{"href":"https:\/\/www.chile-reise.com\/de\/wp-json\/wp\/v2\/pages\/2407","targetHints":{"allow":["GET"]}}],"collection":[{"href":"https:\/\/www.chile-reise.com\/de\/wp-json\/wp\/v2\/pages"}],"about":[{"href":"https:\/\/www.chile-reise.com\/de\/wp-json\/wp\/v2\/types\/page"}],"author":[{"embeddable":true,"href":"https:\/\/www.chile-reise.com\/de\/wp-json\/wp\/v2\/users\/3"}],"replies":[{"embeddable":true,"href":"https:\/\/www.chile-reise.com\/de\/wp-json\/wp\/v2\/comments?post=2407"}],"version-history":[{"count":0,"href":"https:\/\/www.chile-reise.com\/de\/wp-json\/wp\/v2\/pages\/2407\/revisions"}],"up":[{"embeddable":true,"href":"https:\/\/www.chile-reise.com\/de\/wp-json\/wp\/v2\/pages\/101"}],"wp:attachment":[{"href":"https:\/\/www.chile-reise.com\/de\/wp-json\/wp\/v2\/media?parent=2407"}],"curies":[{"name":"wp","href":"https:\/\/api.w.org\/{rel}","templated":true}]}}