{"id":2401,"date":"2013-08-29T22:22:07","date_gmt":"2013-08-29T20:22:07","guid":{"rendered":"http:\/\/www.chile-reise.com\/wordpress\/?page_id=2401"},"modified":"2014-03-14T22:02:49","modified_gmt":"2014-03-14T20:02:49","slug":"im-land-der-mapuche","status":"publish","type":"page","link":"https:\/\/www.chile-reise.com\/de\/packages-daytrips\/seengebiet\/im-land-der-mapuche\/","title":{"rendered":"Im Land der Mapuche"},"content":{"rendered":"<p>\r\n        <style type='text\/css'>\r\n            #gallery-1 {\r\n                margin: auto;\r\n            }\r\n            #gallery-1 .gallery-item {\r\n                float: left;\r\n                margin-top: 10px;\r\n                text-align: center;\r\n                width: 33%;           }\r\n            #gallery-1 img {\r\n                border: 2px solid #cfcfcf;\r\n            }\r\n            #gallery-1 .gallery-caption {\r\n                margin-left: 0;\r\n            }\r\n        <\/style>\r\n        <!-- see gallery_shortcode() in wp-includes\/media.php -->\r\n        <div id='gallery-1' class='gallery-images gallery galleryid-2401'><dl class='gallery-item'>\r\n            <dt class='gallery-icon'>\r\n                <a href='https:\/\/www.chile-reise.com\/wp-content\/uploads\/Conguill\u00edo-National-Park-1_klein.jpg'><img loading=\"lazy\" decoding=\"async\" width=\"240\" height=\"140\" src=\"https:\/\/www.chile-reise.com\/wp-content\/uploads\/Conguill\u00edo-National-Park-1_klein-240x140.jpg\" class=\"attachment-thumbnail size-thumbnail\" alt=\"Conguill\u00edo National Park 1 klein\" \/><\/a>\r\n            <\/dt>\r\n                <dd class='gallery-caption'>\r\n                Conguill\u00edo National Park \r\n                <\/dd><\/dl><dl class='gallery-item'>\r\n            <dt class='gallery-icon'>\r\n                <a href='https:\/\/www.chile-reise.com\/wp-content\/uploads\/Huilo-Huilo-Waterfall_klein.jpg'><img loading=\"lazy\" decoding=\"async\" width=\"240\" height=\"140\" src=\"https:\/\/www.chile-reise.com\/wp-content\/uploads\/Huilo-Huilo-Waterfall_klein-240x140.jpg\" class=\"attachment-thumbnail size-thumbnail\" alt=\"Huilo Huilo Waterfall klein\" \/><\/a>\r\n            <\/dt>\r\n                <dd class='gallery-caption'>\r\n                Huilo Huilo Waterfall\r\n                <\/dd><\/dl><dl class='gallery-item'>\r\n            <dt class='gallery-icon'>\r\n                <a href='https:\/\/www.chile-reise.com\/wp-content\/uploads\/Mapuche-woman_by-George-Munro_klein.jpg'><img loading=\"lazy\" decoding=\"async\" width=\"240\" height=\"140\" src=\"https:\/\/www.chile-reise.com\/wp-content\/uploads\/Mapuche-woman_by-George-Munro_klein-240x140.jpg\" class=\"attachment-thumbnail size-thumbnail\" alt=\"Mapuche woman by George Munro klein\" \/><\/a>\r\n            <\/dt>\r\n                <dd class='gallery-caption'>\r\n                Mapuche Woman\r\n                <\/dd><\/dl><br style=\"clear: both\" \/><dl class='gallery-item'>\r\n            <dt class='gallery-icon'>\r\n                <a href='https:\/\/www.chile-reise.com\/wp-content\/uploads\/Volcan-Lonquimay_05_klein.jpg'><img loading=\"lazy\" decoding=\"async\" width=\"240\" height=\"140\" src=\"https:\/\/www.chile-reise.com\/wp-content\/uploads\/Volcan-Lonquimay_05_klein-240x140.jpg\" class=\"attachment-thumbnail size-thumbnail\" alt=\"OLYMPUS DIGITAL CAMERA\" \/><\/a>\r\n            <\/dt>\r\n                <dd class='gallery-caption'>\r\n                Volcano Lonquimay\r\n                <\/dd><\/dl><dl class='gallery-item'>\r\n            <dt class='gallery-icon'>\r\n                <a href='https:\/\/www.chile-reise.com\/wp-content\/uploads\/Vulkan-Villarrica-26_klein1.jpg'><img loading=\"lazy\" decoding=\"async\" width=\"240\" height=\"140\" src=\"https:\/\/www.chile-reise.com\/wp-content\/uploads\/Vulkan-Villarrica-26_klein1-240x140.jpg\" class=\"attachment-thumbnail size-thumbnail\" alt=\"Vulkan Villarrica (26) klein\" \/><\/a>\r\n            <\/dt>\r\n                <dd class='gallery-caption'>\r\n                Volcano Villarica\r\n                <\/dd><\/dl><dl class='gallery-item'>\r\n            <dt class='gallery-icon'>\r\n                <a href='https:\/\/www.chile-reise.com\/wp-content\/uploads\/Termas-Geometricas_klein.jpg'><img loading=\"lazy\" decoding=\"async\" width=\"240\" height=\"140\" src=\"https:\/\/www.chile-reise.com\/wp-content\/uploads\/Termas-Geometricas_klein-240x140.jpg\" class=\"attachment-thumbnail size-thumbnail\" alt=\"Termas Geometricas klein\" \/><\/a>\r\n            <\/dt>\r\n                <dd class='gallery-caption'>\r\n                Termas Geometricas\r\n                <\/dd><\/dl><br style=\"clear: both\" \/>\r\n            <br style='clear: both;' \/>\r\n        <\/div>\n<div class=\"clear\"><\/div><div class=\"divider\"><\/div>\n<p><strong>Art der Reise:<\/strong> Natur<br \/>\n<strong>Dauer:<\/strong> 7 Tage<\/p>\n\n\t<script type=\"text\/javascript\">\tjQuery(document).ready(function($){\tjQuery(\"ul.tabs-nav\").tabs(\"> .pane\"); }); <\/script>\n\n\t\t<div class=\"post-tabs\">\n\t\t\n<ul class=\"tabs-nav\">\n<li>Tourverlauf<\/li>\n<\/ul>\n\n\t\t<div class=\"pane\">\n\t\t\n<strong>1.Tag \u2013 Temuco \u2013 Curaucat\u00edn<\/strong><br \/>\nAnkunft am Flughafen von Temuco. Lernen Sie Temuco bei einer Stadtrundfahrt kennen und tauchen Sie in das bunte Treiben seiner traditionellen M\u00e4rkte ein.<br \/>\nDanach besuchen Sie etwas au\u00dferhalb von Temuco eine traditionelle  Mapuche-Ruca (Rundhaus)  und k\u00f6nnen dort  von der Besitzerin Sra. Juanita bei einem Gespr\u00e4ch Wissenswertes \u00fcber Kultur, Geschichte und die aktuelle Situation der Mapuche erfahren. Sra Juanita geh\u00f6rt zu der Gruppe \u201ecasa de la mujer mapuche\u00bb (Haus der Mapuche-Frau), die in\u00a0Temuco auch einen Kunsthand-werksladen betreibt.<br \/>\nNach diesem informativen Besuch fahren Sie weiter nach Curacaut\u00edn und \u00fcbernachten dort.<\/p>\n<p><strong>2.Tag \u2013 Vulkan Llonquimay und Crater Navidad<\/strong><br \/>\nDie Fahrt geht von Curacaut\u00edn durch die uralten Araukarienw\u00e4lder des Naturschutzgebietes Malacahuello bis zum 2985 m hohen Vulkan Lonquimay. Nach wie vor ist die Region Araucan\u00eda  Andina ein Geheimtipp in Chile:<br \/>\n\u00dcber eine gute Schotterpiste gelangt man an den Vulkan Lonquimay, der von einer Mondlandschaft aus riesigen Asche- und Lavafeldern umgeben ist. In dieser Einsamkeit \u2013 fast ohne Infrastruktur \u2013 erscheint das winzige Skigebiet des Vulkans wie aus einer anderen Welt. Am 25.12.1988  ist der Vulkan zum letzten Mal ausgebrochen. Der dabei entstandene Krater wurde deswegen \u00abNavidad\u00bb \u2013 \u00abWeihnachtskrater\u00bb \u2013 getauft.  Eine einfache 1-2 st\u00fcndige Wanderroute f\u00fchrt Sie durch die Aschefelder bis an den Fu\u00df des Kraters.<br \/>\nGegen  Abend R\u00fcckfahrt zum Hotel<\/p>\n<p><strong>3.Tag \u2013 Conguillio Nationalpark<\/strong><br \/>\nHeute  durchqueren Sie den Nationalpark Conguillio  zuerst von Nord nach S\u00fcd und beginnen dann mit Ihrer Wanderung. Der alles \u00fcberragende, aktive Vulkan Llaima hat hier immense Lavafelder hinterlassen, Sie werden auch die Spuren des letzten Ausbruchs von 2007 sehen k\u00f6nnen. Sie wandern zum Sierra Nevada-Gebirgszug (variabel; 1,5-3 Std. Fussweg). Von dort aus bieten sich fantastische Ausblicke auf den Vulkan Llaima und viele umliegende Seen und Lagunen, die wie blaue Tupfen zwischen den tiefgr\u00fcnen Urw\u00e4ldern liegen. Sie werden die regenschirmartigen Araukarienb\u00e4ume sehen, die der Region ihren Namen geben. Diese in Chile heimischen, aber sonst seltenen B\u00e4ume haben fast unver\u00e4ndert seit der Zeit der Dinosaurier \u00fcberlebt.<br \/>\n\u00dcbernachtung in Villarrica, Puc\u00f3n oder im Nationalpark.<\/p>\n<p><strong>4.Tag \u2013 Lavah\u00f6hlen des Vulkan Villarrica<\/strong><br \/>\nNach dem Fr\u00fchst\u00fcck fahren Sie zum Eingang der \u00abUnterwelt\u00bb der Villarrica-Lavah\u00f6hlen, steinernes Zeugnis der verschiedenen Ausbr\u00fcche dieses sehr aktiven Vulkans. Entstanden sind diese Tunnel vor rund 2 Millionen Jahren, als die oberste Schicht des gigantischen Lavastromes aus dem Vulkan Villarrica an der Luft zu erstarren begann, die Lava darunter jedoch weiterfloss. Heute k\u00f6nnen Sie etwa 300 m tief in die H\u00f6hlen hineingehen und sich so den Lavastrom von innen ansehen.<br \/>\nBei der ca. einst\u00fcndigen  Exkursion werden Sie von einem erfahrenen Reiseleiter begleitet. Anschlie\u00dfend fahren Sie zum Skizentrum Rucapillan im  Villarrica Nationalpark, um einen Spaziergang zu unternehmen und die Aussicht \u00ab\u00fcber  Tage\u00bb zu genie\u00dfen.<br \/>\n\u00dcbernachtung in Villarrica oder Puc\u00f3n.<\/p>\n<p><strong>5.Tag \u2013 Termas Geometricas \u2013 Naturpark Huilo Huilo<\/strong><br \/>\nSie fahren \u00fcber Villarrica zu den Termas Geometricas (geometrische  Thermen),  genau das richtige Ziel, um richtig auszuspannen. Schon die Fahrt \u00fcber Villarrica nach Co\u00f1aripe lohnt sich auf Grund der sch\u00f6nen Landschaft.<br \/>\nDie Termas Geometricas sind ein ganz besonderer Ort: In einer vorher unzug\u00e4nglichen Schlucht mitten in tiefem Wald sprudeln mehr als sechzig 80\u00baC hei\u00dfe Quellen zutage. In dieser urspr\u00fcnglichen Umgebung laden 20 rustikale geometrische Becken mit Temperaturen von 35\u00baC bis 45\u00baC zum  Baden und Entspannen ein. Zwischen den Becken verlaufen h\u00f6lzerne Stege und Br\u00fccken durch das ganze Gel\u00e4nde. Tags\u00fcber k\u00f6nnen Sie die wilde Landschaft aus Fels und Wald genie\u00dfen und abends werden Lichter und Kerzen auf die Stege gestellt, sodass ein romantisches Ambiente entsteht.<br \/>\nAm sp\u00e4ten Nachmittag Weiterfahrt in den Naturpark Huilo Huilo und \u00dcbernachtung in einem seiner urgem\u00fctlichen <a href=\"https:\/\/www.chile-reise.com\/hotels\/seengebiet\/nothofagus-hotel-spa\/\" title=\"Nothofagus Hotel &#038; Spa ****\">Hotels<\/a>.<\/p>\n<p><strong>6.Tag \u2013 Naturpark Huilo Huilo<\/strong><br \/>\nTag zur freien Verf\u00fcgung. Lernen Sie den wundersch\u00f6nen Naturpark Huilo Huilo kennen. Vom Hotel aus f\u00fchren  Wanderwege durch den Regenwald zum  Wasserfall \u00abSalto la Leona\u00bb und zum etwas weiter entfernten m\u00e4chtigen Huilo-Huilo-Wasserfall. Es werden weitere, gef\u00fchrte Trekkingtouren, leichte Reitausfl\u00fcge , Canopy und Jeeptouren zum  Vulkan Choshuenco zum Sonnenauf- oder Sonnenuntergang angeboten.<br \/>\nAmbitionierte Wanderer k\u00f6nnen den Vulkan Mocho besteigen (technisch einfach) und die faszinierende Vulkanlandschaft von oberhalb der Baumgrenze bestaunen.<\/p>\n<p><strong>7.Tag \u2013 Naturpark Huilo Huilo &#8211; Valdivia<\/strong><br \/>\nTransfer nach Valdivia. Je nach Uhrzeit Ihres R\u00fcckfluges, besteht die Gelegenheit, Valdivia bei einer Citytour kennen zu lernen. Die Stadt war einst eine stark umk\u00e4mpfte spanische Festung im Kampf gegen die Mapuche. Ab Mitte des 19. Jahrhunderts bestimmten deutsche Einwanderer das Stadtbild und er\u00f6ffneten hier Chiles erste Brauerei. Die Stadt kam zu Wohlstand, was man noch heute an den vielen sch\u00f6nen Villen am Fluss sehen kann. Sie machen das 140.000 Einwohner z\u00e4hlende Valdivia zu einer der sch\u00f6nsten St\u00e4dte Chiles. Sie k\u00f6nnen eine Flussfahrt auf dem Fluss Calle Calle unternehmen oder sich am Mercado Fluvial vom bunten Treiben mitrei\u00dfen lassen.<br \/>\n\n\t\t<\/div>\n\t\n\n\t\t<\/div>\n\t<\/p>","protected":false},"excerpt":{"rendered":"<p>Art der Reise: Natur Dauer: 7 Tage<\/p>\n","protected":false},"author":3,"featured_media":0,"parent":101,"menu_order":0,"comment_status":"open","ping_status":"open","template":"","meta":{"slim_seo":{"title":"Im Land der Mapuche In the Land of The Mapuche - travelArt","description":"Conguill\u00edo National Park Huilo Huilo Waterfall Mapuche Woman Volcano Lonquimay Volcano Villarica Termas Geometricas Art der Reise: Natur Dauer: 7 Tage Tourverla"},"footnotes":""},"class_list":["post-2401","page","type-page","status-publish","hentry"],"_links":{"self":[{"href":"https:\/\/www.chile-reise.com\/de\/wp-json\/wp\/v2\/pages\/2401","targetHints":{"allow":["GET"]}}],"collection":[{"href":"https:\/\/www.chile-reise.com\/de\/wp-json\/wp\/v2\/pages"}],"about":[{"href":"https:\/\/www.chile-reise.com\/de\/wp-json\/wp\/v2\/types\/page"}],"author":[{"embeddable":true,"href":"https:\/\/www.chile-reise.com\/de\/wp-json\/wp\/v2\/users\/3"}],"replies":[{"embeddable":true,"href":"https:\/\/www.chile-reise.com\/de\/wp-json\/wp\/v2\/comments?post=2401"}],"version-history":[{"count":0,"href":"https:\/\/www.chile-reise.com\/de\/wp-json\/wp\/v2\/pages\/2401\/revisions"}],"up":[{"embeddable":true,"href":"https:\/\/www.chile-reise.com\/de\/wp-json\/wp\/v2\/pages\/101"}],"wp:attachment":[{"href":"https:\/\/www.chile-reise.com\/de\/wp-json\/wp\/v2\/media?parent=2401"}],"curies":[{"name":"wp","href":"https:\/\/api.w.org\/{rel}","templated":true}]}}