{"id":2397,"date":"2013-08-29T22:06:02","date_gmt":"2013-08-29T20:06:02","guid":{"rendered":"http:\/\/www.chile-reise.com\/wordpress\/?page_id=2397"},"modified":"2014-03-14T22:05:47","modified_gmt":"2014-03-14T20:05:47","slug":"nationalpark-conguillio-und-vulkan-llaima","status":"publish","type":"page","link":"https:\/\/www.chile-reise.com\/de\/packages-daytrips\/seengebiet\/nationalpark-conguillio-und-vulkan-llaima\/","title":{"rendered":"Nationalpark Conguillio und Vulkan Llaima"},"content":{"rendered":"<p>\r\n        <style type='text\/css'>\r\n            #gallery-1 {\r\n                margin: auto;\r\n            }\r\n            #gallery-1 .gallery-item {\r\n                float: left;\r\n                margin-top: 10px;\r\n                text-align: center;\r\n                width: 33%;           }\r\n            #gallery-1 img {\r\n                border: 2px solid #cfcfcf;\r\n            }\r\n            #gallery-1 .gallery-caption {\r\n                margin-left: 0;\r\n            }\r\n        <\/style>\r\n        <!-- see gallery_shortcode() in wp-includes\/media.php -->\r\n        <div id='gallery-1' class='gallery-images gallery galleryid-2397'><dl class='gallery-item'>\r\n            <dt class='gallery-icon'>\r\n                <a href='https:\/\/www.chile-reise.com\/wp-content\/uploads\/Conguillio-1_klein.jpg'><img loading=\"lazy\" decoding=\"async\" width=\"240\" height=\"140\" src=\"https:\/\/www.chile-reise.com\/wp-content\/uploads\/Conguillio-1_klein-240x140.jpg\" class=\"attachment-thumbnail size-thumbnail\" alt=\"Conguillio 1 klein\" \/><\/a>\r\n            <\/dt>\r\n                <dd class='gallery-caption'>\r\n                Conguill\u00edo National Park \r\n                <\/dd><\/dl><dl class='gallery-item'>\r\n            <dt class='gallery-icon'>\r\n                <a href='https:\/\/www.chile-reise.com\/wp-content\/uploads\/Conguill\u00edo-National-Park-1_klein1.jpg'><img loading=\"lazy\" decoding=\"async\" width=\"240\" height=\"140\" src=\"https:\/\/www.chile-reise.com\/wp-content\/uploads\/Conguill\u00edo-National-Park-1_klein1-240x140.jpg\" class=\"attachment-thumbnail size-thumbnail\" alt=\"Conguill\u00edo National Park 1 klein\" \/><\/a>\r\n            <\/dt>\r\n                <dd class='gallery-caption'>\r\n                Conguill\u00edo National Park \r\n                <\/dd><\/dl><dl class='gallery-item'>\r\n            <dt class='gallery-icon'>\r\n                <a href='https:\/\/www.chile-reise.com\/wp-content\/uploads\/Conguill\u00edo-National-Park-2_klein.jpg'><img loading=\"lazy\" decoding=\"async\" width=\"240\" height=\"140\" src=\"https:\/\/www.chile-reise.com\/wp-content\/uploads\/Conguill\u00edo-National-Park-2_klein-240x140.jpg\" class=\"attachment-thumbnail size-thumbnail\" alt=\"Conguill\u00edo National Park 2 klein\" \/><\/a>\r\n            <\/dt>\r\n                <dd class='gallery-caption'>\r\n                Conguill\u00edo National Park \r\n                <\/dd><\/dl><br style=\"clear: both\" \/><dl class='gallery-item'>\r\n            <dt class='gallery-icon'>\r\n                <a href='https:\/\/www.chile-reise.com\/wp-content\/uploads\/Conguillio_klein.jpg'><img loading=\"lazy\" decoding=\"async\" width=\"240\" height=\"140\" src=\"https:\/\/www.chile-reise.com\/wp-content\/uploads\/Conguillio_klein-240x140.jpg\" class=\"attachment-thumbnail size-thumbnail\" alt=\"Conguillio klein\" \/><\/a>\r\n            <\/dt>\r\n                <dd class='gallery-caption'>\r\n                Conguill\u00edo National Park \r\n                <\/dd><\/dl>\r\n            <br style='clear: both;' \/>\r\n        <\/div>\n<div class=\"clear\"><\/div><div class=\"divider\"><\/div>\n<p><strong>Art der Reise:<\/strong> Natur<br \/>\n<strong>Dauer:<\/strong> 1 Tag<\/p>\n\n\t<script type=\"text\/javascript\">\tjQuery(document).ready(function($){\tjQuery(\"ul.tabs-nav\").tabs(\"> .pane\"); }); <\/script>\n\n\t\t<div class=\"post-tabs\">\n\t\t\n<ul class=\"tabs-nav\">\n<li>Tourverlauf<\/li>\n<li>Ausr\u00fcstung<\/li>\n<li>Anmerkungen<\/li>\n<\/ul>\n\n\t\t<div class=\"pane\">\n\t\t\nDiese Ganztagestour f\u00fchrt Sie in den Nationalpark Conguillio mit dem imposanten, alles \u00fcberragenden, aktiven Vulkan Llaima. Hier haben Sie die Gelegenheit, riesige Lavafelder zu erkunden, bevor Sie zum Sierra Nevada &#8211; Gebirgszug wandern (variabel; 1,5-3 Std. Fussweg). Von dort aus bieten sich fantastische Ausblicke auf den  Vulkan  und viele umliegende Seen und Lagunen, die  wie blaue Tupfen zwischen den tiefgr\u00fcnen Urw\u00e4ldern liegen. Sie werden die regenschirmartigen Araukarien-b\u00e4ume sehen, die der Region ihren Namen geben. Diese in Chile heimischen, aber sonst seltenen B\u00e4ume haben fast unver\u00e4ndert seit der Zeit der Dinosaurier \u00fcberlebt. Am sp\u00e4ten Nachmittag R\u00fcckfahrt nach Puc\u00f3n.<br \/>\n\n\t\t<\/div>\n\t\n\n\t\t<div class=\"pane\">\n\t\t\nWanderschuhe<br \/>\n\n\t\t<\/div>\n\t\n\n\t\t<div class=\"pane\">\n\t\t\nDie Wanderung kann von 1,5 bis 3 Stunden variiert werden.<br \/>\n\n\t\t<\/div>\n\t\n\n\t\t<\/div>\n\t<\/p>","protected":false},"excerpt":{"rendered":"<p>Art der Reise: Natur Dauer: 1 Tag<\/p>\n","protected":false},"author":3,"featured_media":0,"parent":101,"menu_order":0,"comment_status":"open","ping_status":"open","template":"","meta":{"slim_seo":{"title":"Nationalpark Conguillio und Vulkan Llaima Conguillio National Park and the Llaima Volcano - travelArt","description":"Conguill\u00edo National Park Conguill\u00edo National Park Conguill\u00edo National Park Conguill\u00edo National Park Art der Reise: Natur Dauer: 1 Tag Tourverlauf Ausr\u00fcstung Anm"},"footnotes":""},"class_list":["post-2397","page","type-page","status-publish","hentry"],"_links":{"self":[{"href":"https:\/\/www.chile-reise.com\/de\/wp-json\/wp\/v2\/pages\/2397","targetHints":{"allow":["GET"]}}],"collection":[{"href":"https:\/\/www.chile-reise.com\/de\/wp-json\/wp\/v2\/pages"}],"about":[{"href":"https:\/\/www.chile-reise.com\/de\/wp-json\/wp\/v2\/types\/page"}],"author":[{"embeddable":true,"href":"https:\/\/www.chile-reise.com\/de\/wp-json\/wp\/v2\/users\/3"}],"replies":[{"embeddable":true,"href":"https:\/\/www.chile-reise.com\/de\/wp-json\/wp\/v2\/comments?post=2397"}],"version-history":[{"count":0,"href":"https:\/\/www.chile-reise.com\/de\/wp-json\/wp\/v2\/pages\/2397\/revisions"}],"up":[{"embeddable":true,"href":"https:\/\/www.chile-reise.com\/de\/wp-json\/wp\/v2\/pages\/101"}],"wp:attachment":[{"href":"https:\/\/www.chile-reise.com\/de\/wp-json\/wp\/v2\/media?parent=2397"}],"curies":[{"name":"wp","href":"https:\/\/api.w.org\/{rel}","templated":true}]}}