{"id":2394,"date":"2013-08-29T21:56:39","date_gmt":"2013-08-29T19:56:39","guid":{"rendered":"http:\/\/www.chile-reise.com\/wordpress\/?page_id=2394"},"modified":"2014-03-14T22:08:34","modified_gmt":"2014-03-14T20:08:34","slug":"lamazuchtbetrieb-llamas-del-sur","status":"publish","type":"page","link":"https:\/\/www.chile-reise.com\/de\/packages-daytrips\/seengebiet\/lamazuchtbetrieb-llamas-del-sur\/","title":{"rendered":"Lamazuchtbetrieb &#8222;Llamas del Sur&#8220;"},"content":{"rendered":"<p>\r\n        <style type='text\/css'>\r\n            #gallery-1 {\r\n                margin: auto;\r\n            }\r\n            #gallery-1 .gallery-item {\r\n                float: left;\r\n                margin-top: 10px;\r\n                text-align: center;\r\n                width: 33%;           }\r\n            #gallery-1 img {\r\n                border: 2px solid #cfcfcf;\r\n            }\r\n            #gallery-1 .gallery-caption {\r\n                margin-left: 0;\r\n            }\r\n        <\/style>\r\n        <!-- see gallery_shortcode() in wp-includes\/media.php -->\r\n        <div id='gallery-1' class='gallery-images gallery galleryid-2394'><dl class='gallery-item'>\r\n            <dt class='gallery-icon'>\r\n                <a href='https:\/\/www.chile-reise.com\/wp-content\/uploads\/DSC03709_klein.jpg'><img loading=\"lazy\" decoding=\"async\" width=\"240\" height=\"140\" src=\"https:\/\/www.chile-reise.com\/wp-content\/uploads\/DSC03709_klein-240x140.jpg\" class=\"attachment-thumbnail size-thumbnail\" alt=\"DSC03709 klein\" \/><\/a>\r\n            <\/dt>\r\n                <dd class='gallery-caption'>\r\n                Llamas del Sur\r\n                <\/dd><\/dl><dl class='gallery-item'>\r\n            <dt class='gallery-icon'>\r\n                <a href='https:\/\/www.chile-reise.com\/wp-content\/uploads\/DSC03714_klein.jpg'><img loading=\"lazy\" decoding=\"async\" width=\"240\" height=\"140\" src=\"https:\/\/www.chile-reise.com\/wp-content\/uploads\/DSC03714_klein-240x140.jpg\" class=\"attachment-thumbnail size-thumbnail\" alt=\"DSC03714 klein\" \/><\/a>\r\n            <\/dt>\r\n                <dd class='gallery-caption'>\r\n                Llamas del Sur\r\n                <\/dd><\/dl>\r\n            <br style='clear: both;' \/>\r\n        <\/div>\n<div class=\"clear\"><\/div><div class=\"divider\"><\/div>\n<p><strong>Art der Reise:<\/strong> Kultur<br \/>\n<strong>Dauer:<\/strong> 1 Tag<\/p>\n\n\t<script type=\"text\/javascript\">\tjQuery(document).ready(function($){\tjQuery(\"ul.tabs-nav\").tabs(\"> .pane\"); }); <\/script>\n\n\t\t<div class=\"post-tabs\">\n\t\t\n<ul class=\"tabs-nav\">\n<li>Tourverlauf<\/li>\n<\/ul>\n\n\t\t<div class=\"pane\">\n\t\t\nDiese Exkursion f\u00fchrt Sie auf die L\u00e4ndereien des Zuchtbetriebs \u201eLlamas del Sur\u201c in der N\u00e4he von Temuco. Auf dem weitl\u00e4ufigen Gel\u00e4nde leben 365 Lamas, Alpacas und Guanacos, die hier, ideale Lebensbedingungen genie\u00dfen. Seit 1989 hat die Familie  von Baer ihre Herden erweitert, um einen der international bedeutendsten Gen-pools f\u00fcr die Zucht von Lamas, Alpacas und Guanacos zu schaffen. Die Tiere werden heute in die ganze Welt verkauft. Die  Wolle der Tiere wird genutzt um, ausgefallene Kleidungsst\u00fccke und Schmuck herzustellen. Bei Ihrem Besuch werden Sie die Grundlagen der Zucht kennenlernen, bevor Sie einen Spaziergang \u00fcber die L\u00e4ndereien unternehmen. Zur St\u00e4rkung wird ein Snack f\u00fcr Sie vorbereitet.<br \/>\n\n\t\t<\/div>\n\t\n\n\t\t<\/div>\n\t<\/p>","protected":false},"excerpt":{"rendered":"<p>Art der Reise: Kultur Dauer: 1 Tag<\/p>\n","protected":false},"author":3,"featured_media":0,"parent":101,"menu_order":0,"comment_status":"open","ping_status":"open","template":"","meta":{"slim_seo":{"title":"Lamazuchtbetrieb \"Llamas del Sur\" \"Llamas del Sur\" Breeding Farm - travelArt","description":"Llamas del Sur Llamas del Sur Art der Reise: Kultur Dauer: 1 Tag Tourverlauf Diese Exkursion f\u00fchrt Sie auf die L\u00e4ndereien des Zuchtbetriebs \u201eLlamas del Sur\u201c in"},"footnotes":""},"class_list":["post-2394","page","type-page","status-publish","hentry"],"_links":{"self":[{"href":"https:\/\/www.chile-reise.com\/de\/wp-json\/wp\/v2\/pages\/2394","targetHints":{"allow":["GET"]}}],"collection":[{"href":"https:\/\/www.chile-reise.com\/de\/wp-json\/wp\/v2\/pages"}],"about":[{"href":"https:\/\/www.chile-reise.com\/de\/wp-json\/wp\/v2\/types\/page"}],"author":[{"embeddable":true,"href":"https:\/\/www.chile-reise.com\/de\/wp-json\/wp\/v2\/users\/3"}],"replies":[{"embeddable":true,"href":"https:\/\/www.chile-reise.com\/de\/wp-json\/wp\/v2\/comments?post=2394"}],"version-history":[{"count":0,"href":"https:\/\/www.chile-reise.com\/de\/wp-json\/wp\/v2\/pages\/2394\/revisions"}],"up":[{"embeddable":true,"href":"https:\/\/www.chile-reise.com\/de\/wp-json\/wp\/v2\/pages\/101"}],"wp:attachment":[{"href":"https:\/\/www.chile-reise.com\/de\/wp-json\/wp\/v2\/media?parent=2394"}],"curies":[{"name":"wp","href":"https:\/\/api.w.org\/{rel}","templated":true}]}}