{"id":2392,"date":"2013-08-29T21:53:06","date_gmt":"2013-08-29T19:53:06","guid":{"rendered":"http:\/\/www.chile-reise.com\/wordpress\/?page_id=2392"},"modified":"2014-03-14T22:23:22","modified_gmt":"2014-03-14T20:23:22","slug":"ojos-de-caburga-und-termas-de-huife","status":"publish","type":"page","link":"https:\/\/www.chile-reise.com\/de\/packages-daytrips\/seengebiet\/ojos-de-caburga-und-termas-de-huife\/","title":{"rendered":"Ojos de Caburga und Termas de Huife"},"content":{"rendered":"<p>\r\n        <style type='text\/css'>\r\n            #gallery-1 {\r\n                margin: auto;\r\n            }\r\n            #gallery-1 .gallery-item {\r\n                float: left;\r\n                margin-top: 10px;\r\n                text-align: center;\r\n                width: 33%;           }\r\n            #gallery-1 img {\r\n                border: 2px solid #cfcfcf;\r\n            }\r\n            #gallery-1 .gallery-caption {\r\n                margin-left: 0;\r\n            }\r\n        <\/style>\r\n        <!-- see gallery_shortcode() in wp-includes\/media.php -->\r\n        <div id='gallery-1' class='gallery-images gallery galleryid-2392'><dl class='gallery-item'>\r\n            <dt class='gallery-icon'>\r\n                <a href='https:\/\/www.chile-reise.com\/wp-content\/uploads\/Ojos-de-Caburgua-1_klein.jpg'><img loading=\"lazy\" decoding=\"async\" width=\"240\" height=\"140\" src=\"https:\/\/www.chile-reise.com\/wp-content\/uploads\/Ojos-de-Caburgua-1_klein-240x140.jpg\" class=\"attachment-thumbnail size-thumbnail\" alt=\"Ojos de Caburgua (1) klein\" \/><\/a>\r\n            <\/dt>\r\n                <dd class='gallery-caption'>\r\n                Ojos de Caburgua\r\n                <\/dd><\/dl><dl class='gallery-item'>\r\n            <dt class='gallery-icon'>\r\n                <a href='https:\/\/www.chile-reise.com\/wp-content\/uploads\/termas_huife_web22_klein.jpg'><img loading=\"lazy\" decoding=\"async\" width=\"240\" height=\"140\" src=\"https:\/\/www.chile-reise.com\/wp-content\/uploads\/termas_huife_web22_klein-240x140.jpg\" class=\"attachment-thumbnail size-thumbnail\" alt=\"Termas huife web(22) klein\" \/><\/a>\r\n            <\/dt>\r\n                <dd class='gallery-caption'>\r\n                Termas Huife\r\n                <\/dd><\/dl>\r\n            <br style='clear: both;' \/>\r\n        <\/div>\n<div class=\"clear\"><\/div><div class=\"divider\"><\/div>\n<p><strong>Art der Reise:<\/strong> Natur<br \/>\n<strong>Dauer:<\/strong> 1 Tag<\/p>\n\n\t<script type=\"text\/javascript\">\tjQuery(document).ready(function($){\tjQuery(\"ul.tabs-nav\").tabs(\"> .pane\"); }); <\/script>\n\n\t\t<div class=\"post-tabs\">\n\t\t\n<ul class=\"tabs-nav\">\n<li>Tourverlauf<\/li>\n<\/ul>\n\n\t\t<div class=\"pane\">\n\t\t\nErste Station dieses Tagesausflugs sind die \u00f6stlich von Puc\u00f3n gelegenen \u201eOjos del Caburga\u201c, nat\u00fcrliche runde Wasserbecken, die von Wasserf\u00e4llen des Rio Caburga gespeist werden, der aus dem gleichnamigen See kommt. Ihre wunderbare tiefblaue F\u00e4rbung ergibt einen sch\u00f6nen Kontrast zu dem umgebenden gr\u00fcnen Wald.<br \/>\nVon dort aus geht es durch vulkanisch gepr\u00e4gte Landschaft weiter, den Rio Liucura entlang zum Hotel Termas de Huife. Drei gro\u00dfe Wasserbecken mit Temperaturen zwischen 38\u00baC und 58\u00baC laden hier zum Relaxen ein. Einzelwannen, eine Sauna und Massageangebote machen das Entspannungspanorama perfekt.<br \/>\nNach dem Besuch der Thermen R\u00fcckfahrt zum Hotel.<br \/>\n\n\t\t<\/div>\n\t\n\n\t\t<\/div>\n\t<\/p>","protected":false},"excerpt":{"rendered":"<p>Art der Reise: Natur Dauer: 1 Tag<\/p>\n","protected":false},"author":3,"featured_media":0,"parent":101,"menu_order":0,"comment_status":"open","ping_status":"open","template":"","meta":{"slim_seo":{"title":"Ojos de Caburga und Termas de Huife Ojos de Caburga and Termas de Huife - travelArt","description":"Ojos de Caburgua Termas Huife Art der Reise: Natur Dauer: 1 Tag Tourverlauf Erste Station dieses Tagesausflugs sind die \u00f6stlich von Puc\u00f3n gelegenen \u201eOjos del Ca"},"footnotes":""},"class_list":["post-2392","page","type-page","status-publish","hentry"],"_links":{"self":[{"href":"https:\/\/www.chile-reise.com\/de\/wp-json\/wp\/v2\/pages\/2392","targetHints":{"allow":["GET"]}}],"collection":[{"href":"https:\/\/www.chile-reise.com\/de\/wp-json\/wp\/v2\/pages"}],"about":[{"href":"https:\/\/www.chile-reise.com\/de\/wp-json\/wp\/v2\/types\/page"}],"author":[{"embeddable":true,"href":"https:\/\/www.chile-reise.com\/de\/wp-json\/wp\/v2\/users\/3"}],"replies":[{"embeddable":true,"href":"https:\/\/www.chile-reise.com\/de\/wp-json\/wp\/v2\/comments?post=2392"}],"version-history":[{"count":0,"href":"https:\/\/www.chile-reise.com\/de\/wp-json\/wp\/v2\/pages\/2392\/revisions"}],"up":[{"embeddable":true,"href":"https:\/\/www.chile-reise.com\/de\/wp-json\/wp\/v2\/pages\/101"}],"wp:attachment":[{"href":"https:\/\/www.chile-reise.com\/de\/wp-json\/wp\/v2\/media?parent=2392"}],"curies":[{"name":"wp","href":"https:\/\/api.w.org\/{rel}","templated":true}]}}