{"id":2389,"date":"2013-08-29T21:41:10","date_gmt":"2013-08-29T19:41:10","guid":{"rendered":"http:\/\/www.chile-reise.com\/wordpress\/?page_id=2389"},"modified":"2014-03-14T22:25:41","modified_gmt":"2014-03-14T20:25:41","slug":"termas-geometricas","status":"publish","type":"page","link":"https:\/\/www.chile-reise.com\/de\/packages-daytrips\/seengebiet\/termas-geometricas\/","title":{"rendered":"Termas Geometricas"},"content":{"rendered":"<p>\r\n        <style type='text\/css'>\r\n            #gallery-1 {\r\n                margin: auto;\r\n            }\r\n            #gallery-1 .gallery-item {\r\n                float: left;\r\n                margin-top: 10px;\r\n                text-align: center;\r\n                width: 33%;           }\r\n            #gallery-1 img {\r\n                border: 2px solid #cfcfcf;\r\n            }\r\n            #gallery-1 .gallery-caption {\r\n                margin-left: 0;\r\n            }\r\n        <\/style>\r\n        <!-- see gallery_shortcode() in wp-includes\/media.php -->\r\n        <div id='gallery-1' class='gallery-images gallery galleryid-2389'><dl class='gallery-item'>\r\n            <dt class='gallery-icon'>\r\n                <a href='https:\/\/www.chile-reise.com\/wp-content\/uploads\/Termas-Geometricas_klein1.jpg'><img loading=\"lazy\" decoding=\"async\" width=\"240\" height=\"140\" src=\"https:\/\/www.chile-reise.com\/wp-content\/uploads\/Termas-Geometricas_klein1-240x140.jpg\" class=\"attachment-thumbnail size-thumbnail\" alt=\"Termas Geometricas klein\" \/><\/a>\r\n            <\/dt>\r\n                <dd class='gallery-caption'>\r\n                Termas Geometricas\r\n                <\/dd><\/dl>\r\n            <br style='clear: both;' \/>\r\n        <\/div>\n<div class=\"clear\"><\/div><div class=\"divider\"><\/div>\n<p><strong>Art der Reise:<\/strong> Natur<br \/>\n<strong>Dauer:<\/strong> 1 Tag<\/p>\n\n\t<script type=\"text\/javascript\">\tjQuery(document).ready(function($){\tjQuery(\"ul.tabs-nav\").tabs(\"> .pane\"); }); <\/script>\n\n\t\t<div class=\"post-tabs\">\n\t\t\n<ul class=\"tabs-nav\">\n<li>Tourverlauf<\/li>\n<\/ul>\n\n\t\t<div class=\"pane\">\n\t\t\nDie Termas Geometricas (geometrische Thermen) sind genau das richtige Ziel, wenn Sie zwischen zwei Wandertagen einmal ausspannen m\u00f6chten. Schon die Fahrt nach Co\u00f1aripe, immer am S\u00fcdufer des Villarrica Sees und sp\u00e4ter am Nordufer des Calafquen Sees vorbei lohnt sich auf Grund der sch\u00f6nen Landschaft. Die Termas Geometricas sind ein ganz besonderer Ort: In einer vorher unzug\u00e4nglichen Schlucht mitten in tiefem Wald sprudeln mehr als 60 80\u00baC hei\u00dfe Quellen zutage. In dieser urspr\u00fcnglichen Umgebung laden 20 rustikale geometrische Becken in mit Temperaturen von von 35 \u00baC bis 45 \u00baC zum Baden und Entspannen ein. Zwischen den Becken verlaufen h\u00f6lzerne Stege und Br\u00fccken durch das ganze Gel\u00e4nde. Tags\u00fcber k\u00f6nnen Sie die wilde Landschaft aus Fels und Wald genie\u00dfen und abends werden Lichter und Kerzen auf die Stege gestellt, so dass ein romantisches Ambiente entsteht. Dieses Bad werden Sie bestimmt so schnell nicht vergessen!<br \/>\n\n\t\t<\/div>\n\t\n\n\t\t<\/div>\n\t<\/p>","protected":false},"excerpt":{"rendered":"<p>Art der Reise: Natur Dauer: 1 Tag<\/p>\n","protected":false},"author":3,"featured_media":0,"parent":101,"menu_order":0,"comment_status":"open","ping_status":"open","template":"","meta":{"slim_seo":{"title":"Termas Geometricas Termas Geometricas - travelArt","description":"Termas Geometricas Art der Reise: Natur Dauer: 1 Tag Tourverlauf Die Termas Geometricas (geometrische Thermen) sind genau das richtige Ziel, wenn Sie zwischen z"},"footnotes":""},"class_list":["post-2389","page","type-page","status-publish","hentry"],"_links":{"self":[{"href":"https:\/\/www.chile-reise.com\/de\/wp-json\/wp\/v2\/pages\/2389","targetHints":{"allow":["GET"]}}],"collection":[{"href":"https:\/\/www.chile-reise.com\/de\/wp-json\/wp\/v2\/pages"}],"about":[{"href":"https:\/\/www.chile-reise.com\/de\/wp-json\/wp\/v2\/types\/page"}],"author":[{"embeddable":true,"href":"https:\/\/www.chile-reise.com\/de\/wp-json\/wp\/v2\/users\/3"}],"replies":[{"embeddable":true,"href":"https:\/\/www.chile-reise.com\/de\/wp-json\/wp\/v2\/comments?post=2389"}],"version-history":[{"count":0,"href":"https:\/\/www.chile-reise.com\/de\/wp-json\/wp\/v2\/pages\/2389\/revisions"}],"up":[{"embeddable":true,"href":"https:\/\/www.chile-reise.com\/de\/wp-json\/wp\/v2\/pages\/101"}],"wp:attachment":[{"href":"https:\/\/www.chile-reise.com\/de\/wp-json\/wp\/v2\/media?parent=2389"}],"curies":[{"name":"wp","href":"https:\/\/api.w.org\/{rel}","templated":true}]}}