{"id":238,"date":"2013-07-02T23:29:50","date_gmt":"2013-07-02T21:29:50","guid":{"rendered":"http:\/\/www.chile-reise.com\/wordpress\/?page_id=238"},"modified":"2013-10-02T18:23:27","modified_gmt":"2013-10-02T16:23:27","slug":"hotel-qantati","status":"publish","type":"page","link":"https:\/\/www.chile-reise.com\/de\/hotels\/altiplano\/hotel-qantati\/","title":{"rendered":"Hotel Q\u2019antati ***"},"content":{"rendered":"<p>\r\n        <style type='text\/css'>\r\n            #gallery-1 {\r\n                margin: auto;\r\n            }\r\n            #gallery-1 .gallery-item {\r\n                float: left;\r\n                margin-top: 10px;\r\n                text-align: center;\r\n                width: 33%;           }\r\n            #gallery-1 img {\r\n                border: 2px solid #cfcfcf;\r\n            }\r\n            #gallery-1 .gallery-caption {\r\n                margin-left: 0;\r\n            }\r\n        <\/style>\r\n        <!-- see gallery_shortcode() in wp-includes\/media.php -->\r\n        <div id='gallery-1' class='gallery-images gallery galleryid-238'><dl class='gallery-item'>\r\n            <dt class='gallery-icon'>\r\n                <a href='https:\/\/www.chile-reise.com\/wp-content\/uploads\/Qantati.jpg'><img loading=\"lazy\" decoding=\"async\" width=\"240\" height=\"140\" src=\"https:\/\/www.chile-reise.com\/wp-content\/uploads\/Qantati-240x140.jpg\" class=\"attachment-thumbnail size-thumbnail\" alt=\"Qantati\" \/><\/a>\r\n            <\/dt>\r\n                <dd class='gallery-caption'>\r\n                Hotel Q&#8216; antati\r\n                <\/dd><\/dl><dl class='gallery-item'>\r\n            <dt class='gallery-icon'>\r\n                <a href='https:\/\/www.chile-reise.com\/wp-content\/uploads\/Qantati_hab.jpg'><img loading=\"lazy\" decoding=\"async\" width=\"240\" height=\"140\" src=\"https:\/\/www.chile-reise.com\/wp-content\/uploads\/Qantati_hab-240x140.jpg\" class=\"attachment-thumbnail size-thumbnail\" alt=\"Qantati hab\" \/><\/a>\r\n            <\/dt>\r\n                <dd class='gallery-caption'>\r\n                Hotel Q&#8216; antati Room\r\n                <\/dd><\/dl><dl class='gallery-item'>\r\n            <dt class='gallery-icon'>\r\n                <a href='https:\/\/www.chile-reise.com\/wp-content\/uploads\/Quantati-Living-Room.jpg'><img loading=\"lazy\" decoding=\"async\" width=\"240\" height=\"140\" src=\"https:\/\/www.chile-reise.com\/wp-content\/uploads\/Quantati-Living-Room-240x140.jpg\" class=\"attachment-thumbnail size-thumbnail\" alt=\"Quantati Living Room\" \/><\/a>\r\n            <\/dt>\r\n                <dd class='gallery-caption'>\r\n                Hotel Q&#8216; antati Living Room\r\n                <\/dd><\/dl><br style=\"clear: both\" \/>\r\n            <br style='clear: both;' \/>\r\n        <\/div>\n\n<div class=\"clear\"><\/div><div class=\"divider\"><\/div>\n<p>Das kleine, famil\u00e4re Hotel Q\u2019antati liegt inmitten bunter G\u00e4rten am Rand des Hochlanddorfes Putre  und bietet einen sch\u00f6nen Blick auf die verschneiten Anden. Die einfachen, aber sauberen Zimmer verf\u00fcgen \u00fcber eine Zentralheizung, was die G\u00e4ste in kalten Hochlandn\u00e4chten sehr zu sch\u00e4tzen wissen.<\/p>\n<p><strong>Zimmer:<\/strong> 10<br \/>\n<strong>Ausstattung:<\/strong> Zentralheizung, Kabel-TV, Telefon, Aufenthaltsraum, Parkplatz<br \/>\n<strong>Internet:<\/strong> WiFi<\/p>","protected":false},"excerpt":{"rendered":"<p>Das kleine, famil\u00e4re Hotel Q\u2019antati liegt inmitten bunter G\u00e4rten am Rand des Hochlanddorfes Putre und bietet einen sch\u00f6nen Blick auf die verschneiten Anden. Die einfachen, aber sauberen Zimmer verf\u00fcgen \u00fcber eine Zentralheizung, was die G\u00e4ste in kalten Hochlandn\u00e4chten sehr zu &#8230;<\/p>\n","protected":false},"author":16,"featured_media":0,"parent":198,"menu_order":0,"comment_status":"open","ping_status":"open","template":"","meta":{"slim_seo":{"title":"Hotel Q\u2019antati *** Hotel Q\u2019antati *** - travelArt","description":"Hotel Q&#8216; antati Hotel Q&#8216; antati Room Hotel Q&#8216; antati Living Room Das kleine, famil\u00e4re Hotel Q\u2019antati liegt inmitten bunter G\u00e4rten am Rand des"},"footnotes":""},"class_list":["post-238","page","type-page","status-publish","hentry"],"_links":{"self":[{"href":"https:\/\/www.chile-reise.com\/de\/wp-json\/wp\/v2\/pages\/238","targetHints":{"allow":["GET"]}}],"collection":[{"href":"https:\/\/www.chile-reise.com\/de\/wp-json\/wp\/v2\/pages"}],"about":[{"href":"https:\/\/www.chile-reise.com\/de\/wp-json\/wp\/v2\/types\/page"}],"author":[{"embeddable":true,"href":"https:\/\/www.chile-reise.com\/de\/wp-json\/wp\/v2\/users\/16"}],"replies":[{"embeddable":true,"href":"https:\/\/www.chile-reise.com\/de\/wp-json\/wp\/v2\/comments?post=238"}],"version-history":[{"count":0,"href":"https:\/\/www.chile-reise.com\/de\/wp-json\/wp\/v2\/pages\/238\/revisions"}],"up":[{"embeddable":true,"href":"https:\/\/www.chile-reise.com\/de\/wp-json\/wp\/v2\/pages\/198"}],"wp:attachment":[{"href":"https:\/\/www.chile-reise.com\/de\/wp-json\/wp\/v2\/media?parent=238"}],"curies":[{"name":"wp","href":"https:\/\/api.w.org\/{rel}","templated":true}]}}