{"id":235,"date":"2013-07-02T23:28:27","date_gmt":"2013-07-02T21:28:27","guid":{"rendered":"http:\/\/www.chile-reise.com\/wordpress\/?page_id=235"},"modified":"2015-04-09T21:58:02","modified_gmt":"2015-04-09T19:58:02","slug":"hotel-savona","status":"publish","type":"page","link":"https:\/\/www.chile-reise.com\/de\/hotels\/altiplano\/hotel-savona\/","title":{"rendered":"Hotel Savona ****"},"content":{"rendered":"<p>\r\n        <style type='text\/css'>\r\n            #gallery-1 {\r\n                margin: auto;\r\n            }\r\n            #gallery-1 .gallery-item {\r\n                float: left;\r\n                margin-top: 10px;\r\n                text-align: center;\r\n                width: 33%;           }\r\n            #gallery-1 img {\r\n                border: 2px solid #cfcfcf;\r\n            }\r\n            #gallery-1 .gallery-caption {\r\n                margin-left: 0;\r\n            }\r\n        <\/style>\r\n        <!-- see gallery_shortcode() in wp-includes\/media.php -->\r\n        <div id='gallery-1' class='gallery-images gallery galleryid-235'><dl class='gallery-item'>\r\n            <dt class='gallery-icon'>\r\n                <a href='https:\/\/www.chile-reise.com\/wp-content\/uploads\/Fachada_klein.png'><img loading=\"lazy\" decoding=\"async\" width=\"240\" height=\"140\" src=\"https:\/\/www.chile-reise.com\/wp-content\/uploads\/Fachada_klein-240x140.png\" class=\"attachment-thumbnail size-thumbnail\" alt=\"Fachada klein\" \/><\/a>\r\n            <\/dt>\r\n                <dd class='gallery-caption'>\r\n                Hotel Savona\r\n                <\/dd><\/dl><dl class='gallery-item'>\r\n            <dt class='gallery-icon'>\r\n                <a href='https:\/\/www.chile-reise.com\/wp-content\/uploads\/Hotel-Savona_habitacion_klein.jpg'><img loading=\"lazy\" decoding=\"async\" width=\"240\" height=\"140\" src=\"https:\/\/www.chile-reise.com\/wp-content\/uploads\/Hotel-Savona_habitacion_klein-240x140.jpg\" class=\"attachment-thumbnail size-thumbnail\" alt=\"Hotel Savona habitacion klein\" \/><\/a>\r\n            <\/dt>\r\n                <dd class='gallery-caption'>\r\n                Hotel Savona Room\r\n                <\/dd><\/dl>\r\n            <br style='clear: both;' \/>\r\n        <\/div>\n<div class=\"clear\"><\/div><div class=\"divider\"><\/div>\n<p>Das famili\u00e4re Hotel Savona liegt sehr g\u00fcnstig, im Herzen von Aricas historischem Zentrum. Die Kathedrale, der alte Markt, das Theater und die sch\u00f6nsten Pl\u00e4tze der Stadt liegen nur Schritte entfernt, ebenso wie der \u00abMorro\u00bb Felsen. Der Wanderweg, der zu seinem Gipfel f\u00fchrt, beginnt nahe des Hotels.<\/p>\n<p><strong>Zimmer:<\/strong> 32<br \/>\n<strong>Ausstattung:<\/strong> Telefon, Kabel-TV, Zimmersafe, Cafeter\u00eda, Bar, W\u00e4scheservice, Businesscenter, Parkpl\u00e4tze, Terrasse, Schwimmbecken, Fahrradverleih<br \/>\n<strong>Internet:<\/strong> Wi-Fi<\/p>","protected":false},"excerpt":{"rendered":"<p>Das famili\u00e4re Hotel Savona liegt sehr g\u00fcnstig, im Herzen von Aricas historischem Zentrum. Die Kathedrale, der alte Markt, das Theater und die sch\u00f6nsten Pl\u00e4tze der Stadt liegen nur Schritte entfernt, ebenso wie der \u00abMorro\u00bb Felsen. Der Wanderweg, der zu seinem &#8230;<\/p>\n","protected":false},"author":16,"featured_media":0,"parent":198,"menu_order":0,"comment_status":"open","ping_status":"open","template":"","meta":{"slim_seo":{"title":"Hotel Savona **** Hotel Savona **** - travelArt","description":"Hotel Savona Hotel Savona Room Das famili\u00e4re Hotel Savona liegt sehr g\u00fcnstig, im Herzen von Aricas historischem Zentrum. Die Kathedrale, der alte Markt, das The"},"footnotes":""},"class_list":["post-235","page","type-page","status-publish","hentry"],"_links":{"self":[{"href":"https:\/\/www.chile-reise.com\/de\/wp-json\/wp\/v2\/pages\/235","targetHints":{"allow":["GET"]}}],"collection":[{"href":"https:\/\/www.chile-reise.com\/de\/wp-json\/wp\/v2\/pages"}],"about":[{"href":"https:\/\/www.chile-reise.com\/de\/wp-json\/wp\/v2\/types\/page"}],"author":[{"embeddable":true,"href":"https:\/\/www.chile-reise.com\/de\/wp-json\/wp\/v2\/users\/16"}],"replies":[{"embeddable":true,"href":"https:\/\/www.chile-reise.com\/de\/wp-json\/wp\/v2\/comments?post=235"}],"version-history":[{"count":0,"href":"https:\/\/www.chile-reise.com\/de\/wp-json\/wp\/v2\/pages\/235\/revisions"}],"up":[{"embeddable":true,"href":"https:\/\/www.chile-reise.com\/de\/wp-json\/wp\/v2\/pages\/198"}],"wp:attachment":[{"href":"https:\/\/www.chile-reise.com\/de\/wp-json\/wp\/v2\/media?parent=235"}],"curies":[{"name":"wp","href":"https:\/\/api.w.org\/{rel}","templated":true}]}}