{"id":2335,"date":"2013-08-29T17:24:39","date_gmt":"2013-08-29T15:24:39","guid":{"rendered":"http:\/\/www.chile-reise.com\/wordpress\/?page_id=2335"},"modified":"2013-11-13T20:04:42","modified_gmt":"2013-11-13T18:04:42","slug":"wanderung-nach-anakena","status":"publish","type":"page","link":"https:\/\/www.chile-reise.com\/de\/packages-daytrips\/osterinsel\/wanderung-nach-anakena\/","title":{"rendered":"Wanderung nach Anakena"},"content":{"rendered":"<style type='text\/css'>\r\n            #gallery-1 {\r\n                margin: auto;\r\n            }\r\n            #gallery-1 .gallery-item {\r\n                float: left;\r\n                margin-top: 10px;\r\n                text-align: center;\r\n                width: 33%;           }\r\n            #gallery-1 img {\r\n                border: 2px solid #cfcfcf;\r\n            }\r\n            #gallery-1 .gallery-caption {\r\n                margin-left: 0;\r\n            }\r\n        <\/style>\r\n        <!-- see gallery_shortcode() in wp-includes\/media.php -->\r\n        <div id='gallery-1' class='gallery-images gallery galleryid-2335'><dl class='gallery-item'>\r\n            <dt class='gallery-icon'>\r\n                <a href='https:\/\/www.chile-reise.com\/wp-content\/uploads\/Anakena-2.jpg'><img loading=\"lazy\" decoding=\"async\" width=\"240\" height=\"140\" src=\"https:\/\/www.chile-reise.com\/wp-content\/uploads\/Anakena-2-240x140.jpg\" class=\"attachment-thumbnail size-thumbnail\" alt=\"Anakena\" \/><\/a>\r\n            <\/dt>\r\n                <dd class='gallery-caption'>\r\n                Anakena 2\r\n                <\/dd><\/dl><dl class='gallery-item'>\r\n            <dt class='gallery-icon'>\r\n                <a href='https:\/\/www.chile-reise.com\/wp-content\/uploads\/Anakena-1.jpg'><img loading=\"lazy\" decoding=\"async\" width=\"240\" height=\"140\" src=\"https:\/\/www.chile-reise.com\/wp-content\/uploads\/Anakena-1-240x140.jpg\" class=\"attachment-thumbnail size-thumbnail\" alt=\"Anakena\" \/><\/a>\r\n            <\/dt>\r\n                <dd class='gallery-caption'>\r\n                Anakena 1\r\n                <\/dd><\/dl><dl class='gallery-item'>\r\n            <dt class='gallery-icon'>\r\n                <a href='https:\/\/www.chile-reise.com\/wp-content\/uploads\/Anekena-3.jpg'><img loading=\"lazy\" decoding=\"async\" width=\"240\" height=\"140\" src=\"https:\/\/www.chile-reise.com\/wp-content\/uploads\/Anekena-3-240x140.jpg\" class=\"attachment-thumbnail size-thumbnail\" alt=\"Anekena\" \/><\/a>\r\n            <\/dt>\r\n                <dd class='gallery-caption'>\r\n                Anakena 3\r\n                <\/dd><\/dl><br style=\"clear: both\" \/>\r\n            <br style='clear: both;' \/>\r\n        <\/div>\n\n<div class=\"clear\"><\/div><div class=\"divider\"><\/div>\n<p><strong>Travel Type:<\/strong> Aktiv<br \/>\n<strong>Dauer:<\/strong> 1 Tag<\/p>\n\n\t<script type=\"text\/javascript\">\tjQuery(document).ready(function($){\tjQuery(\"ul.tabs-nav\").tabs(\"> .pane\"); }); <\/script>\n\n\t\t<div class=\"post-tabs\">\n\t\t\n<ul class=\"tabs-nav\">\n<li>Tourverlauf<\/li>\n<li>Anmerkungen<\/li>\n<\/ul>\n\n\t\t<div class=\"pane\">\n\t\t\nNach dem Fr\u00fchst\u00fcck bringt Sie ein Transfer vom Hotel aus entlang der Westk\u00fcste der Osterinsel bis zum Sektor Tepeu. Von dort aus wandern Sie an der Nordk\u00fcste entlang und besuchen unterwegs nicht restaurierte Ahus, mystische Petroglyphen und interessante H\u00f6hlen, bevor Sie den m\u00e4rchenhaften Anakena-Strand erreichen. Dort geniessen Sie eine Ruhepause unter Palmen und wer sich traut, kann in den Fluten des Pazifiks baden, bevor ein Transfer Sie zum Hotel zur\u00fcckbringt.<br \/>\n\n\t\t<\/div>\n\t\n\n\t\t<div class=\"pane\">\n\t\t\nDiese Exkursion ist auch als Fahrradtour empfehlenswert!<br \/>\n\n\t\t<\/div>\n\t\n\n\t\t<\/div>\n\t<\/p>","protected":false},"excerpt":{"rendered":"<p>Travel Type: Aktiv Dauer: 1 Tag<\/p>\n","protected":false},"author":3,"featured_media":0,"parent":104,"menu_order":0,"comment_status":"open","ping_status":"open","template":"","meta":{"slim_seo":{"title":"Wanderung nach Anakena A Hike to Anakena - travelArt","description":"Anakena 2 Anakena 1 Anakena 3 Travel Type: Aktiv Dauer: 1 Tag Tourverlauf Anmerkungen Nach dem Fr\u00fchst\u00fcck bringt Sie ein Transfer vom Hotel aus entlang der Westk"},"footnotes":""},"class_list":["post-2335","page","type-page","status-publish","hentry"],"_links":{"self":[{"href":"https:\/\/www.chile-reise.com\/de\/wp-json\/wp\/v2\/pages\/2335","targetHints":{"allow":["GET"]}}],"collection":[{"href":"https:\/\/www.chile-reise.com\/de\/wp-json\/wp\/v2\/pages"}],"about":[{"href":"https:\/\/www.chile-reise.com\/de\/wp-json\/wp\/v2\/types\/page"}],"author":[{"embeddable":true,"href":"https:\/\/www.chile-reise.com\/de\/wp-json\/wp\/v2\/users\/3"}],"replies":[{"embeddable":true,"href":"https:\/\/www.chile-reise.com\/de\/wp-json\/wp\/v2\/comments?post=2335"}],"version-history":[{"count":0,"href":"https:\/\/www.chile-reise.com\/de\/wp-json\/wp\/v2\/pages\/2335\/revisions"}],"up":[{"embeddable":true,"href":"https:\/\/www.chile-reise.com\/de\/wp-json\/wp\/v2\/pages\/104"}],"wp:attachment":[{"href":"https:\/\/www.chile-reise.com\/de\/wp-json\/wp\/v2\/media?parent=2335"}],"curies":[{"name":"wp","href":"https:\/\/api.w.org\/{rel}","templated":true}]}}