{"id":2333,"date":"2013-08-29T17:15:29","date_gmt":"2013-08-29T15:15:29","guid":{"rendered":"http:\/\/www.chile-reise.com\/wordpress\/?page_id=2333"},"modified":"2013-11-13T19:59:51","modified_gmt":"2013-11-13T17:59:51","slug":"folklore-tanzshow-und-umu-essen","status":"publish","type":"page","link":"https:\/\/www.chile-reise.com\/de\/packages-daytrips\/osterinsel\/folklore-tanzshow-und-umu-essen\/","title":{"rendered":"Folklore-Tanzshow und &#8222;Umu&#8220;-Essen"},"content":{"rendered":"<style type='text\/css'>\r\n            #gallery-1 {\r\n                margin: auto;\r\n            }\r\n            #gallery-1 .gallery-item {\r\n                float: left;\r\n                margin-top: 10px;\r\n                text-align: center;\r\n                width: 33%;           }\r\n            #gallery-1 img {\r\n                border: 2px solid #cfcfcf;\r\n            }\r\n            #gallery-1 .gallery-caption {\r\n                margin-left: 0;\r\n            }\r\n        <\/style>\r\n        <!-- see gallery_shortcode() in wp-includes\/media.php -->\r\n        <div id='gallery-1' class='gallery-images gallery galleryid-2333'><dl class='gallery-item'>\r\n            <dt class='gallery-icon'>\r\n                <a href='https:\/\/www.chile-reise.com\/wp-content\/uploads\/Umu-2.jpg'><img loading=\"lazy\" decoding=\"async\" width=\"240\" height=\"140\" src=\"https:\/\/www.chile-reise.com\/wp-content\/uploads\/Umu-2-240x140.jpg\" class=\"attachment-thumbnail size-thumbnail\" alt=\"Umu\" \/><\/a>\r\n            <\/dt>\r\n                <dd class='gallery-caption'>\r\n                Umu 2\r\n                <\/dd><\/dl><dl class='gallery-item'>\r\n            <dt class='gallery-icon'>\r\n                <a href='https:\/\/www.chile-reise.com\/wp-content\/uploads\/Umu-1.jpg'><img loading=\"lazy\" decoding=\"async\" width=\"240\" height=\"140\" src=\"https:\/\/www.chile-reise.com\/wp-content\/uploads\/Umu-1-240x140.jpg\" class=\"attachment-thumbnail size-thumbnail\" alt=\"Umu\" \/><\/a>\r\n            <\/dt>\r\n                <dd class='gallery-caption'>\r\n                Umu 1\r\n                <\/dd><\/dl><dl class='gallery-item'>\r\n            <dt class='gallery-icon'>\r\n                <a href='https:\/\/www.chile-reise.com\/wp-content\/uploads\/Umu-3.jpg'><img loading=\"lazy\" decoding=\"async\" width=\"240\" height=\"140\" src=\"https:\/\/www.chile-reise.com\/wp-content\/uploads\/Umu-3-240x140.jpg\" class=\"attachment-thumbnail size-thumbnail\" alt=\"Umu\" \/><\/a>\r\n            <\/dt>\r\n                <dd class='gallery-caption'>\r\n                Umu 3\r\n                <\/dd><\/dl><br style=\"clear: both\" \/>\r\n            <br style='clear: both;' \/>\r\n        <\/div>\n\n<div class=\"clear\"><\/div><div class=\"divider\"><\/div>\n<p><strong>Art der Reise:<\/strong> Kultur<br \/>\n<strong>Dauer:<\/strong> 1 Tag<\/p>\n\n\t<script type=\"text\/javascript\">\tjQuery(document).ready(function($){\tjQuery(\"ul.tabs-nav\").tabs(\"> .pane\"); }); <\/script>\n\n\t\t<div class=\"post-tabs\">\n\t\t\n<ul class=\"tabs-nav\">\n<li>Tourverlauf<\/li>\n<\/ul>\n\n\t\t<div class=\"pane\">\n\t\t\nDie lokale \u201eTe Ra Ai\u201c Folklore- und Tanzshow in famili\u00e4rem Ambiente in Rapa Nui-Sprache und Englisch berichtet \u00fcber die Kultur, Geschichte, Essen und Anekdoten der Insel und des polynesischen Raums wobei der Besucher aktiv in die Pr\u00e4sentation eingebunden wird. Der Name \u201eTe Ra Ai\u201c ist vom Namen \u201eKo te Ra\u2019ai\u201c abgeleitet und bedeutet \u201ewo die Sonne geboren ist\u201c. Das Essen wird in einem typischen Erdofen (Umu) traditionell zubereitet und mit Getr\u00e4nken serviert. Die anschlie\u00dfende Tanz- und Gesangsvorf\u00fchrung ist absolut hochwertig und l\u00e4sst Sie in die lebende Osterinsel-Kultur eintauchen.<br \/>\n\n\t\t<\/div>\n\t\n\n\t\t<\/div>\n\t<\/p>","protected":false},"excerpt":{"rendered":"<p>Art der Reise: Kultur Dauer: 1 Tag<\/p>\n","protected":false},"author":3,"featured_media":0,"parent":104,"menu_order":0,"comment_status":"open","ping_status":"open","template":"","meta":{"slim_seo":{"title":"Folklore-Tanzshow und \"Umu\"-Essen \"Umu\"-Dinner and Show - travelArt","description":"Umu 2 Umu 1 Umu 3 Art der Reise: Kultur Dauer: 1 Tag Tourverlauf Die lokale \u201eTe Ra Ai\u201c Folklore- und Tanzshow in famili\u00e4rem Ambiente in Rapa Nui-Sprache und Eng"},"footnotes":""},"class_list":["post-2333","page","type-page","status-publish","hentry"],"_links":{"self":[{"href":"https:\/\/www.chile-reise.com\/de\/wp-json\/wp\/v2\/pages\/2333","targetHints":{"allow":["GET"]}}],"collection":[{"href":"https:\/\/www.chile-reise.com\/de\/wp-json\/wp\/v2\/pages"}],"about":[{"href":"https:\/\/www.chile-reise.com\/de\/wp-json\/wp\/v2\/types\/page"}],"author":[{"embeddable":true,"href":"https:\/\/www.chile-reise.com\/de\/wp-json\/wp\/v2\/users\/3"}],"replies":[{"embeddable":true,"href":"https:\/\/www.chile-reise.com\/de\/wp-json\/wp\/v2\/comments?post=2333"}],"version-history":[{"count":0,"href":"https:\/\/www.chile-reise.com\/de\/wp-json\/wp\/v2\/pages\/2333\/revisions"}],"up":[{"embeddable":true,"href":"https:\/\/www.chile-reise.com\/de\/wp-json\/wp\/v2\/pages\/104"}],"wp:attachment":[{"href":"https:\/\/www.chile-reise.com\/de\/wp-json\/wp\/v2\/media?parent=2333"}],"curies":[{"name":"wp","href":"https:\/\/api.w.org\/{rel}","templated":true}]}}