{"id":2331,"date":"2013-08-29T17:02:10","date_gmt":"2013-08-29T15:02:10","guid":{"rendered":"http:\/\/www.chile-reise.com\/wordpress\/?page_id=2331"},"modified":"2013-11-19T15:50:00","modified_gmt":"2013-11-19T13:50:00","slug":"auf-den-spuren-der-vogelmenschen-rano-kau-und-orongo","status":"publish","type":"page","link":"https:\/\/www.chile-reise.com\/de\/packages-daytrips\/osterinsel\/auf-den-spuren-der-vogelmenschen-rano-kau-und-orongo\/","title":{"rendered":"Auf den Spuren der Vogelmenschen &#8211; Rano Kau und Orongo"},"content":{"rendered":"<p>\r\n        <style type='text\/css'>\r\n            #gallery-1 {\r\n                margin: auto;\r\n            }\r\n            #gallery-1 .gallery-item {\r\n                float: left;\r\n                margin-top: 10px;\r\n                text-align: center;\r\n                width: 33%;           }\r\n            #gallery-1 img {\r\n                border: 2px solid #cfcfcf;\r\n            }\r\n            #gallery-1 .gallery-caption {\r\n                margin-left: 0;\r\n            }\r\n        <\/style>\r\n        <!-- see gallery_shortcode() in wp-includes\/media.php -->\r\n        <div id='gallery-1' class='gallery-images gallery galleryid-2331'><dl class='gallery-item'>\r\n            <dt class='gallery-icon'>\r\n                <a href='https:\/\/www.chile-reise.com\/wp-content\/uploads\/Orongo.jpg'><img loading=\"lazy\" decoding=\"async\" width=\"240\" height=\"140\" src=\"https:\/\/www.chile-reise.com\/wp-content\/uploads\/Orongo-240x140.jpg\" class=\"attachment-thumbnail size-thumbnail\" alt=\"Orongo\" srcset=\"https:\/\/www.chile-reise.com\/wp-content\/uploads\/Orongo-240x140.jpg 240w, https:\/\/www.chile-reise.com\/wp-content\/uploads\/Orongo.jpg 496w\" sizes=\"auto, (max-width: 240px) 100vw, 240px\" \/><\/a>\r\n            <\/dt>\r\n                <dd class='gallery-caption'>\r\n                Orongo\r\n                <\/dd><\/dl><dl class='gallery-item'>\r\n            <dt class='gallery-icon'>\r\n                <a href='https:\/\/www.chile-reise.com\/wp-content\/uploads\/Orongo_Motus.jpg'><img loading=\"lazy\" decoding=\"async\" width=\"240\" height=\"140\" src=\"https:\/\/www.chile-reise.com\/wp-content\/uploads\/Orongo_Motus-240x140.jpg\" class=\"attachment-thumbnail size-thumbnail\" alt=\"Orongo Motus\" \/><\/a>\r\n            <\/dt>\r\n                <dd class='gallery-caption'>\r\n                Orongo Motus\r\n                <\/dd><\/dl><dl class='gallery-item'>\r\n            <dt class='gallery-icon'>\r\n                <a href='https:\/\/www.chile-reise.com\/wp-content\/uploads\/Rano-Kau.jpg'><img loading=\"lazy\" decoding=\"async\" width=\"240\" height=\"140\" src=\"https:\/\/www.chile-reise.com\/wp-content\/uploads\/Rano-Kau-240x140.jpg\" class=\"attachment-thumbnail size-thumbnail\" alt=\"Orongo\" \/><\/a>\r\n            <\/dt>\r\n                <dd class='gallery-caption'>\r\n                Rano Kau\r\n                <\/dd><\/dl><br style=\"clear: both\" \/>\r\n            <br style='clear: both;' \/>\r\n        <\/div>\n\n<div class=\"clear\"><\/div><div class=\"divider\"><\/div>\n<p><strong>Art der Reise:<\/strong> Kultur<br \/>\n<strong>Dauer:<\/strong> 1 Tag<\/p>\n\n\t<script type=\"text\/javascript\">\tjQuery(document).ready(function($){\tjQuery(\"ul.tabs-nav\").tabs(\"> .pane\"); }); <\/script>\n\n\t\t<div class=\"post-tabs\">\n\t\t\n<ul class=\"tabs-nav\">\n<li>Tourverlauf<\/li>\n<\/ul>\n\n\t\t<div class=\"pane\">\n\t\t\nBei dieser Halbtagesexkursion lernen Sie Orongo, die Zeremonienst\u00e4tte des Vogelmannkultes kennen, deren Steinh\u00e4user direkt am kreisrunden Krater des Vulkanes Ranu Kau liegen. Der Vogelmannkult entwickelte sich erst nach dem Untergang der Moai-Kultur und besteht aus Fruchtbarkeitsriten und dem Vogelmannwettbewerb.<br \/>\nZun\u00e4chst sehen Sie die interessante H\u00f6hle Ana Kai Tangata mit kultischen Felsmalereien am Fu\u00df des Vulkans. Wenn Sie dann nach kurzer Fahrt den Kraterrand erreichen, bietet sich Ihnen ein spektakul\u00e4rer Ausblick \u00fcber den gro\u00dfen Kratersee, das Meer und den Ort Hanga Roa auf der anderen Seite. Von einem weiteren Aussichtspunkt aus k\u00f6nnen Sie die drei Motus erkennen. Diese Inselchen waren w\u00e4hrend des Vogelmannwettbewerbs, der von Orongo aus abgehalten wurde, das Ziel der auserw\u00e4hlten jungen M\u00e4nner. Einer pro Stamm machte sich schwimmend und kletternd zu den Motus auf, um das erste Schwalbenei des Jahres zu stehlen. Der Siegerclan stellte f\u00fcr ein Jahr den K\u00f6nig von ganz Rapa Nui.<br \/>\nAnschlie\u00dfend fahren Sie zum Ahu Vinapu, wo Sie den einzigen weiblichen Moai der Insel besichtigen k\u00f6nnen. Nach dem Besuch R\u00fcckfahrt zum Hotel.<br \/>\n\n\t\t<\/div>\n\t\n\n\t\t<\/div>\n\t<\/p>","protected":false},"excerpt":{"rendered":"<p>Art der Reise: Kultur Dauer: 1 Tag<\/p>\n","protected":false},"author":3,"featured_media":0,"parent":104,"menu_order":0,"comment_status":"open","ping_status":"open","template":"","meta":{"slim_seo":{"title":"Auf den Spuren der Vogelmenschen - Rano Kau und Orongo In Search of the Birdmen - Rano Kau and Orongo - travelArt","description":"Orongo Orongo Motus Rano Kau Art der Reise: Kultur Dauer: 1 Tag Tourverlauf Bei dieser Halbtagesexkursion lernen Sie Orongo, die Zeremonienst\u00e4tte des Vogelmannk"},"footnotes":""},"class_list":["post-2331","page","type-page","status-publish","hentry"],"_links":{"self":[{"href":"https:\/\/www.chile-reise.com\/de\/wp-json\/wp\/v2\/pages\/2331","targetHints":{"allow":["GET"]}}],"collection":[{"href":"https:\/\/www.chile-reise.com\/de\/wp-json\/wp\/v2\/pages"}],"about":[{"href":"https:\/\/www.chile-reise.com\/de\/wp-json\/wp\/v2\/types\/page"}],"author":[{"embeddable":true,"href":"https:\/\/www.chile-reise.com\/de\/wp-json\/wp\/v2\/users\/3"}],"replies":[{"embeddable":true,"href":"https:\/\/www.chile-reise.com\/de\/wp-json\/wp\/v2\/comments?post=2331"}],"version-history":[{"count":0,"href":"https:\/\/www.chile-reise.com\/de\/wp-json\/wp\/v2\/pages\/2331\/revisions"}],"up":[{"embeddable":true,"href":"https:\/\/www.chile-reise.com\/de\/wp-json\/wp\/v2\/pages\/104"}],"wp:attachment":[{"href":"https:\/\/www.chile-reise.com\/de\/wp-json\/wp\/v2\/media?parent=2331"}],"curies":[{"name":"wp","href":"https:\/\/api.w.org\/{rel}","templated":true}]}}