{"id":233,"date":"2013-07-02T23:27:07","date_gmt":"2013-07-02T21:27:07","guid":{"rendered":"http:\/\/www.chile-reise.com\/wordpress\/?page_id=233"},"modified":"2013-10-02T18:23:22","modified_gmt":"2013-10-02T16:23:22","slug":"hotel-diego-de-almagro","status":"publish","type":"page","link":"https:\/\/www.chile-reise.com\/de\/hotels\/altiplano\/hotel-diego-de-almagro\/","title":{"rendered":"Hotel Diego de Almagro ****"},"content":{"rendered":"<p>\r\n        <style type='text\/css'>\r\n            #gallery-1 {\r\n                margin: auto;\r\n            }\r\n            #gallery-1 .gallery-item {\r\n                float: left;\r\n                margin-top: 10px;\r\n                text-align: center;\r\n                width: 33%;           }\r\n            #gallery-1 img {\r\n                border: 2px solid #cfcfcf;\r\n            }\r\n            #gallery-1 .gallery-caption {\r\n                margin-left: 0;\r\n            }\r\n        <\/style>\r\n        <!-- see gallery_shortcode() in wp-includes\/media.php -->\r\n        <div id='gallery-1' class='gallery-images gallery galleryid-233'><dl class='gallery-item'>\r\n            <dt class='gallery-icon'>\r\n                <a href='https:\/\/www.chile-reise.com\/wp-content\/uploads\/Diego-de-Almagro-Arica.jpg'><img loading=\"lazy\" decoding=\"async\" width=\"240\" height=\"140\" src=\"https:\/\/www.chile-reise.com\/wp-content\/uploads\/Diego-de-Almagro-Arica-240x140.jpg\" class=\"attachment-thumbnail size-thumbnail\" alt=\"Diego de Almagro Arica\" \/><\/a>\r\n            <\/dt>\r\n                <dd class='gallery-caption'>\r\n                Diego de Almagro Arica\r\n                <\/dd><\/dl><dl class='gallery-item'>\r\n            <dt class='gallery-icon'>\r\n                <a href='https:\/\/www.chile-reise.com\/wp-content\/uploads\/Diego-de-Almagro-Lobby.jpg'><img loading=\"lazy\" decoding=\"async\" width=\"240\" height=\"140\" src=\"https:\/\/www.chile-reise.com\/wp-content\/uploads\/Diego-de-Almagro-Lobby-240x140.jpg\" class=\"attachment-thumbnail size-thumbnail\" alt=\"Diego de Almagro Lobby\" \/><\/a>\r\n            <\/dt>\r\n                <dd class='gallery-caption'>\r\n                Diego de Almagro Arica Lobby\r\n                <\/dd><\/dl><dl class='gallery-item'>\r\n            <dt class='gallery-icon'>\r\n                <a href='https:\/\/www.chile-reise.com\/wp-content\/uploads\/Diego-de-Almagro-Room.jpg'><img loading=\"lazy\" decoding=\"async\" width=\"240\" height=\"140\" src=\"https:\/\/www.chile-reise.com\/wp-content\/uploads\/Diego-de-Almagro-Room-240x140.jpg\" class=\"attachment-thumbnail size-thumbnail\" alt=\"Diego de Almagro Room\" \/><\/a>\r\n            <\/dt>\r\n                <dd class='gallery-caption'>\r\n                Diego de Almagro Arica Room\r\n                <\/dd><\/dl><br style=\"clear: both\" \/>\r\n            <br style='clear: both;' \/>\r\n        <\/div>\n\n<div class=\"clear\"><\/div><div class=\"divider\"><\/div>\n<p>Direkt am Strand Chinchorro gelegen und in unmittelbarer N\u00e4he zum Zentrum ist das Hotel Diego de Almagro in Arica ein idealer Ausgangspunkt f\u00fcr Entdeckungstouren in die Stadt und die Umgebung. Die modern eingerichteten Zimmer bieten sch\u00f6ne Ausblicke auf Arica und den Pazifik. Abends laden das Hotelrestaurant und die Bar zum Genie\u00dfen ein. Im Au\u00dfenbereich steht ein Schwimmbecken zur Verf\u00fcgung.<\/p>\n<p><strong>Zimmer:<\/strong> 166<br \/>\n<strong>Ausstattung:<\/strong> Safe, Kabel-TV, Klimaanlage, Minibar, Haartrockner, Schwimmbecken, Restaurant, Bar, Versammlungsr\u00e4ume, W\u00e4scheservice, Parkpl\u00e4tze<br \/>\n<strong>Internet:<\/strong> Wi-Fi<\/p>","protected":false},"excerpt":{"rendered":"<p>Direkt am Strand Chinchorro gelegen und in unmittelbarer N\u00e4he zum Zentrum ist das Hotel Diego de Almagro in Arica ein idealer Ausgangspunkt f\u00fcr Entdeckungstouren in die Stadt und die Umgebung. Die modern eingerichteten Zimmer bieten sch\u00f6ne Ausblicke auf Arica und &#8230;<\/p>\n","protected":false},"author":16,"featured_media":0,"parent":198,"menu_order":0,"comment_status":"open","ping_status":"open","template":"","meta":{"slim_seo":{"title":"Hotel Diego de Almagro **** Hotel Diego de Almagro **** - travelArt","description":"Diego de Almagro Arica Diego de Almagro Arica Lobby Diego de Almagro Arica Room Direkt am Strand Chinchorro gelegen und in unmittelbarer N\u00e4he zum Zentrum ist da"},"footnotes":""},"class_list":["post-233","page","type-page","status-publish","hentry"],"_links":{"self":[{"href":"https:\/\/www.chile-reise.com\/de\/wp-json\/wp\/v2\/pages\/233","targetHints":{"allow":["GET"]}}],"collection":[{"href":"https:\/\/www.chile-reise.com\/de\/wp-json\/wp\/v2\/pages"}],"about":[{"href":"https:\/\/www.chile-reise.com\/de\/wp-json\/wp\/v2\/types\/page"}],"author":[{"embeddable":true,"href":"https:\/\/www.chile-reise.com\/de\/wp-json\/wp\/v2\/users\/16"}],"replies":[{"embeddable":true,"href":"https:\/\/www.chile-reise.com\/de\/wp-json\/wp\/v2\/comments?post=233"}],"version-history":[{"count":0,"href":"https:\/\/www.chile-reise.com\/de\/wp-json\/wp\/v2\/pages\/233\/revisions"}],"up":[{"embeddable":true,"href":"https:\/\/www.chile-reise.com\/de\/wp-json\/wp\/v2\/pages\/198"}],"wp:attachment":[{"href":"https:\/\/www.chile-reise.com\/de\/wp-json\/wp\/v2\/media?parent=233"}],"curies":[{"name":"wp","href":"https:\/\/api.w.org\/{rel}","templated":true}]}}