{"id":231,"date":"2013-07-02T23:25:21","date_gmt":"2013-07-02T21:25:21","guid":{"rendered":"http:\/\/www.chile-reise.com\/wordpress\/?page_id=231"},"modified":"2015-04-10T16:33:23","modified_gmt":"2015-04-10T14:33:23","slug":"hotel-arica-ressort","status":"publish","type":"page","link":"https:\/\/www.chile-reise.com\/de\/hotels\/altiplano\/hotel-arica-ressort\/","title":{"rendered":"Hotel Panamericana Arica ****"},"content":{"rendered":"<p>\r\n        <style type='text\/css'>\r\n            #gallery-1 {\r\n                margin: auto;\r\n            }\r\n            #gallery-1 .gallery-item {\r\n                float: left;\r\n                margin-top: 10px;\r\n                text-align: center;\r\n                width: 33%;           }\r\n            #gallery-1 img {\r\n                border: 2px solid #cfcfcf;\r\n            }\r\n            #gallery-1 .gallery-caption {\r\n                margin-left: 0;\r\n            }\r\n        <\/style>\r\n        <!-- see gallery_shortcode() in wp-includes\/media.php -->\r\n        <div id='gallery-1' class='gallery-images gallery galleryid-231'><dl class='gallery-item'>\r\n            <dt class='gallery-icon'>\r\n                <a href='https:\/\/www.chile-reise.com\/wp-content\/uploads\/Hotel_Arica_fachada.jpg'><img loading=\"lazy\" decoding=\"async\" width=\"240\" height=\"140\" src=\"https:\/\/www.chile-reise.com\/wp-content\/uploads\/Hotel_Arica_fachada-240x140.jpg\" class=\"attachment-thumbnail size-thumbnail\" alt=\"Hotel Arica fachada\" \/><\/a>\r\n            <\/dt>\r\n                <dd class='gallery-caption'>\r\n                Hotel Arica\r\n                <\/dd><\/dl><dl class='gallery-item'>\r\n            <dt class='gallery-icon'>\r\n                <a href='https:\/\/www.chile-reise.com\/wp-content\/uploads\/habitacion.jpg'><img loading=\"lazy\" decoding=\"async\" width=\"240\" height=\"140\" src=\"https:\/\/www.chile-reise.com\/wp-content\/uploads\/habitacion-240x140.jpg\" class=\"attachment-thumbnail size-thumbnail\" alt=\"Hotel Arica\" \/><\/a>\r\n            <\/dt>\r\n                <dd class='gallery-caption'>\r\n                Hotel Arica Room\r\n                <\/dd><\/dl><dl class='gallery-item'>\r\n            <dt class='gallery-icon'>\r\n                <a href='https:\/\/www.chile-reise.com\/wp-content\/uploads\/piscina02.jpg'><img loading=\"lazy\" decoding=\"async\" width=\"240\" height=\"140\" src=\"https:\/\/www.chile-reise.com\/wp-content\/uploads\/piscina02-240x140.jpg\" class=\"attachment-thumbnail size-thumbnail\" alt=\"Piscina02\" \/><\/a>\r\n            <\/dt>\r\n                <dd class='gallery-caption'>\r\n                Hotel Arica Pool\r\n                <\/dd><\/dl><br style=\"clear: both\" \/>\r\n            <br style='clear: both;' \/>\r\n        <\/div>\n\n<div class=\"clear\"><\/div><div class=\"divider\"><\/div>\n<p>Das Hotel Panamericana Arica liegt sehr g\u00fcnstig, nur 15 Gehminuten vom Stadtzentrum entfernt, direkt am Strand. Die Au\u00dfenanlagen wie Terrassen, Sportpl\u00e4tze, Swimmingpool etc. liegen zum Meer hin. Das Hotel eignet sich gut als Ausgangspunkt f\u00fcr Entdeckungstouren in der Umgebung und im Altiplano.<\/p>\n<p><strong>Zimmer:<\/strong> 114<br \/>\n<strong>Ausstattung:<\/strong> Balkon, Kabel-TV, Haartrockner, Restaurant, Cafeteria, Bar, Konferenzsaal, Businesscenter, Fitnesszentrum, zwei Schwimmbecken, Tennisplatz, Fu\u00dfballplatz, Minigolf, Spielesaal, Souvenirshop, Kinderspielplatz, W\u00e4scheservice, Parkpl\u00e4tze<br \/>\n<strong>Internet:<\/strong> Wi-Fi in allem Bereichen, au\u03b2er am Schwimmbecken<br \/>\n<em>Ausgezeichnet mit \u201eSello S\u201c, dem chilenischen Nachhaltigkeitssiegel.<\/em><\/p>","protected":false},"excerpt":{"rendered":"<p>Das Hotel Panamericana Arica liegt sehr g\u00fcnstig, nur 15 Gehminuten vom Stadtzentrum entfernt, direkt am Strand. Die Au\u00dfenanlagen wie Terrassen, Sportpl\u00e4tze, Swimmingpool etc. liegen zum Meer hin. Das Hotel eignet sich gut als Ausgangspunkt f\u00fcr Entdeckungstouren in der Umgebung und &#8230;<\/p>\n","protected":false},"author":16,"featured_media":0,"parent":198,"menu_order":0,"comment_status":"open","ping_status":"open","template":"","meta":{"slim_seo":{"title":"Hotel Panamericana Arica **** Hotel Panamericana Arica **** - travelArt","description":"Hotel Arica Hotel Arica Room Hotel Arica Pool Das Hotel Panamericana Arica liegt sehr g\u00fcnstig, nur 15 Gehminuten vom Stadtzentrum entfernt, direkt am Strand. Di"},"footnotes":""},"class_list":["post-231","page","type-page","status-publish","hentry"],"_links":{"self":[{"href":"https:\/\/www.chile-reise.com\/de\/wp-json\/wp\/v2\/pages\/231","targetHints":{"allow":["GET"]}}],"collection":[{"href":"https:\/\/www.chile-reise.com\/de\/wp-json\/wp\/v2\/pages"}],"about":[{"href":"https:\/\/www.chile-reise.com\/de\/wp-json\/wp\/v2\/types\/page"}],"author":[{"embeddable":true,"href":"https:\/\/www.chile-reise.com\/de\/wp-json\/wp\/v2\/users\/16"}],"replies":[{"embeddable":true,"href":"https:\/\/www.chile-reise.com\/de\/wp-json\/wp\/v2\/comments?post=231"}],"version-history":[{"count":0,"href":"https:\/\/www.chile-reise.com\/de\/wp-json\/wp\/v2\/pages\/231\/revisions"}],"up":[{"embeddable":true,"href":"https:\/\/www.chile-reise.com\/de\/wp-json\/wp\/v2\/pages\/198"}],"wp:attachment":[{"href":"https:\/\/www.chile-reise.com\/de\/wp-json\/wp\/v2\/media?parent=231"}],"curies":[{"name":"wp","href":"https:\/\/api.w.org\/{rel}","templated":true}]}}