{"id":2259,"date":"2013-08-27T21:50:41","date_gmt":"2013-08-27T19:50:41","guid":{"rendered":"http:\/\/www.chile-reise.com\/wordpress\/?page_id=2259"},"modified":"2014-06-17T00:04:46","modified_gmt":"2014-06-16T22:04:46","slug":"entdeckungstour-in-der-kustenkordillere-la-campana-nationalpark","status":"publish","type":"page","link":"https:\/\/www.chile-reise.com\/de\/packages-daytrips\/santiago-zentralchile-und-pazifikkueste\/entdeckungstour-in-der-kustenkordillere-la-campana-nationalpark\/","title":{"rendered":"Entdeckungstour in der K\u00fcstenkordillere (La Campana Nationalpark)"},"content":{"rendered":"<p>\r\n        <style type='text\/css'>\r\n            #gallery-1 {\r\n                margin: auto;\r\n            }\r\n            #gallery-1 .gallery-item {\r\n                float: left;\r\n                margin-top: 10px;\r\n                text-align: center;\r\n                width: 33%;           }\r\n            #gallery-1 img {\r\n                border: 2px solid #cfcfcf;\r\n            }\r\n            #gallery-1 .gallery-caption {\r\n                margin-left: 0;\r\n            }\r\n        <\/style>\r\n        <!-- see gallery_shortcode() in wp-includes\/media.php -->\r\n        <div id='gallery-1' class='gallery-images gallery galleryid-2259'><dl class='gallery-item'>\r\n            <dt class='gallery-icon'>\r\n                <a href='https:\/\/www.chile-reise.com\/wp-content\/uploads\/La-CampanaPW1.jpg'><img loading=\"lazy\" decoding=\"async\" width=\"240\" height=\"140\" src=\"https:\/\/www.chile-reise.com\/wp-content\/uploads\/La-CampanaPW1-240x140.jpg\" class=\"attachment-thumbnail size-thumbnail\" alt=\"La CampanaPW\" \/><\/a>\r\n            <\/dt>\r\n                <dd class='gallery-caption'>\r\n                La Campana National Park\r\n                <\/dd><\/dl><dl class='gallery-item'>\r\n            <dt class='gallery-icon'>\r\n                <a href='https:\/\/www.chile-reise.com\/wp-content\/uploads\/Hiking-in-La-Campana-National-Park_klein1.jpg'><img loading=\"lazy\" decoding=\"async\" width=\"240\" height=\"140\" src=\"https:\/\/www.chile-reise.com\/wp-content\/uploads\/Hiking-in-La-Campana-National-Park_klein1-240x140.jpg\" class=\"attachment-thumbnail size-thumbnail\" alt=\"Hiking in La Campana National Park_klein\" \/><\/a>\r\n            <\/dt>\r\n                <dd class='gallery-caption'>\r\n                La Campana National Park\r\n                <\/dd><\/dl>\r\n            <br style='clear: both;' \/>\r\n        <\/div>\n<div class=\"clear\"><\/div><div class=\"divider\"><\/div>\n<p><strong>Art der Reise:<\/strong> Aktiv<br \/>\n<strong>Dauer:<\/strong> 1 Tag<\/p>\n\n\t<script type=\"text\/javascript\">\tjQuery(document).ready(function($){\tjQuery(\"ul.tabs-nav\").tabs(\"> .pane\"); }); <\/script>\n\n\t\t<div class=\"post-tabs\">\n\t\t\n<ul class=\"tabs-nav\">\n<li>Tourverlauf<\/li>\n<li>Anmerkungen<\/li>\n<\/ul>\n\n\t\t<div class=\"pane\">\n\t\t\nEin fr\u00fcher Transfer bringt Sie und Ihren deutschsprachigen Reiseleiter vom Hotel in Santiago zum Nationalpark La Campana, benannt nach dem Berg La Campana (1910m). Der Park z\u00e4hlt zu den wenigen gesch\u00fctzten, noch urspr\u00fcnglichen Zonen der Zentralregion Chiles. Er ist Lebensraum f\u00fcr viele Tier- und Pflanzenarten der zentralen, aber auch anderer Regionen Chiles, die schon von Darwin hier erforscht wurden. 1985 wurde der Park aufgrund seiner reichen Artenvielfalt zum UNESCO- Weltbiosph\u00e4renreservat erkl\u00e4rt. Die Wanderung f\u00fchrt durch eindruckvollen Naturwald. Besonderes Highlight hier sind die Palmenw\u00e4lder, im Ocoa Sektor im Norden des Parks. Zum Ende des Fr\u00fchlings beginnen die Palmen, ihre gelben Bl\u00fcten zu zeigen, die dann den Boden zwischen ihnen bedecken. Sp\u00e4ter, im Sommer, wachsen gr\u00fcne kugelf\u00f6rmige Fr\u00fcchte, die sich  strahlend gelb verf\u00e4rben, wenn sie reifen. Am Ende der Wanderung erreichen Sie einen Aussichtspunkt mit herrlichem Panoramblick \u00fcber das gesamte Tal.<br \/>\nAm Abend R\u00fcckkehr nach Santiago<br \/>\n\n\t\t<\/div>\n\t\n\n\t\t<div class=\"pane\">\n\t\t\nDie Wanderung ist leicht bis mittelschwer und dauert ca. 4\u20135 Stunden, Boxlunch inklusive.<br \/>\n\n\t\t<\/div>\n\t\n\n\t\t<\/div>\n\t<\/p>","protected":false},"excerpt":{"rendered":"<p>Art der Reise: Aktiv Dauer: 1 Tag<\/p>\n","protected":false},"author":3,"featured_media":0,"parent":99,"menu_order":0,"comment_status":"open","ping_status":"open","template":"","meta":{"slim_seo":{"title":"Entdeckungstour in der K\u00fcstenkordillere (La Campana Nationalpark) Exploring the Coastal Mountain Range (La Campana National Park) - travelArt","description":"La Campana National Park La Campana National Park Art der Reise: Aktiv Dauer: 1 Tag Tourverlauf Anmerkungen Ein fr\u00fcher Transfer bringt Sie und Ihren deutschspra"},"footnotes":""},"class_list":["post-2259","page","type-page","status-publish","hentry"],"_links":{"self":[{"href":"https:\/\/www.chile-reise.com\/de\/wp-json\/wp\/v2\/pages\/2259","targetHints":{"allow":["GET"]}}],"collection":[{"href":"https:\/\/www.chile-reise.com\/de\/wp-json\/wp\/v2\/pages"}],"about":[{"href":"https:\/\/www.chile-reise.com\/de\/wp-json\/wp\/v2\/types\/page"}],"author":[{"embeddable":true,"href":"https:\/\/www.chile-reise.com\/de\/wp-json\/wp\/v2\/users\/3"}],"replies":[{"embeddable":true,"href":"https:\/\/www.chile-reise.com\/de\/wp-json\/wp\/v2\/comments?post=2259"}],"version-history":[{"count":0,"href":"https:\/\/www.chile-reise.com\/de\/wp-json\/wp\/v2\/pages\/2259\/revisions"}],"up":[{"embeddable":true,"href":"https:\/\/www.chile-reise.com\/de\/wp-json\/wp\/v2\/pages\/99"}],"wp:attachment":[{"href":"https:\/\/www.chile-reise.com\/de\/wp-json\/wp\/v2\/media?parent=2259"}],"curies":[{"name":"wp","href":"https:\/\/api.w.org\/{rel}","templated":true}]}}