{"id":2231,"date":"2013-08-27T20:49:43","date_gmt":"2013-08-27T18:49:43","guid":{"rendered":"http:\/\/www.chile-reise.com\/wordpress\/?page_id=2231"},"modified":"2014-06-16T23:53:03","modified_gmt":"2014-06-16T21:53:03","slug":"das-nerudahaus-in-isla-negra-und-das-topferdorf-pomaire","status":"publish","type":"page","link":"https:\/\/www.chile-reise.com\/de\/packages-daytrips\/santiago-zentralchile-und-pazifikkueste\/das-nerudahaus-in-isla-negra-und-das-topferdorf-pomaire\/","title":{"rendered":"Das Nerudahaus in Isla Negra und das T\u00f6pferdorf Pomaire"},"content":{"rendered":"<p>\r\n        <style type='text\/css'>\r\n            #gallery-1 {\r\n                margin: auto;\r\n            }\r\n            #gallery-1 .gallery-item {\r\n                float: left;\r\n                margin-top: 10px;\r\n                text-align: center;\r\n                width: 33%;           }\r\n            #gallery-1 img {\r\n                border: 2px solid #cfcfcf;\r\n            }\r\n            #gallery-1 .gallery-caption {\r\n                margin-left: 0;\r\n            }\r\n        <\/style>\r\n        <!-- see gallery_shortcode() in wp-includes\/media.php -->\r\n        <div id='gallery-1' class='gallery-images gallery galleryid-2231'><dl class='gallery-item'>\r\n            <dt class='gallery-icon'>\r\n                <a href='https:\/\/www.chile-reise.com\/wp-content\/uploads\/Casa-Pablo-Neruda_Isla-Negra_klein.jpg'><img loading=\"lazy\" decoding=\"async\" width=\"227\" height=\"140\" src=\"https:\/\/www.chile-reise.com\/wp-content\/uploads\/Casa-Pablo-Neruda_Isla-Negra_klein-227x140.jpg\" class=\"attachment-thumbnail size-thumbnail\" alt=\"Casa Pablo Neruda Isla Negra klein\" \/><\/a>\r\n            <\/dt>\r\n                <dd class='gallery-caption'>\r\n                Isla Negra\r\n                <\/dd><\/dl><dl class='gallery-item'>\r\n            <dt class='gallery-icon'>\r\n                <a href='https:\/\/www.chile-reise.com\/wp-content\/uploads\/Isla-Negra_klein.jpg'><img loading=\"lazy\" decoding=\"async\" width=\"240\" height=\"140\" src=\"https:\/\/www.chile-reise.com\/wp-content\/uploads\/Isla-Negra_klein-240x140.jpg\" class=\"attachment-thumbnail size-thumbnail\" alt=\"Isla Negra klein\" \/><\/a>\r\n            <\/dt>\r\n                <dd class='gallery-caption'>\r\n                Isla Negra\r\n                <\/dd><\/dl><dl class='gallery-item'>\r\n            <dt class='gallery-icon'>\r\n                <a href='https:\/\/www.chile-reise.com\/wp-content\/uploads\/Pomaire-Pottery_klein.jpg'><img loading=\"lazy\" decoding=\"async\" width=\"240\" height=\"140\" src=\"https:\/\/www.chile-reise.com\/wp-content\/uploads\/Pomaire-Pottery_klein-240x140.jpg\" class=\"attachment-thumbnail size-thumbnail\" alt=\"Pomaire Pottery klein\" \/><\/a>\r\n            <\/dt>\r\n                <dd class='gallery-caption'>\r\n                Pomaire Pottery\r\n                <\/dd><\/dl><br style=\"clear: both\" \/>\r\n            <br style='clear: both;' \/>\r\n        <\/div>\n<div class=\"clear\"><\/div><div class=\"divider\"><\/div>\n<p><strong>Art der Reise:<\/strong> Kultur<br \/>\n<strong>Dauer:<\/strong> 1 Tag<\/p>\n\n\t<script type=\"text\/javascript\">\tjQuery(document).ready(function($){\tjQuery(\"ul.tabs-nav\").tabs(\"> .pane\"); }); <\/script>\n\n\t\t<div class=\"post-tabs\">\n\t\t\n<ul class=\"tabs-nav\">\n<li>Tourverlauf<\/li>\n<li>Anmerkungen<\/li>\n<\/ul>\n\n\t\t<div class=\"pane\">\n\t\t\nDieser Ausflug f\u00fchrt Sie zum Pazifischen Ozean, in den K\u00fcstenort Isla Negra, wo das fantasievoll-pittoreske Strandhaus von Pablo Neruda steht. Neruda ist der ber\u00fchmteste Schriftsteller Chiles, Nobelpreistr\u00e4ger und einer der am meisten \u00fcbersetzten Autoren des 20. Jahrhunderts. Er hatte in seinem Leben mehrere diplomatische Posten inne, unter anderem war er chilenischer Botschafter in Frankreich. Au\u00dfer Poet und Diplomat, war Pablo Neruda auch ein leidenschaftlicher Sammler, was sein mit unglaublicher Kreativit\u00e4t und Liebe zum Detail ausgestattetes Haus eindruckvoll vor Augen f\u00fchrt: Hier finden sich Sammlungen von Galionsfiguren, antiken Flaschen, Masken afrikanischer Eingeborener, Meerestieren, Kunst und dem, was das Meer ansp\u00fclte&#8230;<br \/>\nDas Haus mit wunderbarem Blick \u00fcber Felsen und Meer war eine Zuflucht vor der Hektik der Stadt und R\u00fcckzugsraum zum Schreiben f\u00fcr Neruda. Es war auch ein Ort, an den er Freunde zu seinen legend\u00e4ren Partys einlud. Neruda und seine Frau Matilda sind vor dem Haus \u00fcberdem Pazifik beigesetzt.<br \/>\nNach dem Besuch des Nerudahauses geht es weiter in das T\u00f6pferdorf Pomaire, wo der Ausflug mit einem Mittagessen endet. An den St\u00e4nden und in den kleinen L\u00e4den k\u00f6nnen Sie den Topfern bei der Arbeit zusehen und Tonwaren aller Art einkaufen.<br \/>\n\n\t\t<\/div>\n\t\n\n\t\t<div class=\"pane\">\n\t\t\nDieser  Ausflug kann auch mit dem Besuch des Weingutes Matetic kombiniert werden. In dem Fall wird Pomaire nicht angefahren.<br \/>\nMontags sind die Museen in Chile geschlossen.<br \/>\n\n\t\t<\/div>\n\t\n\n\t\t<\/div>\n\t<\/p>","protected":false},"excerpt":{"rendered":"<p>Art der Reise: Kultur Dauer: 1 Tag<\/p>\n","protected":false},"author":3,"featured_media":0,"parent":99,"menu_order":0,"comment_status":"open","ping_status":"open","template":"","meta":{"slim_seo":{"title":"Das Nerudahaus in Isla Negra und das T\u00f6pferdorf Pomaire Pablo Neruda\u00b4s Home in Isla Negra and the potter\u00b4s village Pomaire - travelArt","description":"Isla Negra Isla Negra Pomaire Pottery Art der Reise: Kultur Dauer: 1 Tag Tourverlauf Anmerkungen Dieser Ausflug f\u00fchrt Sie zum Pazifischen Ozean, in den K\u00fcstenor"},"footnotes":""},"class_list":["post-2231","page","type-page","status-publish","hentry"],"_links":{"self":[{"href":"https:\/\/www.chile-reise.com\/de\/wp-json\/wp\/v2\/pages\/2231","targetHints":{"allow":["GET"]}}],"collection":[{"href":"https:\/\/www.chile-reise.com\/de\/wp-json\/wp\/v2\/pages"}],"about":[{"href":"https:\/\/www.chile-reise.com\/de\/wp-json\/wp\/v2\/types\/page"}],"author":[{"embeddable":true,"href":"https:\/\/www.chile-reise.com\/de\/wp-json\/wp\/v2\/users\/3"}],"replies":[{"embeddable":true,"href":"https:\/\/www.chile-reise.com\/de\/wp-json\/wp\/v2\/comments?post=2231"}],"version-history":[{"count":0,"href":"https:\/\/www.chile-reise.com\/de\/wp-json\/wp\/v2\/pages\/2231\/revisions"}],"up":[{"embeddable":true,"href":"https:\/\/www.chile-reise.com\/de\/wp-json\/wp\/v2\/pages\/99"}],"wp:attachment":[{"href":"https:\/\/www.chile-reise.com\/de\/wp-json\/wp\/v2\/media?parent=2231"}],"curies":[{"name":"wp","href":"https:\/\/api.w.org\/{rel}","templated":true}]}}