{"id":2224,"date":"2013-08-27T20:13:20","date_gmt":"2013-08-27T18:13:20","guid":{"rendered":"http:\/\/www.chile-reise.com\/wordpress\/?page_id=2224"},"modified":"2019-08-13T16:43:41","modified_gmt":"2019-08-13T14:43:41","slug":"unesco-weltkulturerbe-sewell","status":"publish","type":"page","link":"https:\/\/www.chile-reise.com\/de\/packages-daytrips\/santiago-zentralchile-und-pazifikkueste\/unesco-weltkulturerbe-sewell\/","title":{"rendered":"UNESCO Weltkulturerbe Sewell"},"content":{"rendered":"<style type='text\/css'>\r\n            #gallery-1 {\r\n                margin: auto;\r\n            }\r\n            #gallery-1 .gallery-item {\r\n                float: left;\r\n                margin-top: 10px;\r\n                text-align: center;\r\n                width: 33%;           }\r\n            #gallery-1 img {\r\n                border: 2px solid #cfcfcf;\r\n            }\r\n            #gallery-1 .gallery-caption {\r\n                margin-left: 0;\r\n            }\r\n        <\/style>\r\n        <!-- see gallery_shortcode() in wp-includes\/media.php -->\r\n        <div id='gallery-1' class='gallery-images gallery galleryid-2224'><dl class='gallery-item'>\r\n            <dt class='gallery-icon'>\r\n                <a href='https:\/\/www.chile-reise.com\/wp-content\/uploads\/Sewell_klein.jpg'><img loading=\"lazy\" decoding=\"async\" width=\"240\" height=\"140\" src=\"https:\/\/www.chile-reise.com\/wp-content\/uploads\/Sewell_klein-240x140.jpg\" class=\"attachment-thumbnail size-thumbnail\" alt=\"Sewell klein\" \/><\/a>\r\n            <\/dt>\r\n                <dd class='gallery-caption'>\r\n                Sewell\r\n                <\/dd><\/dl><dl class='gallery-item'>\r\n            <dt class='gallery-icon'>\r\n                <a href='https:\/\/www.chile-reise.com\/wp-content\/uploads\/DSC01194_klein.jpg'><img loading=\"lazy\" decoding=\"async\" width=\"240\" height=\"140\" src=\"https:\/\/www.chile-reise.com\/wp-content\/uploads\/DSC01194_klein-240x140.jpg\" class=\"attachment-thumbnail size-thumbnail\" alt=\"DSC01194 klein\" \/><\/a>\r\n            <\/dt>\r\n                <dd class='gallery-caption'>\r\n                Sewell\r\n                <\/dd><\/dl>\r\n            <br style='clear: both;' \/>\r\n        <\/div>\n\n<div class=\"clear\"><\/div><div class=\"divider\"><\/div>\n<p><strong>Art der Reise:<\/strong> Kultur<br \/>\n<strong>Dauer:<\/strong> 1 Tag<\/p>\n\n\t<script type=\"text\/javascript\">\tjQuery(document).ready(function($){\tjQuery(\"ul.tabs-nav\").tabs(\"> .pane\"); }); <\/script>\n\n\t\t<div class=\"post-tabs\">\n\t\t\n<ul class=\"tabs-nav\">\n<li>Tourverlauf<\/li>\n<\/ul>\n\n\t\t<div class=\"pane\">\n\t\t\nFr\u00fch am Morgen fahren Sie s\u00fcdw\u00e4rts zur ehemaligen Kupferminenstadt Sewell, auch \u00abStadt der Treppen\u00bb genannt. Hier erhalten Sie interessante Einblicke in das fr\u00fchere Leben der Minenarbeiter. Sewell wurde 1905 von der US-Kupfergesellschaft Braden Copper Company gegr\u00fcndet und z\u00e4hlte bald mehrere Tausend Einwohner, bis die Siedlung 1970 verlassen wurde. Bei der Tour sehen Sie die ehemaligen Wohnanlagen und Freizeit-einrichtungen von Sewell, sowie das Kupfermuseum, das einen interessanten \u00dcberblick \u00fcber die Geschichte des Kupferabbaus und das Leben in Sewell zeigt.<br \/>\n\n\t\t<\/div>\n\t\n\n\t\t<div class=\"pane\">\n\t\t\nAus versicherungstechnischen Gr\u00fcnden wird der Zutritt von Besuchern unter 12 und \u00fcber 75 Jahren von der Betreibergesellschaft leider nicht gestattet. Montags sind die Museen in Chile geschlossen.<br \/>\n\n\t\t<\/div>\n\t\n\n\t\t<\/div>","protected":false},"excerpt":{"rendered":"<p>Art der Reise: Kultur Dauer: 1 Tag<\/p>\n","protected":false},"author":3,"featured_media":0,"parent":99,"menu_order":0,"comment_status":"open","ping_status":"open","template":"","meta":{"slim_seo":{"title":"[:de]UNESCO Weltkulturerbe Sewell[:en]UNESCO World Heritage Sewell[:] - travelArt","description":"[:de] Sewell Sewell Art der Reise: Kultur Dauer: 1 Tag Tourverlauf Fr\u00fch am Morgen fahren Sie s\u00fcdw\u00e4rts zur ehemaligen Kupferminenstadt Sewell, auch \u00abStadt der Tr"},"footnotes":""},"class_list":["post-2224","page","type-page","status-publish","hentry"],"_links":{"self":[{"href":"https:\/\/www.chile-reise.com\/de\/wp-json\/wp\/v2\/pages\/2224","targetHints":{"allow":["GET"]}}],"collection":[{"href":"https:\/\/www.chile-reise.com\/de\/wp-json\/wp\/v2\/pages"}],"about":[{"href":"https:\/\/www.chile-reise.com\/de\/wp-json\/wp\/v2\/types\/page"}],"author":[{"embeddable":true,"href":"https:\/\/www.chile-reise.com\/de\/wp-json\/wp\/v2\/users\/3"}],"replies":[{"embeddable":true,"href":"https:\/\/www.chile-reise.com\/de\/wp-json\/wp\/v2\/comments?post=2224"}],"version-history":[{"count":0,"href":"https:\/\/www.chile-reise.com\/de\/wp-json\/wp\/v2\/pages\/2224\/revisions"}],"up":[{"embeddable":true,"href":"https:\/\/www.chile-reise.com\/de\/wp-json\/wp\/v2\/pages\/99"}],"wp:attachment":[{"href":"https:\/\/www.chile-reise.com\/de\/wp-json\/wp\/v2\/media?parent=2224"}],"curies":[{"name":"wp","href":"https:\/\/api.w.org\/{rel}","templated":true}]}}