{"id":2215,"date":"2013-08-27T18:27:08","date_gmt":"2013-08-27T16:27:08","guid":{"rendered":"http:\/\/www.chile-reise.com\/wordpress\/?page_id=2215"},"modified":"2013-10-02T20:26:20","modified_gmt":"2013-10-02T18:26:20","slug":"ruca-mapuche","status":"publish","type":"page","link":"https:\/\/www.chile-reise.com\/de\/packages-daytrips\/santiago-zentralchile-und-pazifikkueste\/ruca-mapuche\/","title":{"rendered":"Ruca Mapuche"},"content":{"rendered":"<p><div class=\"clear\"><\/div><div class=\"divider\"><\/div>\n<p><strong>Art der Reise:<\/strong> Kultur<br \/>\n<strong>Dauer:<\/strong> 1 Tag<\/p>\n\n\t<script type=\"text\/javascript\">\tjQuery(document).ready(function($){\tjQuery(\"ul.tabs-nav\").tabs(\"> .pane\"); }); <\/script>\n\n\t\t<div class=\"post-tabs\">\n\t\t\n<ul class=\"tabs-nav\">\n<li>Tourverlauf<\/li>\n<\/ul>\n\n\t\t<div class=\"pane\">\n\t\t\nWer nicht alle Zonen Chiles bereisen kann, muss nicht auf eine interessante Begegnung mit den eigentlich in S\u00fcdchile heimischen Mapuche verzichten: Raimundo und Beatriz sind Mapuche und betreiben ein kleines Begegnungs- und Informationszentrum in Santiago. Die G\u00e4ste werden unter Flagge der Mapuche-Nation willkommen gehei\u00dfen und k\u00f6nnen sich nach einer kurzen Einf\u00fchrung, bei der auch die Bedeutung der Flagge erkl\u00e4rt wird, im Hof \u00fcber die traditionellen Heil und -Kulturpflanzen der Mapuche informieren. Eine originalgetreue \u00abRuca\u00bb \u2013 die tradionelle Behausung der Mapuche \u2013 dient als Versammlungs- und Ausstellungsraum. Hier lernen die Besucher Wissenswertes \u00fcber Kultur und Geschichte des Stammes, sehen typische Instrumente, Kleidungsst\u00fccke und je nach Interesse auch ein Video. Kleine Speisen und Getr\u00e4nke werden zum Probieren gereicht. Wer m\u00f6chte, kann handgemachte Souvenirs mit nach Hause nehmen.<br \/>\n\n\t\t<\/div>\n\t\n\n\t\t<\/div>\n\t<\/p>","protected":false},"excerpt":{"rendered":"<p>Art der Reise: Kultur Dauer: 1 Tag<\/p>\n","protected":false},"author":3,"featured_media":0,"parent":99,"menu_order":0,"comment_status":"open","ping_status":"open","template":"","meta":{"slim_seo":{"title":"Ruca Mapuche Ruca Mapuche - travelArt","description":"Art der Reise: Kultur Dauer: 1 Tag Tourverlauf Wer nicht alle Zonen Chiles bereisen kann, muss nicht auf eine interessante Begegnung mit den eigentlich in S\u00fcdch"},"footnotes":""},"class_list":["post-2215","page","type-page","status-publish","hentry"],"_links":{"self":[{"href":"https:\/\/www.chile-reise.com\/de\/wp-json\/wp\/v2\/pages\/2215","targetHints":{"allow":["GET"]}}],"collection":[{"href":"https:\/\/www.chile-reise.com\/de\/wp-json\/wp\/v2\/pages"}],"about":[{"href":"https:\/\/www.chile-reise.com\/de\/wp-json\/wp\/v2\/types\/page"}],"author":[{"embeddable":true,"href":"https:\/\/www.chile-reise.com\/de\/wp-json\/wp\/v2\/users\/3"}],"replies":[{"embeddable":true,"href":"https:\/\/www.chile-reise.com\/de\/wp-json\/wp\/v2\/comments?post=2215"}],"version-history":[{"count":0,"href":"https:\/\/www.chile-reise.com\/de\/wp-json\/wp\/v2\/pages\/2215\/revisions"}],"up":[{"embeddable":true,"href":"https:\/\/www.chile-reise.com\/de\/wp-json\/wp\/v2\/pages\/99"}],"wp:attachment":[{"href":"https:\/\/www.chile-reise.com\/de\/wp-json\/wp\/v2\/media?parent=2215"}],"curies":[{"name":"wp","href":"https:\/\/api.w.org\/{rel}","templated":true}]}}