{"id":2212,"date":"2013-08-27T18:18:33","date_gmt":"2013-08-27T16:18:33","guid":{"rendered":"http:\/\/www.chile-reise.com\/wordpress\/?page_id=2212"},"modified":"2022-05-05T18:39:30","modified_gmt":"2022-05-05T16:39:30","slug":"citytour-schwerpunkt-geschichte-und-menschenrechte","status":"publish","type":"page","link":"https:\/\/www.chile-reise.com\/de\/packages-daytrips\/santiago-zentralchile-und-pazifikkueste\/citytour-schwerpunkt-geschichte-und-menschenrechte\/","title":{"rendered":"Citytour: Schwerpunkt Geschichte und Menschenrechte"},"content":{"rendered":"<style type='text\/css'>\r\n            #gallery-1 {\r\n                margin: auto;\r\n            }\r\n            #gallery-1 .gallery-item {\r\n                float: left;\r\n                margin-top: 10px;\r\n                text-align: center;\r\n                width: 33%;           }\r\n            #gallery-1 img {\r\n                border: 2px solid #cfcfcf;\r\n            }\r\n            #gallery-1 .gallery-caption {\r\n                margin-left: 0;\r\n            }\r\n        <\/style>\r\n        <!-- see gallery_shortcode() in wp-includes\/media.php -->\r\n        <div id='gallery-1' class='gallery-images gallery galleryid-2212'><dl class='gallery-item'>\r\n            <dt class='gallery-icon'>\r\n                <a href='https:\/\/www.chile-reise.com\/wp-content\/uploads\/083-_klein2.jpg'><img loading=\"lazy\" decoding=\"async\" width=\"240\" height=\"140\" src=\"https:\/\/www.chile-reise.com\/wp-content\/uploads\/083-_klein2-240x140.jpg\" class=\"attachment-thumbnail size-thumbnail\" alt=\"083 klein\" \/><\/a>\r\n            <\/dt>\r\n                <dd class='gallery-caption'>\r\n                La Moneda\r\n                <\/dd><\/dl><dl class='gallery-item'>\r\n            <dt class='gallery-icon'>\r\n                <a href='https:\/\/www.chile-reise.com\/wp-content\/uploads\/10-Museo-de-la-Memoria-992-copia_klein.jpg'><img loading=\"lazy\" decoding=\"async\" width=\"240\" height=\"140\" src=\"https:\/\/www.chile-reise.com\/wp-content\/uploads\/10-Museo-de-la-Memoria-992-copia_klein-240x140.jpg\" class=\"attachment-thumbnail size-thumbnail\" alt=\"10 Museo de la Memoria 992 copia klein\" \/><\/a>\r\n            <\/dt>\r\n                <dd class='gallery-caption'>\r\n                The Museum of Memory and Human Rights\r\n                <\/dd><\/dl><dl class='gallery-item'>\r\n            <dt class='gallery-icon'>\r\n                <a href='https:\/\/www.chile-reise.com\/wp-content\/uploads\/antes_1973_02_klein.jpg'><img loading=\"lazy\" decoding=\"async\" width=\"240\" height=\"140\" src=\"https:\/\/www.chile-reise.com\/wp-content\/uploads\/antes_1973_02_klein-240x140.jpg\" class=\"attachment-thumbnail size-thumbnail\" alt=\"Antes 1973 02 klein\" \/><\/a>\r\n            <\/dt>\r\n                <dd class='gallery-caption'>\r\n                Villa Grimaldi\r\n                <\/dd><\/dl><br style=\"clear: both\" \/>\r\n            <br style='clear: both;' \/>\r\n        <\/div>\n<div class=\"clear\"><\/div><div class=\"divider\"><\/div>\n<p><strong>Art der Reise:<\/strong> Kultur<br \/>\n<strong>Dauer:<\/strong> Halbtages-Exkursion<\/p>\n\n\t<script type=\"text\/javascript\">\tjQuery(document).ready(function($){\tjQuery(\"ul.tabs-nav\").tabs(\"> .pane\"); }); <\/script>\n\n\t\t<div class=\"post-tabs\">\n\t\t\n<ul class=\"tabs-nav\">\n<li>Tourverlauf<\/li>\n<li>Anmerkungen<\/li>\n<\/ul>\n\n\t\t<div class=\"pane\">\n\t\t\nGewinnen Sie einen Einblick in die bewegte Geschichte Chiles, der Ihnen helfen wird, den Charakter des Landes und seiner Bewohner besser zu verstehen. Seit dem Ende der Diktatur sind nun \u00fcber 20 Jahre vergangen, doch die Aufarbeitung der Geschehnisse steht noch in der Anfangsphase. Herzst\u00fcck dieser Ganztagesexkursion ist das \u00abMuseum f\u00fcr Erinnerung und Menschenrechte\u00bb, das Sie mit Ausstellungsst\u00fccken konfrontiert, die die \u00c4ra der Diktatur verbildlichen. Es wurde 2010 er\u00f6ffnet und hat seitdem viele Besucher zum Nachdenken gebracht.<br \/>\nWeitere Eindr\u00fccke gewinnen Sie beim Besuch des Regierungspalastes, dem Schauplatz der letzten Stunden Salvador Allendes, und des Nationalstadiums, das als Gefangenenlager missbraucht wurde. Au\u00dferdem lernen Sie das ehemalige Geheimlager Villa Grimaldi kennen, das heute als \u00abFriedenspark\u00bb (Parque por la paz) an die Opfer erinnert, und den Zentralfriedhof, auf dem Salvador Allende seine letzte Ruhe fand.<br \/>\n\n\t\t<\/div>\n\t\n\n\t\t<div class=\"pane\">\n\t\t\nIn Chile sind die Museen Montags geschlossen.<br \/>\n\n\t\t<\/div>\n\t\n\n\t\t<\/div>","protected":false},"excerpt":{"rendered":"<p>Art der Reise: Kultur Dauer: Halbtages-Exkursion<\/p>\n","protected":false},"author":3,"featured_media":0,"parent":99,"menu_order":0,"comment_status":"open","ping_status":"open","template":"","meta":{"slim_seo":{"title":"[:de]Citytour: Schwerpunkt Geschichte und Menschenrechte[:en]City Tour: History and Human Rights[:] - travelArt","description":"[:de] La Moneda The Museum of Memory and Human Rights Villa Grimaldi Art der Reise: Kultur Dauer: Halbtages-Exkursion Tourverlauf Anmerkungen Gewinnen Sie einen"},"footnotes":""},"class_list":["post-2212","page","type-page","status-publish","hentry"],"_links":{"self":[{"href":"https:\/\/www.chile-reise.com\/de\/wp-json\/wp\/v2\/pages\/2212","targetHints":{"allow":["GET"]}}],"collection":[{"href":"https:\/\/www.chile-reise.com\/de\/wp-json\/wp\/v2\/pages"}],"about":[{"href":"https:\/\/www.chile-reise.com\/de\/wp-json\/wp\/v2\/types\/page"}],"author":[{"embeddable":true,"href":"https:\/\/www.chile-reise.com\/de\/wp-json\/wp\/v2\/users\/3"}],"replies":[{"embeddable":true,"href":"https:\/\/www.chile-reise.com\/de\/wp-json\/wp\/v2\/comments?post=2212"}],"version-history":[{"count":0,"href":"https:\/\/www.chile-reise.com\/de\/wp-json\/wp\/v2\/pages\/2212\/revisions"}],"up":[{"embeddable":true,"href":"https:\/\/www.chile-reise.com\/de\/wp-json\/wp\/v2\/pages\/99"}],"wp:attachment":[{"href":"https:\/\/www.chile-reise.com\/de\/wp-json\/wp\/v2\/media?parent=2212"}],"curies":[{"name":"wp","href":"https:\/\/api.w.org\/{rel}","templated":true}]}}