{"id":2210,"date":"2013-08-27T18:13:10","date_gmt":"2013-08-27T16:13:10","guid":{"rendered":"http:\/\/www.chile-reise.com\/wordpress\/?page_id=2210"},"modified":"2014-03-14T17:55:32","modified_gmt":"2014-03-14T15:55:32","slug":"santiago-vergangenheit-und-gegenwart","status":"publish","type":"page","link":"https:\/\/www.chile-reise.com\/de\/packages-daytrips\/santiago-zentralchile-und-pazifikkueste\/santiago-vergangenheit-und-gegenwart\/","title":{"rendered":"Santiago: Vergangenheit und Gegenwart"},"content":{"rendered":"<p>\r\n        <style type='text\/css'>\r\n            #gallery-1 {\r\n                margin: auto;\r\n            }\r\n            #gallery-1 .gallery-item {\r\n                float: left;\r\n                margin-top: 10px;\r\n                text-align: center;\r\n                width: 33%;           }\r\n            #gallery-1 img {\r\n                border: 2px solid #cfcfcf;\r\n            }\r\n            #gallery-1 .gallery-caption {\r\n                margin-left: 0;\r\n            }\r\n        <\/style>\r\n        <!-- see gallery_shortcode() in wp-includes\/media.php -->\r\n        <div id='gallery-1' class='gallery-images gallery galleryid-2210'><dl class='gallery-item'>\r\n            <dt class='gallery-icon'>\r\n                <a href='https:\/\/www.chile-reise.com\/wp-content\/uploads\/proyectos_klein.jpg'><img loading=\"lazy\" decoding=\"async\" width=\"240\" height=\"140\" src=\"https:\/\/www.chile-reise.com\/wp-content\/uploads\/proyectos_klein-240x140.jpg\" class=\"attachment-thumbnail size-thumbnail\" alt=\"Proyectos klein\" \/><\/a>\r\n            <\/dt>\r\n                <dd class='gallery-caption'>\r\n                Santiago in the past\r\n                <\/dd><\/dl><dl class='gallery-item'>\r\n            <dt class='gallery-icon'>\r\n                <a href='https:\/\/www.chile-reise.com\/wp-content\/uploads\/083-_klein1.jpg'><img loading=\"lazy\" decoding=\"async\" width=\"240\" height=\"140\" src=\"https:\/\/www.chile-reise.com\/wp-content\/uploads\/083-_klein1-240x140.jpg\" class=\"attachment-thumbnail size-thumbnail\" alt=\"083 klein\" \/><\/a>\r\n            <\/dt>\r\n                <dd class='gallery-caption'>\r\n                Santiago &#8211; La Moneda\r\n                <\/dd><\/dl>\r\n            <br style='clear: both;' \/>\r\n        <\/div>\n<div class=\"clear\"><\/div><div class=\"divider\"><\/div>\n<p><strong>Art der Reise:<\/strong> Kultur<br \/>\n<strong>Dauer:<\/strong> 1 Tag<\/p>\n\n\t<script type=\"text\/javascript\">\tjQuery(document).ready(function($){\tjQuery(\"ul.tabs-nav\").tabs(\"> .pane\"); }); <\/script>\n\n\t\t<div class=\"post-tabs\">\n\t\t\n<ul class=\"tabs-nav\">\n<li>Tourverlauf<\/li>\n<\/ul>\n\n\t\t<div class=\"pane\">\n\t\t\nLernen Sie die Geschichte der Millionenstadt am Fu\u00dfe der Anden anhand von historischen Film-, Bild- und Tondokumenten auf Monitoren an Bord des Busses der \u00bbVideobustour\u00bb kennen. Ein Reiseleiter erl\u00e4utert Ihnen die historischen Bilder und modernen Ansichten. Erleben Sie den Aufstieg Santiagos von der Kolonialstadt zur Millionenmetropole, entdecken Sie den Einfluss europ\u00e4ischer  Architektur und Stadtplanung, sehen Sie die Zerst\u00f6rung des Pr\u00e4sidentenpalastes La Moneda beim Milit\u00e4rputsch 1973 und erfahren Sie die beeindruckenden und dramatischen urbanen Ver\u00e4nderungen der letzten Jahre: Hier wird Geschichte lebendig!<br \/>\n\n\t\t<\/div>\n\t\n\n\t\t<\/div>\n\t<\/p>","protected":false},"excerpt":{"rendered":"<p>Art der Reise: Kultur Dauer: 1 Tag<\/p>\n","protected":false},"author":3,"featured_media":0,"parent":99,"menu_order":0,"comment_status":"open","ping_status":"open","template":"","meta":{"slim_seo":{"title":"Santiago: Vergangenheit und Gegenwart Santiago: Past and Present - travelArt","description":"Santiago in the past Santiago &#8211; La Moneda Art der Reise: Kultur Dauer: 1 Tag Tourverlauf Lernen Sie die Geschichte der Millionenstadt am Fu\u00dfe der Anden an"},"footnotes":""},"class_list":["post-2210","page","type-page","status-publish","hentry"],"_links":{"self":[{"href":"https:\/\/www.chile-reise.com\/de\/wp-json\/wp\/v2\/pages\/2210","targetHints":{"allow":["GET"]}}],"collection":[{"href":"https:\/\/www.chile-reise.com\/de\/wp-json\/wp\/v2\/pages"}],"about":[{"href":"https:\/\/www.chile-reise.com\/de\/wp-json\/wp\/v2\/types\/page"}],"author":[{"embeddable":true,"href":"https:\/\/www.chile-reise.com\/de\/wp-json\/wp\/v2\/users\/3"}],"replies":[{"embeddable":true,"href":"https:\/\/www.chile-reise.com\/de\/wp-json\/wp\/v2\/comments?post=2210"}],"version-history":[{"count":0,"href":"https:\/\/www.chile-reise.com\/de\/wp-json\/wp\/v2\/pages\/2210\/revisions"}],"up":[{"embeddable":true,"href":"https:\/\/www.chile-reise.com\/de\/wp-json\/wp\/v2\/pages\/99"}],"wp:attachment":[{"href":"https:\/\/www.chile-reise.com\/de\/wp-json\/wp\/v2\/media?parent=2210"}],"curies":[{"name":"wp","href":"https:\/\/api.w.org\/{rel}","templated":true}]}}