{"id":221,"date":"2013-07-02T23:15:35","date_gmt":"2013-07-02T21:15:35","guid":{"rendered":"http:\/\/www.chile-reise.com\/wordpress\/?page_id=221"},"modified":"2015-04-10T20:11:39","modified_gmt":"2015-04-10T18:11:39","slug":"patagonien","status":"publish","type":"page","link":"https:\/\/www.chile-reise.com\/de\/hotels\/patagonien\/","title":{"rendered":"Patagonien"},"content":{"rendered":"<p><img loading=\"lazy\" decoding=\"async\" src=\"https:\/\/www.chile-reise.com\/wp-content\/uploads\/slider_hotels_patagonien-240x140.jpg\" alt=\"slider_hotels_patagonien\" width=\"240\" height=\"140\" class=\"alignleft size-thumbnail wp-image-1060\" \/>Auch am Ende der Welt gibt es sehr sch\u00f6ne Hotels in unterschiedlichen Preisklassen. In Punta Arenas \u00fcberwiegen klassische Stadthotels, in Puerto Natales geht alles von klassisch bis gem\u00fctlich-rustikal und beim Torres del Paine Nationalpark passt sich eine Vielzahl von Unterk\u00fcnften harmonisch in die wilde Landschaft ein und bietet einen warmen R\u00fcckzugsort nach einem Tag in der rauen, weiten Landschaft.<br \/>\n(B) = Boutique Hotel<\/p>\n<h6>Unsere Hotels<\/h6>\n<span id=\"tablepress-15-description\" class=\"tablepress-table-description tablepress-table-description-id-15\"><\/span>\n\n<table id=\"tablepress-15\" class=\"tablepress tablepress-id-15\" aria-describedby=\"tablepress-15-description\">\n<thead>\n<tr class=\"row-1\">\n\t<th class=\"column-1\">Hotel<\/th><th class=\"column-2\">Ort<\/th>\n<\/tr>\n<\/thead>\n<tbody class=\"row-striping row-hover\">\n<tr class=\"row-2\">\n\t<td class=\"column-1\"><a href=\"hotel-cabo-de-hornos\/\">Hotel Cabo de Hornos ****<\/a><\/td><td class=\"column-2\">Punta Arenas<\/td>\n<\/tr>\n<tr class=\"row-3\">\n\t<td class=\"column-1\"><a href=\"explora-patagonia\/\">Explora Patagonia *****<\/a><\/td><td class=\"column-2\">Torres del Paine Nationalpark<\/td>\n<\/tr>\n<tr class=\"row-4\">\n\t<td class=\"column-1\"><a href=\"hosteria-pehoe\/\">Hoster\u00eda Pehoe ***<\/a><\/td><td class=\"column-2\">Torres del Paine Nationalpark<\/td>\n<\/tr>\n<tr class=\"row-5\">\n\t<td class=\"column-1\"><a href=\"hotel-altiplanico-sur\/\">Hotel Altiplanico Sur (B)<\/a><\/td><td class=\"column-2\">Puerto Natales<\/td>\n<\/tr>\n<tr class=\"row-6\">\n\t<td class=\"column-1\"><a href=\"hotel-cabanas-del-paine\/\">Hotel Caba\u00f1as del Paine ***<\/a><\/td><td class=\"column-2\">Torres del Paine Nationalpark<\/td>\n<\/tr>\n<tr class=\"row-7\">\n\t<td class=\"column-1\"><a href=\"hotel-costaustralis\/\">Hotel CostAustralis ****<\/a><\/td><td class=\"column-2\">Puerto Natales<\/td>\n<\/tr>\n<tr class=\"row-8\">\n\t<td class=\"column-1\"><a href=\"hotel-dreams-del-estrecho\/\">Hotel Dreams del Estrecho *****<\/a><\/td><td class=\"column-2\">Punta Arenas<\/td>\n<\/tr>\n<tr class=\"row-9\">\n\t<td class=\"column-1\"><a href=\"hotel-indigo\/\">Hotel Indigo (B)<\/a><\/td><td class=\"column-2\">Puerto Natales<\/td>\n<\/tr>\n<tr class=\"row-10\">\n\t<td class=\"column-1\"><a href=\"hotel-jose-nogueira\/\">Hotel Jos\u00e9 Nogueira ****<\/a><\/td><td class=\"column-2\">Punta Arenas<\/td>\n<\/tr>\n<tr class=\"row-11\">\n\t<td class=\"column-1\"><a href=\"hotel-lago-grey\/\">Hotel Lago Grey ****<\/a><\/td><td class=\"column-2\">Torres del Paine Nationalpark<\/td>\n<\/tr>\n<tr class=\"row-12\">\n\t<td class=\"column-1\"><a href=\"hotel-martin-gusinde\/\">Hotel Mart\u00edn Gusinde ***<\/a><\/td><td class=\"column-2\">Puerto Natales<\/td>\n<\/tr>\n<tr class=\"row-13\">\n\t<td class=\"column-1\"><a href=\"hotel-remota\/\">Hotel Remota *****<\/a><\/td><td class=\"column-2\">Puerto Natales<\/td>\n<\/tr>\n<tr class=\"row-14\">\n\t<td class=\"column-1\"><a href=\"hotel-rey-don-felipe\/\">Hotel Rey Don Felipe ****<\/a><\/td><td class=\"column-2\">Punta Arenas<\/td>\n<\/tr>\n<tr class=\"row-15\">\n\t<td class=\"column-1\"><a href=\"hotel-rio-serrano\/\">Hotel Rio Serrano ****<\/a><\/td><td class=\"column-2\">Torres del Paine Nationalpark<\/td>\n<\/tr>\n<tr class=\"row-16\">\n\t<td class=\"column-1\"><a href=\"hotel-the-singular-patagonia\/\">Hotel The Singular Patagonia *****<\/a><\/td><td class=\"column-2\">Puerto Natales<\/td>\n<\/tr>\n<tr class=\"row-17\">\n\t<td class=\"column-1\"><a href=\"hotel-tierra-patagonia\/\" target=\"_blank\">Hotel Tierra Patagonia *****<\/a><\/td><td class=\"column-2\">Torres del Paine Nationalpark<\/td>\n<\/tr>\n<tr class=\"row-18\">\n\t<td class=\"column-1\"><a href=\"lakutaia-lodge\/\" target=\"_blank\">Lakutaia Lodge ****<\/a><\/td><td class=\"column-2\">Feuerland<\/td>\n<\/tr>\n<tr class=\"row-19\">\n\t<td class=\"column-1\"><a href=\"las-torres-patagonia\/\" target=\"_blank\">Hotel Las Torres Patagonia ****<\/a><\/td><td class=\"column-2\">Torres del Paine Nationalpark<\/td>\n<\/tr>\n<tr class=\"row-20\">\n\t<td class=\"column-1\"><a href=\"patagonia-camp\/\" target=\"_blank\">Patagonia Camp ****<\/a><\/td><td class=\"column-2\">Torres del Paine Nationalpark<\/td>\n<\/tr>\n<tr class=\"row-21\">\n\t<td class=\"column-1\"><a href=\"weskar-lodge\/\" target=\"_blank\">Weskar Lodge ***<\/a><\/td><td class=\"column-2\">Puerto Natales<\/td>\n<\/tr>\n<tr class=\"row-22\">\n\t<td class=\"column-1\"><a href=\"awasi-patagonia\/\" target=\"_blank\">Awasi Patagonia (B)<\/a><\/td><td class=\"column-2\">Torres del Paine Nationalpark<\/td>\n<\/tr>\n<\/tbody>\n<\/table>\n<!-- #tablepress-15 from cache --><\/p>","protected":false},"excerpt":{"rendered":"<p>Auch am Ende der Welt gibt es sehr sch\u00f6ne Hotels in unterschiedlichen Preisklassen. In Punta Arenas \u00fcberwiegen klassische Stadthotels, in Puerto Natales geht alles von klassisch bis gem\u00fctlich-rustikal und beim Torres del Paine Nationalpark passt sich eine Vielzahl von Unterk\u00fcnften &#8230;<\/p>\n","protected":false},"author":16,"featured_media":0,"parent":196,"menu_order":0,"comment_status":"open","ping_status":"open","template":"","meta":{"slim_seo":{"title":"Patagonien Patagonia - travelArt","description":"Auch am Ende der Welt gibt es sehr sch\u00f6ne Hotels in unterschiedlichen Preisklassen. In Punta Arenas \u00fcberwiegen klassische Stadthotels, in Puerto Natales geht al"},"footnotes":""},"class_list":["post-221","page","type-page","status-publish","hentry"],"_links":{"self":[{"href":"https:\/\/www.chile-reise.com\/de\/wp-json\/wp\/v2\/pages\/221","targetHints":{"allow":["GET"]}}],"collection":[{"href":"https:\/\/www.chile-reise.com\/de\/wp-json\/wp\/v2\/pages"}],"about":[{"href":"https:\/\/www.chile-reise.com\/de\/wp-json\/wp\/v2\/types\/page"}],"author":[{"embeddable":true,"href":"https:\/\/www.chile-reise.com\/de\/wp-json\/wp\/v2\/users\/16"}],"replies":[{"embeddable":true,"href":"https:\/\/www.chile-reise.com\/de\/wp-json\/wp\/v2\/comments?post=221"}],"version-history":[{"count":0,"href":"https:\/\/www.chile-reise.com\/de\/wp-json\/wp\/v2\/pages\/221\/revisions"}],"up":[{"embeddable":true,"href":"https:\/\/www.chile-reise.com\/de\/wp-json\/wp\/v2\/pages\/196"}],"wp:attachment":[{"href":"https:\/\/www.chile-reise.com\/de\/wp-json\/wp\/v2\/media?parent=221"}],"curies":[{"name":"wp","href":"https:\/\/api.w.org\/{rel}","templated":true}]}}