{"id":2205,"date":"2013-08-27T17:52:53","date_gmt":"2013-08-27T15:52:53","guid":{"rendered":"http:\/\/www.chile-reise.com\/wordpress\/?page_id=2205"},"modified":"2022-05-05T18:32:52","modified_gmt":"2022-05-05T16:32:52","slug":"citytour-santiago","status":"publish","type":"page","link":"https:\/\/www.chile-reise.com\/de\/packages-daytrips\/santiago-zentralchile-und-pazifikkueste\/citytour-santiago\/","title":{"rendered":"Citytour Santiago"},"content":{"rendered":"<style type='text\/css'>\r\n            #gallery-1 {\r\n                margin: auto;\r\n            }\r\n            #gallery-1 .gallery-item {\r\n                float: left;\r\n                margin-top: 10px;\r\n                text-align: center;\r\n                width: 33%;           }\r\n            #gallery-1 img {\r\n                border: 2px solid #cfcfcf;\r\n            }\r\n            #gallery-1 .gallery-caption {\r\n                margin-left: 0;\r\n            }\r\n        <\/style>\r\n        <!-- see gallery_shortcode() in wp-includes\/media.php -->\r\n        <div id='gallery-1' class='gallery-images gallery galleryid-2205'><dl class='gallery-item'>\r\n            <dt class='gallery-icon'>\r\n                <a href='https:\/\/www.chile-reise.com\/wp-content\/uploads\/Santiago-con-Cerro-Plomo_klein.jpg'><img loading=\"lazy\" decoding=\"async\" width=\"240\" height=\"140\" src=\"https:\/\/www.chile-reise.com\/wp-content\/uploads\/Santiago-con-Cerro-Plomo_klein-240x140.jpg\" class=\"attachment-thumbnail size-thumbnail\" alt=\"Santiago con Cerro Plomo klein\" \/><\/a>\r\n            <\/dt>\r\n                <dd class='gallery-caption'>\r\n                Santiago de Chile\r\n                <\/dd><\/dl><dl class='gallery-item'>\r\n            <dt class='gallery-icon'>\r\n                <a href='https:\/\/www.chile-reise.com\/wp-content\/uploads\/083-_klein.jpg'><img loading=\"lazy\" decoding=\"async\" width=\"240\" height=\"140\" src=\"https:\/\/www.chile-reise.com\/wp-content\/uploads\/083-_klein-240x140.jpg\" class=\"attachment-thumbnail size-thumbnail\" alt=\"083 klein\" \/><\/a>\r\n            <\/dt>\r\n                <dd class='gallery-caption'>\r\n                La Moneda\r\n                <\/dd><\/dl><dl class='gallery-item'>\r\n            <dt class='gallery-icon'>\r\n                <a href='https:\/\/www.chile-reise.com\/wp-content\/uploads\/City-Tour-7_klein.jpg'><img loading=\"lazy\" decoding=\"async\" width=\"240\" height=\"140\" src=\"https:\/\/www.chile-reise.com\/wp-content\/uploads\/City-Tour-7_klein-240x140.jpg\" class=\"attachment-thumbnail size-thumbnail\" alt=\"City Tour 7 klein\" srcset=\"https:\/\/www.chile-reise.com\/wp-content\/uploads\/City-Tour-7_klein-240x140.jpg 240w, https:\/\/www.chile-reise.com\/wp-content\/uploads\/City-Tour-7_klein-563x330.jpg 563w\" sizes=\"auto, (max-width: 240px) 100vw, 240px\" \/><\/a>\r\n            <\/dt>\r\n                <dd class='gallery-caption'>\r\n                Citytour Santiago de Chile\r\n                <\/dd><\/dl><br style=\"clear: both\" \/>\r\n            <br style='clear: both;' \/>\r\n        <\/div>\n<div class=\"clear\"><\/div><div class=\"divider\"><\/div>\n<p><strong>Art der Reise:<\/strong> Kultur<br \/>\n<strong>Dauer:<\/strong> Halbtages-Exkursion<\/p>\n\n\t<script type=\"text\/javascript\">\tjQuery(document).ready(function($){\tjQuery(\"ul.tabs-nav\").tabs(\"> .pane\"); }); <\/script>\n\n\t\t<div class=\"post-tabs\">\n\t\t\n<ul class=\"tabs-nav\">\n<li>Tourverlauf<\/li>\n<\/ul>\n\n\t\t<div class=\"pane\">\n\t\t\nSantiago de Chile verbindet die Eigenschaften einer modernen Metropole eines aufstrebenden Landes mit denen einer geschichtstr\u00e4chtigen Stadt aus der Kolonialzeit. W\u00e4hrend einer privaten Stadtrundfahrt besuchen Sie sowohl den historischen Kern, als auch die moderne Seite Santiagos.<br \/>\nIm Stadtzentrum sehen Sie den Pr\u00e4sidentenpalast, ehemals die nationale M\u00fcnzpr\u00e4geanstalt und daher \u201eLa Moneda\u201c genannt, den historischen Hauptplatz oder \u201ePlaza de Armas&#8220; mit der Kathedrale und dem sch\u00f6nen alten Postamt; den \u201ePalacio de la Real Audiencia&#8220;, der heute das Nationale Historische Museum beherbergt und die \u201eCasa Colonial&#8220;, die historische Residenz des Gouverneurs w\u00e4hrend der Kolonialzeit. Vorbei am \u201eCerro San Crist\u00f3bal\u201c, einem H\u00fcgel mitten in der Stadt, von dessen Gipfel aus eine Marienstatue die Stadt \u00fcberblickt, geht es in die modernen Gesch\u00e4ftsviertel Santiagos. Die Stadtteile Providencia und Las Condes sind gepr\u00e4gt von gl\u00e4sernen B\u00fcrot\u00fcrmen, angesagten Restaurants und Gesch\u00e4ften, die zum Bummeln einladen. In den schattigen Alleen und auf den gro\u00dfz\u00fcgigen Boulevards mit europ\u00e4ischem Flair  k\u00f6nnte man fast vergessen, dass man in Lateinamerika ist \u2013 ein interessanter Gegensatz zum Stadtzentrum das Sie zuvor kennen gelernt haben.<br \/>\n\n\t\t<\/div>\n\t\n\n\t\t<\/div>","protected":false},"excerpt":{"rendered":"<p>Art der Reise: Kultur Dauer: Halbtages-Exkursion<\/p>\n","protected":false},"author":3,"featured_media":0,"parent":99,"menu_order":0,"comment_status":"open","ping_status":"open","template":"","meta":{"slim_seo":{"title":"[:de]Citytour Santiago[:en]City Tour Santiago[:] - travelArt","description":"[:de] Santiago de Chile La Moneda Citytour Santiago de Chile Art der Reise: Kultur Dauer: Halbtages-Exkursion Tourverlauf Santiago de Chile verbindet die Eigens"},"footnotes":""},"class_list":["post-2205","page","type-page","status-publish","hentry"],"_links":{"self":[{"href":"https:\/\/www.chile-reise.com\/de\/wp-json\/wp\/v2\/pages\/2205","targetHints":{"allow":["GET"]}}],"collection":[{"href":"https:\/\/www.chile-reise.com\/de\/wp-json\/wp\/v2\/pages"}],"about":[{"href":"https:\/\/www.chile-reise.com\/de\/wp-json\/wp\/v2\/types\/page"}],"author":[{"embeddable":true,"href":"https:\/\/www.chile-reise.com\/de\/wp-json\/wp\/v2\/users\/3"}],"replies":[{"embeddable":true,"href":"https:\/\/www.chile-reise.com\/de\/wp-json\/wp\/v2\/comments?post=2205"}],"version-history":[{"count":0,"href":"https:\/\/www.chile-reise.com\/de\/wp-json\/wp\/v2\/pages\/2205\/revisions"}],"up":[{"embeddable":true,"href":"https:\/\/www.chile-reise.com\/de\/wp-json\/wp\/v2\/pages\/99"}],"wp:attachment":[{"href":"https:\/\/www.chile-reise.com\/de\/wp-json\/wp\/v2\/media?parent=2205"}],"curies":[{"name":"wp","href":"https:\/\/api.w.org\/{rel}","templated":true}]}}