{"id":2176,"date":"2013-08-27T00:29:28","date_gmt":"2013-08-26T22:29:28","guid":{"rendered":"http:\/\/www.chile-reise.com\/wordpress\/?page_id=2176"},"modified":"2014-03-14T17:07:23","modified_gmt":"2014-03-14T15:07:23","slug":"elquital-und-observatoruim-mamalluca","status":"publish","type":"page","link":"https:\/\/www.chile-reise.com\/de\/packages-daytrips\/kleiner-norden\/elquital-und-observatoruim-mamalluca\/","title":{"rendered":"Elquital und Observatorium Mamalluca"},"content":{"rendered":"<p>\r\n        <style type='text\/css'>\r\n            #gallery-1 {\r\n                margin: auto;\r\n            }\r\n            #gallery-1 .gallery-item {\r\n                float: left;\r\n                margin-top: 10px;\r\n                text-align: center;\r\n                width: 33%;           }\r\n            #gallery-1 img {\r\n                border: 2px solid #cfcfcf;\r\n            }\r\n            #gallery-1 .gallery-caption {\r\n                margin-left: 0;\r\n            }\r\n        <\/style>\r\n        <!-- see gallery_shortcode() in wp-includes\/media.php -->\r\n        <div id='gallery-1' class='gallery-images gallery galleryid-2176'><dl class='gallery-item'>\r\n            <dt class='gallery-icon'>\r\n                <a href='https:\/\/www.chile-reise.com\/wp-content\/uploads\/Valle-del-Elqui_klein.jpg'><img loading=\"lazy\" decoding=\"async\" width=\"240\" height=\"140\" src=\"https:\/\/www.chile-reise.com\/wp-content\/uploads\/Valle-del-Elqui_klein-240x140.jpg\" class=\"attachment-thumbnail size-thumbnail\" alt=\"Valle del Elqui klein\" \/><\/a>\r\n            <\/dt>\r\n                <dd class='gallery-caption'>\r\n                Elqui Valley\r\n                <\/dd><\/dl><dl class='gallery-item'>\r\n            <dt class='gallery-icon'>\r\n                <a href='https:\/\/www.chile-reise.com\/wp-content\/uploads\/Observatory_klein.jpg'><img loading=\"lazy\" decoding=\"async\" width=\"240\" height=\"140\" src=\"https:\/\/www.chile-reise.com\/wp-content\/uploads\/Observatory_klein-240x140.jpg\" class=\"attachment-thumbnail size-thumbnail\" alt=\"Observatory klein\" \/><\/a>\r\n            <\/dt>\r\n                <dd class='gallery-caption'>\r\n                Mamalluca Observatory\r\n                <\/dd><\/dl>\r\n            <br style='clear: both;' \/>\r\n        <\/div>\n<div class=\"clear\"><\/div><div class=\"divider\"><\/div>\n<p><strong>Art der Reise:<\/strong> Natur<br \/>\n<strong>Dauer:<\/strong> 1 Tag<\/p>\n\n\t<script type=\"text\/javascript\">\tjQuery(document).ready(function($){\tjQuery(\"ul.tabs-nav\").tabs(\"> .pane\"); }); <\/script>\n\n\t\t<div class=\"post-tabs\">\n\t\t\n<ul class=\"tabs-nav\">\n<li>Tourverlauf<\/li>\n<\/ul>\n\n\t\t<div class=\"pane\">\n\t\t\nDieser Ganztagesausflug f\u00fchrt Sie in das Elqui-Tal, ein schmaler, fruchtbarer Streifen Land inmitten einer Halbw\u00fcstenregion. In dem gr\u00fcnen Tal wachsen Gem\u00fcse, Papayas, Lucumas, Chirimoyas und Weintrauben in ansonsten sehr trockener Umbebung an Bergh\u00e4ngen voller Kakteen. Besondere Spezialit\u00e4t des Elquitals ist der Pisco, ein typisch chilenischer Schnaps, der hier aus Wein destilliert wird. Beim Besuch einer Pisco-Destille wird Ihnen der Herstellungsprozess des Pisco gezeigt und nat\u00fcrlich d\u00fcrfen Sie auch probieren. Im D\u00f6rfchen Vicu\u00f1a, Geburtsort der Literaturnobelpreistr\u00e4gerin Gabriela Mistral, k\u00f6nnen Sie das Museum Gabriela Mistral besuchen, bevor Sie sich beim Mittagessen st\u00e4rken. Danach fahren Sie zum Observatorium Mamalluca mit kurzem Kaffeehalt an einem der Aussichtspunkte unterwegs. In Observatorium Mamalluca k\u00f6nnen Sie unter fachkundiger Anleitung unvergleichliche Blicke in den Sternenhimmel genie\u00dfen.<br \/>\nAm sp\u00e4ten Abend R\u00fcckkehr nach La Serena.<br \/>\n\n\t\t<\/div>\n\t\n\n\t\t<\/div>\n\t<\/p>","protected":false},"excerpt":{"rendered":"<p>Art der Reise: Natur Dauer: 1 Tag<\/p>\n","protected":false},"author":3,"featured_media":0,"parent":98,"menu_order":0,"comment_status":"open","ping_status":"open","template":"","meta":{"slim_seo":{"title":"Elquital und Observatorium Mamalluca Elqui Valley and Mamalluca Observatory - travelArt","description":"Elqui Valley Mamalluca Observatory Art der Reise: Natur Dauer: 1 Tag Tourverlauf Dieser Ganztagesausflug f\u00fchrt Sie in das Elqui-Tal, ein schmaler, fruchtbarer S"},"footnotes":""},"class_list":["post-2176","page","type-page","status-publish","hentry"],"_links":{"self":[{"href":"https:\/\/www.chile-reise.com\/de\/wp-json\/wp\/v2\/pages\/2176","targetHints":{"allow":["GET"]}}],"collection":[{"href":"https:\/\/www.chile-reise.com\/de\/wp-json\/wp\/v2\/pages"}],"about":[{"href":"https:\/\/www.chile-reise.com\/de\/wp-json\/wp\/v2\/types\/page"}],"author":[{"embeddable":true,"href":"https:\/\/www.chile-reise.com\/de\/wp-json\/wp\/v2\/users\/3"}],"replies":[{"embeddable":true,"href":"https:\/\/www.chile-reise.com\/de\/wp-json\/wp\/v2\/comments?post=2176"}],"version-history":[{"count":0,"href":"https:\/\/www.chile-reise.com\/de\/wp-json\/wp\/v2\/pages\/2176\/revisions"}],"up":[{"embeddable":true,"href":"https:\/\/www.chile-reise.com\/de\/wp-json\/wp\/v2\/pages\/98"}],"wp:attachment":[{"href":"https:\/\/www.chile-reise.com\/de\/wp-json\/wp\/v2\/media?parent=2176"}],"curies":[{"name":"wp","href":"https:\/\/api.w.org\/{rel}","templated":true}]}}