{"id":2172,"date":"2013-08-27T00:37:23","date_gmt":"2013-08-26T22:37:23","guid":{"rendered":"http:\/\/www.chile-reise.com\/wordpress\/?page_id=2172"},"modified":"2014-03-14T17:14:51","modified_gmt":"2014-03-14T15:14:51","slug":"fray-george-nationalpark-und-valle-del-encanto","status":"publish","type":"page","link":"https:\/\/www.chile-reise.com\/de\/packages-daytrips\/kleiner-norden\/fray-george-nationalpark-und-valle-del-encanto\/","title":{"rendered":"Fray George Nationalpark und Valle del Encanto"},"content":{"rendered":"<p>\r\n        <style type='text\/css'>\r\n            #gallery-1 {\r\n                margin: auto;\r\n            }\r\n            #gallery-1 .gallery-item {\r\n                float: left;\r\n                margin-top: 10px;\r\n                text-align: center;\r\n                width: 33%;           }\r\n            #gallery-1 img {\r\n                border: 2px solid #cfcfcf;\r\n            }\r\n            #gallery-1 .gallery-caption {\r\n                margin-left: 0;\r\n            }\r\n        <\/style>\r\n        <!-- see gallery_shortcode() in wp-includes\/media.php -->\r\n        <div id='gallery-1' class='gallery-images gallery galleryid-2172'><dl class='gallery-item'>\r\n            <dt class='gallery-icon'>\r\n                <a href='https:\/\/www.chile-reise.com\/wp-content\/uploads\/Fray-Jorge-1_klein.jpg'><img loading=\"lazy\" decoding=\"async\" width=\"240\" height=\"140\" src=\"https:\/\/www.chile-reise.com\/wp-content\/uploads\/Fray-Jorge-1_klein-240x140.jpg\" class=\"attachment-thumbnail size-thumbnail\" alt=\"Fray Jorge 1 klein\" \/><\/a>\r\n            <\/dt>\r\n                <dd class='gallery-caption'>\r\n                Fray Jorge National Park\r\n                <\/dd><\/dl><dl class='gallery-item'>\r\n            <dt class='gallery-icon'>\r\n                <a href='https:\/\/www.chile-reise.com\/wp-content\/uploads\/Fray-Jorge-2_klein.jpg'><img loading=\"lazy\" decoding=\"async\" width=\"240\" height=\"140\" src=\"https:\/\/www.chile-reise.com\/wp-content\/uploads\/Fray-Jorge-2_klein-240x140.jpg\" class=\"attachment-thumbnail size-thumbnail\" alt=\"Fray Jorge 2 klein\" \/><\/a>\r\n            <\/dt>\r\n                <dd class='gallery-caption'>\r\n                Fray Jorge National Park\r\n                <\/dd><\/dl><dl class='gallery-item'>\r\n            <dt class='gallery-icon'>\r\n                <a href='https:\/\/www.chile-reise.com\/wp-content\/uploads\/Valle-del-Encanto_klein.jpg'><img loading=\"lazy\" decoding=\"async\" width=\"240\" height=\"140\" src=\"https:\/\/www.chile-reise.com\/wp-content\/uploads\/Valle-del-Encanto_klein-240x140.jpg\" class=\"attachment-thumbnail size-thumbnail\" alt=\"Valle del Encanto klein\" \/><\/a>\r\n            <\/dt>\r\n                <dd class='gallery-caption'>\r\n                Valle del Encanto\r\n                <\/dd><\/dl><br style=\"clear: both\" \/>\r\n            <br style='clear: both;' \/>\r\n        <\/div>\n<div class=\"clear\"><\/div><div class=\"divider\"><\/div>\n<p><strong>Art der Reise:<\/strong> Natur<br \/>\n<strong>Dauer:<\/strong> 1 Day<\/p>\n\n\t<script type=\"text\/javascript\">\tjQuery(document).ready(function($){\tjQuery(\"ul.tabs-nav\").tabs(\"> .pane\"); }); <\/script>\n\n\t\t<div class=\"post-tabs\">\n\t\t\n<ul class=\"tabs-nav\">\n<li>Tourverlauf<\/li>\n<\/ul>\n\n\t\t<div class=\"pane\">\n\t\t\nAm Morgen fahren Sie von La Serena zum s\u00fcdlich gelegenen Nationalpark Fray Jorge. Der valdivianische Wald des Nationalparks Fray Jorge, der sonst nur im feuchtk\u00fchlen S\u00fcden Chiles existiert, ist UNESCO-Biosph\u00e4renreservat. Dank des K\u00fcstennebels kann er trotz des trockenen Halbw\u00fcstenklimas bestehen und bietet einen wundervollen Kontrast zu seiner kargen Umgebung. Sie unternehmen eine informative Wanderung durch den Park und lernen dabei seine verschiedenen \u00d6kosysteme und Pflanzenarten kennen. Anschlie\u00dfend geht es weiter zum \u00abValle del Encanto\u00bb: ein kleines, verstecktes Tal, das schon 2000 v. Chr. von J\u00e4gern bewohnt wurde. \u00dcber 50 Petroglyphen und Kultsteine bezeugen, dass dies einst ein wichtiges kulturelles Zentrum der Molle-Kultur war.<br \/>\n\n\t\t<\/div>\n\t\n\n\t\t<\/div>\n\t<\/p>","protected":false},"excerpt":{"rendered":"<p>Art der Reise: Natur Dauer: 1 Day<\/p>\n","protected":false},"author":3,"featured_media":0,"parent":98,"menu_order":0,"comment_status":"open","ping_status":"open","template":"","meta":{"slim_seo":{"title":"Fray George Nationalpark und Valle del Encanto Fray George National Park and Valle del Encanto - travelArt","description":"Fray Jorge National Park Fray Jorge National Park Valle del Encanto Art der Reise: Natur Dauer: 1 Day Tourverlauf Am Morgen fahren Sie von La Serena zum s\u00fcdlich"},"footnotes":""},"class_list":["post-2172","page","type-page","status-publish","hentry"],"_links":{"self":[{"href":"https:\/\/www.chile-reise.com\/de\/wp-json\/wp\/v2\/pages\/2172","targetHints":{"allow":["GET"]}}],"collection":[{"href":"https:\/\/www.chile-reise.com\/de\/wp-json\/wp\/v2\/pages"}],"about":[{"href":"https:\/\/www.chile-reise.com\/de\/wp-json\/wp\/v2\/types\/page"}],"author":[{"embeddable":true,"href":"https:\/\/www.chile-reise.com\/de\/wp-json\/wp\/v2\/users\/3"}],"replies":[{"embeddable":true,"href":"https:\/\/www.chile-reise.com\/de\/wp-json\/wp\/v2\/comments?post=2172"}],"version-history":[{"count":0,"href":"https:\/\/www.chile-reise.com\/de\/wp-json\/wp\/v2\/pages\/2172\/revisions"}],"up":[{"embeddable":true,"href":"https:\/\/www.chile-reise.com\/de\/wp-json\/wp\/v2\/pages\/98"}],"wp:attachment":[{"href":"https:\/\/www.chile-reise.com\/de\/wp-json\/wp\/v2\/media?parent=2172"}],"curies":[{"name":"wp","href":"https:\/\/api.w.org\/{rel}","templated":true}]}}