{"id":2159,"date":"2013-08-26T22:36:23","date_gmt":"2013-08-26T20:36:23","guid":{"rendered":"http:\/\/www.chile-reise.com\/wordpress\/?page_id=2159"},"modified":"2014-03-14T16:18:29","modified_gmt":"2014-03-14T14:18:29","slug":"catarpe-valle-de-la-muerte","status":"publish","type":"page","link":"https:\/\/www.chile-reise.com\/de\/packages-daytrips\/atacamawueste\/catarpe-valle-de-la-muerte\/","title":{"rendered":"Catarpe &#8211; Valle de la Muerte"},"content":{"rendered":"<p>\r\n        <style type='text\/css'>\r\n            #gallery-1 {\r\n                margin: auto;\r\n            }\r\n            #gallery-1 .gallery-item {\r\n                float: left;\r\n                margin-top: 10px;\r\n                text-align: center;\r\n                width: 33%;           }\r\n            #gallery-1 img {\r\n                border: 2px solid #cfcfcf;\r\n            }\r\n            #gallery-1 .gallery-caption {\r\n                margin-left: 0;\r\n            }\r\n        <\/style>\r\n        <!-- see gallery_shortcode() in wp-includes\/media.php -->\r\n        <div id='gallery-1' class='gallery-images gallery galleryid-2159'><dl class='gallery-item'>\r\n            <dt class='gallery-icon'>\r\n                <a href='https:\/\/www.chile-reise.com\/wp-content\/uploads\/Valle-de-la-muerte_klein.jpg'><img loading=\"lazy\" decoding=\"async\" width=\"240\" height=\"140\" src=\"https:\/\/www.chile-reise.com\/wp-content\/uploads\/Valle-de-la-muerte_klein-240x140.jpg\" class=\"attachment-thumbnail size-thumbnail\" alt=\"Valle de la muerte klein\" \/><\/a>\r\n            <\/dt>\r\n                <dd class='gallery-caption'>\r\n                Catarpe\r\n                <\/dd><\/dl><dl class='gallery-item'>\r\n            <dt class='gallery-icon'>\r\n                <a href='https:\/\/www.chile-reise.com\/wp-content\/uploads\/valle-de-la-muerte2_klein.jpg'><img loading=\"lazy\" decoding=\"async\" width=\"240\" height=\"140\" src=\"https:\/\/www.chile-reise.com\/wp-content\/uploads\/valle-de-la-muerte2_klein-240x140.jpg\" class=\"attachment-thumbnail size-thumbnail\" alt=\"Valle de la muerte2 klein\" \/><\/a>\r\n            <\/dt>\r\n                <dd class='gallery-caption'>\r\n                Valle de la Muerte\r\n                <\/dd><\/dl>\r\n            <br style='clear: both;' \/>\r\n        <\/div>\n<div class=\"clear\"><\/div><div class=\"divider\"><\/div>\n<p><strong>Art der Reise:<\/strong> Aktiv<br \/>\n<strong>Dauer:<\/strong> 1 Tag<\/p>\n\n\t<script type=\"text\/javascript\">\tjQuery(document).ready(function($){\tjQuery(\"ul.tabs-nav\").tabs(\"> .pane\"); }); <\/script>\n\n\t\t<div class=\"post-tabs\">\n\t\t\n<ul class=\"tabs-nav\">\n<li>Tourverlauf<\/li>\n<li>Ausr\u00fcstung<\/li>\n<li>Anmerkungen<\/li>\n<\/ul>\n\n\t\t<div class=\"pane\">\n\t\t\nVon San Pedro aus geht es zun\u00e4chst mit dem Bus ins Catarpetal, wo die Wanderung entlang einer alten Salpeter-Handelsroute beginnt. Sie f\u00fchrt bergauf bis zu einem Tunnel, der einst  zur  Versorgung der Salpeterminen in den Fels geschlagen wurde. Von dort aus wandern Sie auf einem Bergkamm entlang und haben dabei sch\u00f6ne Ausblicke auf das gr\u00fcne Catarpetal \u2013 ein faszinierender Kontrast zu der umliegenden W\u00fcstenlandschaft. Der Wanderweg f\u00fchrt auf eine gro\u00dfe D\u00fcne oberhalb des  Valle de la Muerte, des Todestals. Sie k\u00f6nnen diese D\u00fcne gem\u00fctlich hinunterschlendern \u2013 es macht aber auch gro\u00dfen Spa\u00df, sie in vollem Lauf hinabzurasen und zu rutschen, bevor die  Wanderung durch die D\u00fcnen- und Felslandschaft des Valle de la Muerte weitergeht. Besonders aktive Wanderer k\u00f6nnen von dort noch bis zur Festung Pukar\u00e1 de Quitor weitergehen.<br \/>\n\n\t\t<\/div>\n\t\n\n\t\t<div class=\"pane\">\n\t\t\nFeste Wanderschuhe.<br \/>\n\n\t\t<\/div>\n\t\n\n\t\t<div class=\"pane\">\n\t\t\nBei dieser Tour besteht die M\u00f6glichkeit, bis zum Tunnel mit dem Bus zu fahren (maximal Sprinter). Normale Version der Wanderung: 3,5 Stunden bis zum Valle de la Muerte, Kurzversion mit Busfahrt zum Tunnel 2,5 Stunden.<br \/>\n\n\t\t<\/div>\n\t\n\n\t\t<\/div>\n\t<\/p>","protected":false},"excerpt":{"rendered":"<p>Art der Reise: Aktiv Dauer: 1 Tag<\/p>\n","protected":false},"author":3,"featured_media":0,"parent":96,"menu_order":0,"comment_status":"open","ping_status":"open","template":"","meta":{"slim_seo":{"title":"Catarpe - Valle de la Muerte Catarpe - Valle de la Muerte - travelArt","description":"Catarpe Valle de la Muerte Art der Reise: Aktiv Dauer: 1 Tag Tourverlauf Ausr\u00fcstung Anmerkungen Von San Pedro aus geht es zun\u00e4chst mit dem Bus ins Catarpetal, w"},"footnotes":""},"class_list":["post-2159","page","type-page","status-publish","hentry"],"_links":{"self":[{"href":"https:\/\/www.chile-reise.com\/de\/wp-json\/wp\/v2\/pages\/2159","targetHints":{"allow":["GET"]}}],"collection":[{"href":"https:\/\/www.chile-reise.com\/de\/wp-json\/wp\/v2\/pages"}],"about":[{"href":"https:\/\/www.chile-reise.com\/de\/wp-json\/wp\/v2\/types\/page"}],"author":[{"embeddable":true,"href":"https:\/\/www.chile-reise.com\/de\/wp-json\/wp\/v2\/users\/3"}],"replies":[{"embeddable":true,"href":"https:\/\/www.chile-reise.com\/de\/wp-json\/wp\/v2\/comments?post=2159"}],"version-history":[{"count":0,"href":"https:\/\/www.chile-reise.com\/de\/wp-json\/wp\/v2\/pages\/2159\/revisions"}],"up":[{"embeddable":true,"href":"https:\/\/www.chile-reise.com\/de\/wp-json\/wp\/v2\/pages\/96"}],"wp:attachment":[{"href":"https:\/\/www.chile-reise.com\/de\/wp-json\/wp\/v2\/media?parent=2159"}],"curies":[{"name":"wp","href":"https:\/\/api.w.org\/{rel}","templated":true}]}}