{"id":2155,"date":"2013-08-26T22:07:18","date_gmt":"2013-08-26T20:07:18","guid":{"rendered":"http:\/\/www.chile-reise.com\/wordpress\/?page_id=2155"},"modified":"2013-10-02T20:06:55","modified_gmt":"2013-10-02T18:06:55","slug":"machuca-rio-grande","status":"publish","type":"page","link":"https:\/\/www.chile-reise.com\/de\/packages-daytrips\/atacamawueste\/machuca-rio-grande\/","title":{"rendered":"Machuca &#8211; Rio Grande"},"content":{"rendered":"<p><div class=\"clear\"><\/div><div class=\"divider\"><\/div>\n<p><strong>Art der Reise:<\/strong> Aktiv<br \/>\n<strong>Dauer:<\/strong> 1 Tag<\/p>\n\n\t<script type=\"text\/javascript\">\tjQuery(document).ready(function($){\tjQuery(\"ul.tabs-nav\").tabs(\"> .pane\"); }); <\/script>\n\n\t\t<div class=\"post-tabs\">\n\t\t\n<ul class=\"tabs-nav\">\n<li>Tourverlauf<\/li>\n<li>Ausr\u00fcstung<\/li>\n<li>Anmerkungen<\/li>\n<\/ul>\n\n\t\t<div class=\"pane\">\n\t\t\nDiese sehr abwechslungsreiche Wanderung f\u00fchrt durch verschiedene  Vegetationszonen vom  Altiplano-D\u00f6rfchen Machuca bis hinunter nach Rio Grande.\u00a0 Verlassene Terrassenanlagen\u00a0 und Bew\u00e4sserungskan\u00e4le\u00a0 zeugen  von vergangenen Kulturen, die der W\u00fcste ihren Lebens-unterhalt abtrotzten. Unterwegs werden Sie 300 m tiefe Canyons und riesige Kakteen sehen k\u00f6nnen, auch viele Alpacas bev\u00f6lkern diesen Landstrich.\u00a0 In der Rio Grande -Oase angekommen, steht der Bus schon bereit. Auf der R\u00fcckfahrt nach San Pedro machen Sie einen Abstecher zu den faszinierenden Felsmalereien von Yerbas  Buenas, Bilder von Tieren, Menschen und geometrischen Figuren, die von den Atacame\u00f1os hier vor langer Zeit hinterlassen wurden.<br \/>\n\n\t\t<\/div>\n\t\n\n\t\t<div class=\"pane\">\n\t\t\nFeste Wanderschuhe.<br \/>\n\n\t\t<\/div>\n\t\n\n\t\t<div class=\"pane\">\n\t\t\nDie Wanderung dauert ca. 5 Stunden und f\u00fchrt fast \u00fcber die ganze Strecke bergab<br \/>\n\n\t\t<\/div>\n\t\n\n\t\t<\/div>\n\t<\/p>","protected":false},"excerpt":{"rendered":"<p>Art der Reise: Aktiv Dauer: 1 Tag<\/p>\n","protected":false},"author":3,"featured_media":0,"parent":96,"menu_order":0,"comment_status":"open","ping_status":"open","template":"","meta":{"slim_seo":{"title":"Machuca - Rio Grande Machuca - Rio Grande - travelArt","description":"Art der Reise: Aktiv Dauer: 1 Tag Tourverlauf Ausr\u00fcstung Anmerkungen Diese sehr abwechslungsreiche Wanderung f\u00fchrt durch verschiedene Vegetationszonen vom Altip"},"footnotes":""},"class_list":["post-2155","page","type-page","status-publish","hentry"],"_links":{"self":[{"href":"https:\/\/www.chile-reise.com\/de\/wp-json\/wp\/v2\/pages\/2155","targetHints":{"allow":["GET"]}}],"collection":[{"href":"https:\/\/www.chile-reise.com\/de\/wp-json\/wp\/v2\/pages"}],"about":[{"href":"https:\/\/www.chile-reise.com\/de\/wp-json\/wp\/v2\/types\/page"}],"author":[{"embeddable":true,"href":"https:\/\/www.chile-reise.com\/de\/wp-json\/wp\/v2\/users\/3"}],"replies":[{"embeddable":true,"href":"https:\/\/www.chile-reise.com\/de\/wp-json\/wp\/v2\/comments?post=2155"}],"version-history":[{"count":0,"href":"https:\/\/www.chile-reise.com\/de\/wp-json\/wp\/v2\/pages\/2155\/revisions"}],"up":[{"embeddable":true,"href":"https:\/\/www.chile-reise.com\/de\/wp-json\/wp\/v2\/pages\/96"}],"wp:attachment":[{"href":"https:\/\/www.chile-reise.com\/de\/wp-json\/wp\/v2\/media?parent=2155"}],"curies":[{"name":"wp","href":"https:\/\/api.w.org\/{rel}","templated":true}]}}