{"id":2151,"date":"2013-08-26T21:59:42","date_gmt":"2013-08-26T19:59:42","guid":{"rendered":"http:\/\/www.chile-reise.com\/wordpress\/?page_id=2151"},"modified":"2014-06-10T21:00:07","modified_gmt":"2014-06-10T19:00:07","slug":"besteigung-des-vulkan-toco","status":"publish","type":"page","link":"https:\/\/www.chile-reise.com\/de\/packages-daytrips\/atacamawueste\/besteigung-des-vulkan-toco\/","title":{"rendered":"Besteigung des Vulkan Toco"},"content":{"rendered":"<p>\r\n        <style type='text\/css'>\r\n            #gallery-1 {\r\n                margin: auto;\r\n            }\r\n            #gallery-1 .gallery-item {\r\n                float: left;\r\n                margin-top: 10px;\r\n                text-align: center;\r\n                width: 33%;           }\r\n            #gallery-1 img {\r\n                border: 2px solid #cfcfcf;\r\n            }\r\n            #gallery-1 .gallery-caption {\r\n                margin-left: 0;\r\n            }\r\n        <\/style>\r\n        <!-- see gallery_shortcode() in wp-includes\/media.php -->\r\n        <div id='gallery-1' class='gallery-images gallery galleryid-2151'><dl class='gallery-item'>\r\n            <dt class='gallery-icon'>\r\n                <a href='https:\/\/www.chile-reise.com\/wp-content\/uploads\/Volcan-Toco-2_Volcano-Chile_klein.jpg'><img loading=\"lazy\" decoding=\"async\" width=\"240\" height=\"140\" src=\"https:\/\/www.chile-reise.com\/wp-content\/uploads\/Volcan-Toco-2_Volcano-Chile_klein-240x140.jpg\" class=\"attachment-thumbnail size-thumbnail\" alt=\"Volcan Toco (2) Volcano Chile klein\" \/><\/a>\r\n            <\/dt>\r\n                <dd class='gallery-caption'>\r\n                Volcan Toco\r\n                <\/dd><\/dl><dl class='gallery-item'>\r\n            <dt class='gallery-icon'>\r\n                <a href='https:\/\/www.chile-reise.com\/wp-content\/uploads\/Volcan-Toco_Volcano-Chile_klein.jpg'><img loading=\"lazy\" decoding=\"async\" width=\"240\" height=\"140\" src=\"https:\/\/www.chile-reise.com\/wp-content\/uploads\/Volcan-Toco_Volcano-Chile_klein-240x140.jpg\" class=\"attachment-thumbnail size-thumbnail\" alt=\"Volcan Toco Volcano Chile klein\" \/><\/a>\r\n            <\/dt>\r\n                <dd class='gallery-caption'>\r\n                Volcan Toco\r\n                <\/dd><\/dl>\r\n            <br style='clear: both;' \/>\r\n        <\/div>\n<div class=\"clear\"><\/div><div class=\"divider\"><\/div>\n<p><strong>Art der Reise:<\/strong> Aktiv<br \/>\n<strong>Dauer:<\/strong> 1 Tag<\/p>\n\n\t<script type=\"text\/javascript\">\tjQuery(document).ready(function($){\tjQuery(\"ul.tabs-nav\").tabs(\"> .pane\"); }); <\/script>\n\n\t\t<div class=\"post-tabs\">\n\t\t\n<ul class=\"tabs-nav\">\n<li>Tourverlauf<\/li>\n<li>Ausr\u00fcstung<\/li>\n<li>Anmerkungen<\/li>\n<\/ul>\n\n\t\t<div class=\"pane\">\n\t\t\nMorgens bringt Sie ein Transfer von San Pedro in Richtung der argentinischen Grenze. Dort beginnt die  Wanderung zum Gipfel. Sie ist technisch einfach, jedoch durch die H\u00f6he bedingt anstrengend.\u00a0 Wenn Sie nach ca. 3 Stunden auf dem Gipfel ankommen, werden Sie mit einer fantastischen Aussicht auf die umliegenden Vulkane und Bergketten sowie den gewaltigen, leuchtend wei\u00dfen Salzsee Salar de Atacama belohnt. Nach einer Pause auf dem Gipfel, Abstieg und R\u00fcckfahrt nach San Pedro .<br \/>\n\n\t\t<\/div>\n\t\n\n\t\t<div class=\"pane\">\n\t\t\nFeste Wanderschuhe.<br \/>\n\n\t\t<\/div>\n\t\n\n\t\t<div class=\"pane\">\n\t\t\nSchwierigkeitsgrad moderat, Wanderung je nach Kondition der Gruppe ca. 3 bis 4  Stunden. Eine  vorherige Akklimatisierung in der H\u00f6he von San Pedro und Erfahrung in Bergwandern in H\u00f6hen \u00fcber 4000 Meter werden vorausgesetzt.<br \/>\n\n\t\t<\/div>\n\t\n\n\t\t<\/div>\n\t<\/p>","protected":false},"excerpt":{"rendered":"<p>Art der Reise: Aktiv Dauer: 1 Tag<\/p>\n","protected":false},"author":3,"featured_media":0,"parent":96,"menu_order":0,"comment_status":"open","ping_status":"open","template":"","meta":{"slim_seo":{"title":"Besteigung des Vulkan Toco Ascent of Toco Volcano - travelArt","description":"Volcan Toco Volcan Toco Art der Reise: Aktiv Dauer: 1 Tag Tourverlauf Ausr\u00fcstung Anmerkungen Morgens bringt Sie ein Transfer von San Pedro in Richtung der argen"},"footnotes":""},"class_list":["post-2151","page","type-page","status-publish","hentry"],"_links":{"self":[{"href":"https:\/\/www.chile-reise.com\/de\/wp-json\/wp\/v2\/pages\/2151","targetHints":{"allow":["GET"]}}],"collection":[{"href":"https:\/\/www.chile-reise.com\/de\/wp-json\/wp\/v2\/pages"}],"about":[{"href":"https:\/\/www.chile-reise.com\/de\/wp-json\/wp\/v2\/types\/page"}],"author":[{"embeddable":true,"href":"https:\/\/www.chile-reise.com\/de\/wp-json\/wp\/v2\/users\/3"}],"replies":[{"embeddable":true,"href":"https:\/\/www.chile-reise.com\/de\/wp-json\/wp\/v2\/comments?post=2151"}],"version-history":[{"count":0,"href":"https:\/\/www.chile-reise.com\/de\/wp-json\/wp\/v2\/pages\/2151\/revisions"}],"up":[{"embeddable":true,"href":"https:\/\/www.chile-reise.com\/de\/wp-json\/wp\/v2\/pages\/96"}],"wp:attachment":[{"href":"https:\/\/www.chile-reise.com\/de\/wp-json\/wp\/v2\/media?parent=2151"}],"curies":[{"name":"wp","href":"https:\/\/api.w.org\/{rel}","templated":true}]}}