{"id":2145,"date":"2013-08-26T21:50:52","date_gmt":"2013-08-26T19:50:52","guid":{"rendered":"http:\/\/www.chile-reise.com\/wordpress\/?page_id=2145"},"modified":"2014-06-10T21:12:46","modified_gmt":"2014-06-10T19:12:46","slug":"trekking-vulkan-lascar","status":"publish","type":"page","link":"https:\/\/www.chile-reise.com\/de\/packages-daytrips\/atacamawueste\/trekking-vulkan-lascar\/","title":{"rendered":"Trekking Vulkan Lascar"},"content":{"rendered":"<p>\r\n        <style type='text\/css'>\r\n            #gallery-1 {\r\n                margin: auto;\r\n            }\r\n            #gallery-1 .gallery-item {\r\n                float: left;\r\n                margin-top: 10px;\r\n                text-align: center;\r\n                width: 33%;           }\r\n            #gallery-1 img {\r\n                border: 2px solid #cfcfcf;\r\n            }\r\n            #gallery-1 .gallery-caption {\r\n                margin-left: 0;\r\n            }\r\n        <\/style>\r\n        <!-- see gallery_shortcode() in wp-includes\/media.php -->\r\n        <div id='gallery-1' class='gallery-images gallery galleryid-2145'><dl class='gallery-item'>\r\n            <dt class='gallery-icon'>\r\n                <a href='https:\/\/www.chile-reise.com\/wp-content\/uploads\/Volcan-Lascar-2_Volcano-Chile_klein.jpg'><img loading=\"lazy\" decoding=\"async\" width=\"240\" height=\"140\" src=\"https:\/\/www.chile-reise.com\/wp-content\/uploads\/Volcan-Lascar-2_Volcano-Chile_klein-240x140.jpg\" class=\"attachment-thumbnail size-thumbnail\" alt=\"Volcan Lascar (2) Volcano Chile klein\" \/><\/a>\r\n            <\/dt>\r\n                <dd class='gallery-caption'>\r\n                Tekking Volcan Lascar\r\n                <\/dd><\/dl><dl class='gallery-item'>\r\n            <dt class='gallery-icon'>\r\n                <a href='https:\/\/www.chile-reise.com\/wp-content\/uploads\/Volcan-Lascar-3_klein.jpg'><img loading=\"lazy\" decoding=\"async\" width=\"240\" height=\"140\" src=\"https:\/\/www.chile-reise.com\/wp-content\/uploads\/Volcan-Lascar-3_klein-240x140.jpg\" class=\"attachment-thumbnail size-thumbnail\" alt=\"Volcan Lascar (3) klein\" \/><\/a>\r\n            <\/dt>\r\n                <dd class='gallery-caption'>\r\n                Volcan Lascar\r\n                <\/dd><\/dl>\r\n            <br style='clear: both;' \/>\r\n        <\/div>\n<div class=\"clear\"><\/div><div class=\"divider\"><\/div>\n<p><strong>Art der Reise:<\/strong> Aktiv<br \/>\n<strong>Dauer:<\/strong> 1 Tag<\/p>\n\n\t<script type=\"text\/javascript\">\tjQuery(document).ready(function($){\tjQuery(\"ul.tabs-nav\").tabs(\"> .pane\"); }); <\/script>\n\n\t\t<div class=\"post-tabs\">\n\t\t\n<ul class=\"tabs-nav\">\n<li>Tourverlauf<\/li>\n<li>Ausr\u00fcstung<\/li>\n<li>Anmerkungen<\/li>\n<\/ul>\n\n\t\t<div class=\"pane\">\n\t\t\nZu ihrem ganzt\u00e4gigen, begleiteten Trekkingausflug starten Sie in den fr\u00fchen Morgenstunden von San Pedro aus. Sie fahren zuerst zur Basis des Vulkans und nehmen auf dem Weg dorthin bei der Laguna Lej\u00eda ein Fr\u00fchst\u00fcck zu sich. Frisch gest\u00e4rkt geht es dann zur Basis des Vulkans auf einer H\u00f6he von 4.850 m, von wo aus Sie zu Ihrer ca. 3-4 st\u00fcndigen Wanderung aufbrechen. Am Vulkankrater angekommen, k\u00f6nnen Sie die Fumarolen bestaunen. Der Vulkankrater des Laskar Vulkanes hat einen Durchmesser von ca. 3 km. Der (noch aktive) Vulkan Laskar ist Teil der der Andenkordillere und erreicht eine H\u00f6he von 5.600 m. Fr\u00fchst\u00fcck und Lunchbox inklusive.<br \/>\n\n\t\t<\/div>\n\t\n\n\t\t<div class=\"pane\">\n\t\t\nGute Trekkingschuhe sind f\u00fcr die Wanderung empfehlenswert. Die Temperatur am Vulkankrater betr\u00e4gt zwischen -2 und 5 Grad C. Bitte denken Sie deshalb an warme Kleidung.<br \/>\n\n\t\t<\/div>\n\t\n\n\t\t<div class=\"pane\">\n\t\t\nGute k\u00f6rperliche Fitness ist Voraussetzung.<br \/>\nDiese Tour eignet sich nicht f\u00fcr Personen, die unter der H\u00f6henkrankheit leiden oder Blutdruckprobleme haben.<br \/>\nSchwangeren Frauen wird ebenfalls von einer Teilnahme abgeraten.<br \/>\n\n\t\t<\/div>\n\t\n\n\t\t<\/div>\n\t<\/p>","protected":false},"excerpt":{"rendered":"<p>Art der Reise: Aktiv Dauer: 1 Tag<\/p>\n","protected":false},"author":3,"featured_media":0,"parent":96,"menu_order":0,"comment_status":"open","ping_status":"open","template":"","meta":{"slim_seo":{"title":"Trekking Vulkan Lascar Trekking Lascar Volcano - travelArt","description":"Tekking Volcan Lascar Volcan Lascar Art der Reise: Aktiv Dauer: 1 Tag Tourverlauf Ausr\u00fcstung Anmerkungen Zu ihrem ganzt\u00e4gigen, begleiteten Trekkingausflug start"},"footnotes":""},"class_list":["post-2145","page","type-page","status-publish","hentry"],"_links":{"self":[{"href":"https:\/\/www.chile-reise.com\/de\/wp-json\/wp\/v2\/pages\/2145","targetHints":{"allow":["GET"]}}],"collection":[{"href":"https:\/\/www.chile-reise.com\/de\/wp-json\/wp\/v2\/pages"}],"about":[{"href":"https:\/\/www.chile-reise.com\/de\/wp-json\/wp\/v2\/types\/page"}],"author":[{"embeddable":true,"href":"https:\/\/www.chile-reise.com\/de\/wp-json\/wp\/v2\/users\/3"}],"replies":[{"embeddable":true,"href":"https:\/\/www.chile-reise.com\/de\/wp-json\/wp\/v2\/comments?post=2145"}],"version-history":[{"count":0,"href":"https:\/\/www.chile-reise.com\/de\/wp-json\/wp\/v2\/pages\/2145\/revisions"}],"up":[{"embeddable":true,"href":"https:\/\/www.chile-reise.com\/de\/wp-json\/wp\/v2\/pages\/96"}],"wp:attachment":[{"href":"https:\/\/www.chile-reise.com\/de\/wp-json\/wp\/v2\/media?parent=2145"}],"curies":[{"name":"wp","href":"https:\/\/api.w.org\/{rel}","templated":true}]}}