{"id":214,"date":"2013-07-02T23:13:03","date_gmt":"2013-07-02T21:13:03","guid":{"rendered":"http:\/\/www.chile-reise.com\/wordpress\/?page_id=214"},"modified":"2015-04-10T22:37:22","modified_gmt":"2015-04-10T20:37:22","slug":"seengebiet","status":"publish","type":"page","link":"https:\/\/www.chile-reise.com\/de\/hotels\/seengebiet\/","title":{"rendered":"Seengebiet"},"content":{"rendered":"<p><img loading=\"lazy\" decoding=\"async\" src=\"https:\/\/www.chile-reise.com\/wp-content\/uploads\/slider_seengebiet1-240x140.jpg\" alt=\"slider_seengebiet\" width=\"240\" height=\"140\" class=\"alignleft size-thumbnail wp-image-924\" \/>Im Seengebiet \u00fcbernachtet man idyllisch zwischen schneebedeckten Vulkanen, blauen Seen und endlosen W\u00e4ldern. Der ideale Ort f\u00fcr Genie\u00dfer.<br \/>\n(B) = Boutique Hotel<\/p>\n<h6>Unsere Hotels<\/h6>\n<span id=\"tablepress-13-description\" class=\"tablepress-table-description tablepress-table-description-id-13\"><\/span>\n\n<table id=\"tablepress-13\" class=\"tablepress tablepress-id-13\" aria-describedby=\"tablepress-13-description\">\n<thead>\n<tr class=\"row-1\">\n\t<th class=\"column-1\">Hotel<\/th><th class=\"column-2\">Ort<\/th>\n<\/tr>\n<\/thead>\n<tbody class=\"row-striping row-hover\">\n<tr class=\"row-2\">\n\t<td class=\"column-1\"><a href=\"hotel-villarrica-park-lake\/\">Hotel Enjoy Park Lake Villarrica *****<\/a><\/td><td class=\"column-2\">Villarrica-See<\/td>\n<\/tr>\n<tr class=\"row-3\">\n\t<td class=\"column-1\"><a href=\"hotel-antumalal\/\">Hotel Antumalal ****<\/a><\/td><td class=\"column-2\">Puc\u00f3n<\/td>\n<\/tr>\n<tr class=\"row-4\">\n\t<td class=\"column-1\"><a href=\"hotel-pucon-green-park\/\">Hotel Puc\u00f3n Green Park ****<\/a><\/td><td class=\"column-2\">Puc\u00f3n<\/td>\n<\/tr>\n<tr class=\"row-5\">\n\t<td class=\"column-1\"><a href=\"casona-de-pucon\/\">Casona de Puc\u00f3n ***<\/a><\/td><td class=\"column-2\">Puc\u00f3n<\/td>\n<\/tr>\n<tr class=\"row-6\">\n\t<td class=\"column-1\"><a href=\"hotel-monte-verde\/\">Hotel Monte Verde ****<\/a><\/td><td class=\"column-2\">Villarrica-See<\/td>\n<\/tr>\n<tr class=\"row-7\">\n\t<td class=\"column-1\"><a href=\"hotel-malalhue\/\">Hotel Malalhue ****<\/a><\/td><td class=\"column-2\">Puc\u00f3n<\/td>\n<\/tr>\n<tr class=\"row-8\">\n\t<td class=\"column-1\"><a href=\"hostal-geronimo\/\">Hostal Geronimo ***<\/a><\/td><td class=\"column-2\">Puc\u00f3n<\/td>\n<\/tr>\n<tr class=\"row-9\">\n\t<td class=\"column-1\"><a href=\"ecocamp-nevados-de-sollipulli\/\">Ecocamp Nevados de Sollipulli<\/a><\/td><td class=\"column-2\">Naturreservat Villarrica<\/td>\n<\/tr>\n<tr class=\"row-10\">\n\t<td class=\"column-1\"><a href=\"landhaus-san-sebastian\/\">Landhaus San Sebastian ***<\/a><\/td><td class=\"column-2\">Puc\u00f3n<\/td>\n<\/tr>\n<tr class=\"row-11\">\n\t<td class=\"column-1\"><a href=\"hotel-vientos-del-sur\/\">Hotel Vientos del Sur ***<\/a><\/td><td class=\"column-2\">Puc\u00f3n<\/td>\n<\/tr>\n<tr class=\"row-12\">\n\t<td class=\"column-1\"><a href=\"la-montana-magica-lodge\/\">La Monta\u00f1a M\u00e1gica Lodge ****<\/a><\/td><td class=\"column-2\">Naturreservat Huilo Huilo<\/td>\n<\/tr>\n<tr class=\"row-13\">\n\t<td class=\"column-1\"><a href=\"nothofagus-hotel-spa\/\">Nothofagus Hotel &amp; Spa ****<\/a><\/td><td class=\"column-2\">Naturreservat Huilo Huilo<\/td>\n<\/tr>\n<tr class=\"row-14\">\n\t<td class=\"column-1\"><a href=\"nawelpi-lodge-reserva-del-fuy\/\">Nawelpi Lodge Reserva del Fuy ****<\/a><\/td><td class=\"column-2\">Naturreservat Huilo Huilo<\/td>\n<\/tr>\n<tr class=\"row-15\">\n\t<td class=\"column-1\"><a href=\"cabana-del-lago-hotel\/\">Caba\u00f1a del Lago Hotel ****<\/a><\/td><td class=\"column-2\">Puerto Varas<\/td>\n<\/tr>\n<tr class=\"row-16\">\n\t<td class=\"column-1\"><a href=\"gran-hotel-colonos-del-sur\/\">Hotel Radisson Puerto Varas *****<\/a><\/td><td class=\"column-2\">Puerto Varas<\/td>\n<\/tr>\n<tr class=\"row-17\">\n\t<td class=\"column-1\"><a href=\"cumbres\/\">Hotel Cumbres *****<\/a><\/td><td class=\"column-2\">Puerto Varas<\/td>\n<\/tr>\n<tr class=\"row-18\">\n\t<td class=\"column-1\"><a href=\"hotel-patagonico\/\">Hotel Enjoy Puerto Varas *****<\/a><\/td><td class=\"column-2\">Puerto Varas<\/td>\n<\/tr>\n<tr class=\"row-19\">\n\t<td class=\"column-1\"><a href=\"solace-hotel\/\">Solace Hotel ****<\/a><\/td><td class=\"column-2\">Puerto Varas<\/td>\n<\/tr>\n<tr class=\"row-20\">\n\t<td class=\"column-1\"><a href=\"petrohue-lodge\/\">Petrohue Lodge ***<\/a><\/td><td class=\"column-2\">Petrohue<\/td>\n<\/tr>\n<tr class=\"row-21\">\n\t<td class=\"column-1\"><a href=\"hotel-puerto-chico\/\">Hotel Puerto Chico ***<\/a><\/td><td class=\"column-2\">Puerto Varas<\/td>\n<\/tr>\n<tr class=\"row-22\">\n\t<td class=\"column-1\"><a href=\"boutique-hotel-palafito-1326\/\">Hotel Palafito 1326 (B)<\/a><\/td><td class=\"column-2\">Castro<\/td>\n<\/tr>\n<tr class=\"row-23\">\n\t<td class=\"column-1\"><a href=\"hosteria-de-castro\/\">Hotel de Castro ***<\/a><\/td><td class=\"column-2\">Castro<\/td>\n<\/tr>\n<tr class=\"row-24\">\n\t<td class=\"column-1\"><a href=\"hotel-ancud\/\">Hotel Ancud ***<\/a><\/td><td class=\"column-2\">Ancud<\/td>\n<\/tr>\n<tr class=\"row-25\">\n\t<td class=\"column-1\"><a href=\"hotel-parque-quilquico\/\">Hotel Parque Quilquico ****<\/a><\/td><td class=\"column-2\">bei Castro<\/td>\n<\/tr>\n<tr class=\"row-26\">\n\t<td class=\"column-1\"><a href=\"tierra-chiloe\/\">Hotel Tierra Chilo\u00e9 ****<\/a><\/td><td class=\"column-2\">bei Castro<\/td>\n<\/tr>\n<tr class=\"row-27\">\n\t<td class=\"column-1\"><a href=\"reino-fungi-lodge\/\">Reino Fungi Lodge *****<\/a><\/td><td class=\"column-2\">Naturreservat Huilo Huilo<\/td>\n<\/tr>\n<tr class=\"row-28\">\n\t<td class=\"column-1\"><a href=\"colonos-del-sur-mirador\/\">Park Inn by Radisson ****<\/a><\/td><td class=\"column-2\">Puerto Varas<\/td>\n<\/tr>\n<tr class=\"row-29\">\n\t<td class=\"column-1\"><a href=\"hosteria-andenrose\/\">Hosteria Andenrose **<\/a><\/td><td class=\"column-2\">Curacautin<\/td>\n<\/tr>\n<tr class=\"row-30\">\n\t<td class=\"column-1\"><a href=\"noi-centro-de-ocio\/\">Centro de Ocio ****<\/a><\/td><td class=\"column-2\">bei Castro<\/td>\n<\/tr>\n<tr class=\"row-31\">\n\t<td class=\"column-1\"><a href=\"https:\/\/www.chile-reise.com\/hotels\/seengebiet\/czm-vnbmvbn\/\" rel=\"noopener\" target=\"_blank\">Testhotel<\/a><\/td><td class=\"column-2\">Huerquehue<\/td>\n<\/tr>\n<\/tbody>\n<\/table>\n<!-- #tablepress-13 from cache --><\/p>","protected":false},"excerpt":{"rendered":"<p>Im Seengebiet \u00fcbernachtet man idyllisch zwischen schneebedeckten Vulkanen, blauen Seen und endlosen W\u00e4ldern. Der ideale Ort f\u00fcr Genie\u00dfer. (B) = Boutique Hotel Unsere Hotels<\/p>\n","protected":false},"author":16,"featured_media":0,"parent":196,"menu_order":0,"comment_status":"open","ping_status":"open","template":"","meta":{"slim_seo":{"title":"Seengebiet Lake Region - travelArt","description":"Im Seengebiet \u00fcbernachtet man idyllisch zwischen schneebedeckten Vulkanen, blauen Seen und endlosen W\u00e4ldern. Der ideale Ort f\u00fcr Genie\u00dfer. (B) = Boutique Hotel U"},"footnotes":""},"class_list":["post-214","page","type-page","status-publish","hentry"],"_links":{"self":[{"href":"https:\/\/www.chile-reise.com\/de\/wp-json\/wp\/v2\/pages\/214","targetHints":{"allow":["GET"]}}],"collection":[{"href":"https:\/\/www.chile-reise.com\/de\/wp-json\/wp\/v2\/pages"}],"about":[{"href":"https:\/\/www.chile-reise.com\/de\/wp-json\/wp\/v2\/types\/page"}],"author":[{"embeddable":true,"href":"https:\/\/www.chile-reise.com\/de\/wp-json\/wp\/v2\/users\/16"}],"replies":[{"embeddable":true,"href":"https:\/\/www.chile-reise.com\/de\/wp-json\/wp\/v2\/comments?post=214"}],"version-history":[{"count":0,"href":"https:\/\/www.chile-reise.com\/de\/wp-json\/wp\/v2\/pages\/214\/revisions"}],"up":[{"embeddable":true,"href":"https:\/\/www.chile-reise.com\/de\/wp-json\/wp\/v2\/pages\/196"}],"wp:attachment":[{"href":"https:\/\/www.chile-reise.com\/de\/wp-json\/wp\/v2\/media?parent=214"}],"curies":[{"name":"wp","href":"https:\/\/api.w.org\/{rel}","templated":true}]}}