{"id":2131,"date":"2013-08-26T21:04:54","date_gmt":"2013-08-26T19:04:54","guid":{"rendered":"http:\/\/www.chile-reise.com\/wordpress\/?page_id=2131"},"modified":"2013-10-02T20:05:52","modified_gmt":"2013-10-02T18:05:52","slug":"kupfermine-chuquicamata","status":"publish","type":"page","link":"https:\/\/www.chile-reise.com\/de\/packages-daytrips\/atacamawueste\/kupfermine-chuquicamata\/","title":{"rendered":"Kupfermine Chuquicamata"},"content":{"rendered":"<p>\r\n        <style type='text\/css'>\r\n            #gallery-1 {\r\n                margin: auto;\r\n            }\r\n            #gallery-1 .gallery-item {\r\n                float: left;\r\n                margin-top: 10px;\r\n                text-align: center;\r\n                width: 33%;           }\r\n            #gallery-1 img {\r\n                border: 2px solid #cfcfcf;\r\n            }\r\n            #gallery-1 .gallery-caption {\r\n                margin-left: 0;\r\n            }\r\n        <\/style>\r\n        <!-- see gallery_shortcode() in wp-includes\/media.php -->\r\n        <div id='gallery-1' class='gallery-images gallery galleryid-2131'><dl class='gallery-item'>\r\n            <dt class='gallery-icon'>\r\n                <a href='https:\/\/www.chile-reise.com\/wp-content\/uploads\/Chuquicamata.jpg'><img loading=\"lazy\" decoding=\"async\" width=\"240\" height=\"140\" src=\"https:\/\/www.chile-reise.com\/wp-content\/uploads\/Chuquicamata-240x140.jpg\" class=\"attachment-thumbnail size-thumbnail\" alt=\"Chuquicamata\" \/><\/a>\r\n            <\/dt>\r\n                <dd class='gallery-caption'>\r\n                Chuquicamata\r\n                <\/dd><\/dl><dl class='gallery-item'>\r\n            <dt class='gallery-icon'>\r\n                <a href='https:\/\/www.chile-reise.com\/wp-content\/uploads\/Camion-Chuquicamata.jpg'><img loading=\"lazy\" decoding=\"async\" width=\"240\" height=\"140\" src=\"https:\/\/www.chile-reise.com\/wp-content\/uploads\/Camion-Chuquicamata-240x140.jpg\" class=\"attachment-thumbnail size-thumbnail\" alt=\"Camion Chuquicamata\" \/><\/a>\r\n            <\/dt>\r\n                <dd class='gallery-caption'>\r\n                Chuquicamata Camion\r\n                <\/dd><\/dl><dl class='gallery-item'>\r\n            <dt class='gallery-icon'>\r\n                <a href='https:\/\/www.chile-reise.com\/wp-content\/uploads\/travelArt-in-Chuquicamata.jpg'><img loading=\"lazy\" decoding=\"async\" width=\"240\" height=\"140\" src=\"https:\/\/www.chile-reise.com\/wp-content\/uploads\/travelArt-in-Chuquicamata-240x140.jpg\" class=\"attachment-thumbnail size-thumbnail\" alt=\"TravelArt in Chuquicamata\" \/><\/a>\r\n            <\/dt>\r\n                <dd class='gallery-caption'>\r\n                travelArt in Chuquicamata\r\n                <\/dd><\/dl><br style=\"clear: both\" \/>\r\n            <br style='clear: both;' \/>\r\n        <\/div>\n\n<div class=\"clear\"><\/div><div class=\"divider\"><\/div>\n<p><strong>Art der Reise:<\/strong> Kultur<br \/>\n<strong>Dauer:<\/strong> 1 Tag<\/p>\n\n\t<script type=\"text\/javascript\">\tjQuery(document).ready(function($){\tjQuery(\"ul.tabs-nav\").tabs(\"> .pane\"); }); <\/script>\n\n\t\t<div class=\"post-tabs\">\n\t\t\n<ul class=\"tabs-nav\">\n<li>Tourverlauf<\/li>\n<li>Anmerkungen<\/li>\n<\/ul>\n\n\t\t<div class=\"pane\">\n\t\t\nBesuchen Sie Chuquicamata \u2013 der gr\u00f6\u00dfte Kupfertagebau der Welt. Man sagt, sie sei sogar aus dem Weltraum sichtbar. In diesem gigantischen Loch in der W\u00fcstenlandschaft schl\u00e4gt das Herz von Chiles Wirtschaft. Schon vor der Inkazeit wurde hier Kupfer gewonnen, allerdings in \u00fcberschauberen Ma\u00dfen. 1910 wurde die erste moderne F\u00f6rderanlage gebaut und heute kommen \u00fcber 600.000t Kupfer j\u00e4hrlich aus der Mine. Die Hauptgrube ist \u00fcber 4 km lang, 3 km breit und 850m tief, Tendenz steigend.<br \/>\n\n\t\t<\/div>\n\t\n\n\t\t<div class=\"pane\">\n\t\t\nIdealerweise besuchen Sie die Mine von Calama aus, oder am Tag der R\u00fcckfahrt von San Pedro nach Calama. Die Besuchserlaubnis von Seiten der Betreibergesellschaft ist nicht immer gew\u00e4hrleistet, sondern h\u00e4ngt von den gerade durchgef\u00fchrten Arbeiten ab.<br \/>\n\n\t\t<\/div>\n\t\n\n\t\t<\/div>\n\t<\/p>","protected":false},"excerpt":{"rendered":"<p>Art der Reise: Kultur Dauer: 1 Tag<\/p>\n","protected":false},"author":3,"featured_media":0,"parent":96,"menu_order":0,"comment_status":"open","ping_status":"open","template":"","meta":{"slim_seo":{"title":"Kupfermine Chuquicamata Chuquicamata Copper Mine - travelArt","description":"Chuquicamata Chuquicamata Camion travelArt in Chuquicamata Art der Reise: Kultur Dauer: 1 Tag Tourverlauf Anmerkungen Besuchen Sie Chuquicamata \u2013 der gr\u00f6\u00dfte Kup"},"footnotes":""},"class_list":["post-2131","page","type-page","status-publish","hentry"],"_links":{"self":[{"href":"https:\/\/www.chile-reise.com\/de\/wp-json\/wp\/v2\/pages\/2131","targetHints":{"allow":["GET"]}}],"collection":[{"href":"https:\/\/www.chile-reise.com\/de\/wp-json\/wp\/v2\/pages"}],"about":[{"href":"https:\/\/www.chile-reise.com\/de\/wp-json\/wp\/v2\/types\/page"}],"author":[{"embeddable":true,"href":"https:\/\/www.chile-reise.com\/de\/wp-json\/wp\/v2\/users\/3"}],"replies":[{"embeddable":true,"href":"https:\/\/www.chile-reise.com\/de\/wp-json\/wp\/v2\/comments?post=2131"}],"version-history":[{"count":0,"href":"https:\/\/www.chile-reise.com\/de\/wp-json\/wp\/v2\/pages\/2131\/revisions"}],"up":[{"embeddable":true,"href":"https:\/\/www.chile-reise.com\/de\/wp-json\/wp\/v2\/pages\/96"}],"wp:attachment":[{"href":"https:\/\/www.chile-reise.com\/de\/wp-json\/wp\/v2\/media?parent=2131"}],"curies":[{"name":"wp","href":"https:\/\/api.w.org\/{rel}","templated":true}]}}