{"id":2129,"date":"2013-08-26T20:53:15","date_gmt":"2013-08-26T18:53:15","guid":{"rendered":"http:\/\/www.chile-reise.com\/wordpress\/?page_id=2129"},"modified":"2014-03-14T16:41:44","modified_gmt":"2014-03-14T14:41:44","slug":"sternenbeobachtung","status":"publish","type":"page","link":"https:\/\/www.chile-reise.com\/de\/packages-daytrips\/atacamawueste\/sternenbeobachtung\/","title":{"rendered":"Sternenbeobachtung"},"content":{"rendered":"<p>\r\n        <style type='text\/css'>\r\n            #gallery-1 {\r\n                margin: auto;\r\n            }\r\n            #gallery-1 .gallery-item {\r\n                float: left;\r\n                margin-top: 10px;\r\n                text-align: center;\r\n                width: 33%;           }\r\n            #gallery-1 img {\r\n                border: 2px solid #cfcfcf;\r\n            }\r\n            #gallery-1 .gallery-caption {\r\n                margin-left: 0;\r\n            }\r\n        <\/style>\r\n        <!-- see gallery_shortcode() in wp-includes\/media.php -->\r\n        <div id='gallery-1' class='gallery-images gallery galleryid-2129'><dl class='gallery-item'>\r\n            <dt class='gallery-icon'>\r\n                <a href='https:\/\/www.chile-reise.com\/wp-content\/uploads\/Spaceobs_klein.jpg'><img loading=\"lazy\" decoding=\"async\" width=\"240\" height=\"140\" src=\"https:\/\/www.chile-reise.com\/wp-content\/uploads\/Spaceobs_klein-240x140.jpg\" class=\"attachment-thumbnail size-thumbnail\" alt=\"Spaceobs klein\" \/><\/a>\r\n            <\/dt>\r\n                <dd class='gallery-caption'>\r\n                Space Obs\r\n                <\/dd><\/dl>\r\n            <br style='clear: both;' \/>\r\n        <\/div>\n<div class=\"clear\"><\/div><div class=\"divider\"><\/div>\n<p><strong>Art der Reise:<\/strong> Natur<br \/>\n<strong>Dauer:<\/strong> 1 Tag<\/p>\n\n\t<script type=\"text\/javascript\">\tjQuery(document).ready(function($){\tjQuery(\"ul.tabs-nav\").tabs(\"> .pane\"); }); <\/script>\n\n\t\t<div class=\"post-tabs\">\n\t\t\n<ul class=\"tabs-nav\">\n<li>Tourverlauf<\/li>\n<li>Ausr\u00fcstung<\/li>\n<\/ul>\n\n\t\t<div class=\"pane\">\n\t\t\nFast nirgendwo auf der Welt ist der Himmel so klar und die Sicht auf die Sterne so gut wie im Norden Chiles. Nicht umsonst befinden sich hier einige der wichtigsten internationalen Sternwarten der Erde. Astronomen aus aller Welt zieht es immer wieder zum Forschen hierher. Das Beobachtungszentrum Space Obs in San Pedro de Atacama (San Pedro de Atacama Celestial Observatory) befindet sich in unmittelbarer N\u00e4he des s\u00fcdlichen Wendekreises und ist f\u00fcr Besucher ge\u00f6ffnet. Bei einem Besuch hier bringt ein Experte Ihnen astronomisches Hintergrundwissen nahe und zeigt Ihnen mit Hilfe eines extrastarken Laserpointers  die Besonderheiten des s\u00fcdlichen Sternenhimmels. Per Teleskop k\u00f6nnen Sie unvergessliche Blicke zu entfernten Sternen und Galaxien genie\u00dfen.<br \/>\n\n\t\t<\/div>\n\t\n\n\t\t<div class=\"pane\">\n\t\t\nDie Tour findet abends im Freien statt, warme Kleidung wird empfohlen.<br \/>\n\n\t\t<\/div>\n\t\n\n\t\t<\/div>\n\t<\/p>","protected":false},"excerpt":{"rendered":"<p>Art der Reise: Natur Dauer: 1 Tag<\/p>\n","protected":false},"author":3,"featured_media":0,"parent":96,"menu_order":0,"comment_status":"open","ping_status":"open","template":"","meta":{"slim_seo":{"title":"Sternenbeobachtung Star Watching - travelArt","description":"Space Obs Art der Reise: Natur Dauer: 1 Tag Tourverlauf Ausr\u00fcstung Fast nirgendwo auf der Welt ist der Himmel so klar und die Sicht auf die Sterne so gut wie im"},"footnotes":""},"class_list":["post-2129","page","type-page","status-publish","hentry"],"_links":{"self":[{"href":"https:\/\/www.chile-reise.com\/de\/wp-json\/wp\/v2\/pages\/2129","targetHints":{"allow":["GET"]}}],"collection":[{"href":"https:\/\/www.chile-reise.com\/de\/wp-json\/wp\/v2\/pages"}],"about":[{"href":"https:\/\/www.chile-reise.com\/de\/wp-json\/wp\/v2\/types\/page"}],"author":[{"embeddable":true,"href":"https:\/\/www.chile-reise.com\/de\/wp-json\/wp\/v2\/users\/3"}],"replies":[{"embeddable":true,"href":"https:\/\/www.chile-reise.com\/de\/wp-json\/wp\/v2\/comments?post=2129"}],"version-history":[{"count":0,"href":"https:\/\/www.chile-reise.com\/de\/wp-json\/wp\/v2\/pages\/2129\/revisions"}],"up":[{"embeddable":true,"href":"https:\/\/www.chile-reise.com\/de\/wp-json\/wp\/v2\/pages\/96"}],"wp:attachment":[{"href":"https:\/\/www.chile-reise.com\/de\/wp-json\/wp\/v2\/media?parent=2129"}],"curies":[{"name":"wp","href":"https:\/\/api.w.org\/{rel}","templated":true}]}}