{"id":2127,"date":"2013-08-26T20:41:16","date_gmt":"2013-08-26T18:41:16","guid":{"rendered":"http:\/\/www.chile-reise.com\/wordpress\/?page_id=2127"},"modified":"2014-03-14T16:44:42","modified_gmt":"2014-03-14T14:44:42","slug":"laguna-cejar","status":"publish","type":"page","link":"https:\/\/www.chile-reise.com\/de\/packages-daytrips\/atacamawueste\/laguna-cejar\/","title":{"rendered":"Laguna Cejar"},"content":{"rendered":"<p>\r\n        <style type='text\/css'>\r\n            #gallery-1 {\r\n                margin: auto;\r\n            }\r\n            #gallery-1 .gallery-item {\r\n                float: left;\r\n                margin-top: 10px;\r\n                text-align: center;\r\n                width: 33%;           }\r\n            #gallery-1 img {\r\n                border: 2px solid #cfcfcf;\r\n            }\r\n            #gallery-1 .gallery-caption {\r\n                margin-left: 0;\r\n            }\r\n        <\/style>\r\n        <!-- see gallery_shortcode() in wp-includes\/media.php -->\r\n        <div id='gallery-1' class='gallery-images gallery galleryid-2127'><dl class='gallery-item'>\r\n            <dt class='gallery-icon'>\r\n                <a href='https:\/\/www.chile-reise.com\/wp-content\/uploads\/Laguna-Cejar_112_klein.jpg'><img loading=\"lazy\" decoding=\"async\" width=\"240\" height=\"140\" src=\"https:\/\/www.chile-reise.com\/wp-content\/uploads\/Laguna-Cejar_112_klein-240x140.jpg\" class=\"attachment-thumbnail size-thumbnail\" alt=\"Laguna Cejar 112 klein\" \/><\/a>\r\n            <\/dt>\r\n                <dd class='gallery-caption'>\r\n                Laguna Cejar\r\n                <\/dd><\/dl><dl class='gallery-item'>\r\n            <dt class='gallery-icon'>\r\n                <a href='https:\/\/www.chile-reise.com\/wp-content\/uploads\/team-tA-laguna-cejar_klein.jpg'><img loading=\"lazy\" decoding=\"async\" width=\"240\" height=\"140\" src=\"https:\/\/www.chile-reise.com\/wp-content\/uploads\/team-tA-laguna-cejar_klein-240x140.jpg\" class=\"attachment-thumbnail size-thumbnail\" alt=\"Team tA laguna cejar klein\" \/><\/a>\r\n            <\/dt>\r\n                <dd class='gallery-caption'>\r\n                Laguna Cejar\r\n                <\/dd><\/dl>\r\n            <br style='clear: both;' \/>\r\n        <\/div>\n<div class=\"clear\"><\/div><div class=\"divider\"><\/div>\n<p><strong>Art der Reise:<\/strong> Natur<br \/>\n<strong>Dauer:<\/strong> 1 Tag<\/p>\n\n\t<script type=\"text\/javascript\">\tjQuery(document).ready(function($){\tjQuery(\"ul.tabs-nav\").tabs(\"> .pane\"); }); <\/script>\n\n\t\t<div class=\"post-tabs\">\n\t\t\n<ul class=\"tabs-nav\">\n<li>Tourverlauf<\/li>\n<li>Ausr\u00fcstung<\/li>\n<\/ul>\n\n\t\t<div class=\"pane\">\n\t\t\nDie Laguna Cejar, ein kleiner Salzsee inmitten der W\u00fcstenlandschaft, liegt 30 km s\u00fcdlich von San Pedro de Atacama im Salar de Atacama. Eine wei\u00dfe Salzkruste ziert den Rand der Lagune. Auf Grund der hohen Salzkonzentration kann man hier nicht nur schwimmen, sondern auch ohne M\u00fche einfach im Wasser treiben und dabei die atemberaubende Aussicht auf die Kulisse des Vulkan Licancabur und die umgebende W\u00fcste genie\u00dfen. Durch warme Quellen am Grund erh\u00e4lt das Wasser an vielen Stellen eine sehr angenehme Temperatur. Nach dem Bad bietet sich ein Spaziergang um die Lagune an, wo sich verschiedene Vogelarten, mit etwas Gl\u00fcck auch Flamingos, in ihrer nat\u00fcrlichen Umgebung beobachten lassen.<br \/>\nDanach R\u00fcckfahrt nach San Pedro.<br \/>\n\n\t\t<\/div>\n\t\n\n\t\t<div class=\"pane\">\n\t\t\nBadekleidung.<br \/>\n\n\t\t<\/div>\n\t\n\n\t\t<\/div>\n\t\n<p><\/p>","protected":false},"excerpt":{"rendered":"<p>Art der Reise: Natur Dauer: 1 Tag<\/p>\n","protected":false},"author":3,"featured_media":0,"parent":96,"menu_order":0,"comment_status":"open","ping_status":"open","template":"","meta":{"slim_seo":{"title":"Laguna Cejar Laguna Cejar - travelArt","description":"Laguna Cejar Laguna Cejar Art der Reise: Natur Dauer: 1 Tag Tourverlauf Ausr\u00fcstung Die Laguna Cejar, ein kleiner Salzsee inmitten der W\u00fcstenlandschaft, liegt 30"},"footnotes":""},"class_list":["post-2127","page","type-page","status-publish","hentry"],"_links":{"self":[{"href":"https:\/\/www.chile-reise.com\/de\/wp-json\/wp\/v2\/pages\/2127","targetHints":{"allow":["GET"]}}],"collection":[{"href":"https:\/\/www.chile-reise.com\/de\/wp-json\/wp\/v2\/pages"}],"about":[{"href":"https:\/\/www.chile-reise.com\/de\/wp-json\/wp\/v2\/types\/page"}],"author":[{"embeddable":true,"href":"https:\/\/www.chile-reise.com\/de\/wp-json\/wp\/v2\/users\/3"}],"replies":[{"embeddable":true,"href":"https:\/\/www.chile-reise.com\/de\/wp-json\/wp\/v2\/comments?post=2127"}],"version-history":[{"count":0,"href":"https:\/\/www.chile-reise.com\/de\/wp-json\/wp\/v2\/pages\/2127\/revisions"}],"up":[{"embeddable":true,"href":"https:\/\/www.chile-reise.com\/de\/wp-json\/wp\/v2\/pages\/96"}],"wp:attachment":[{"href":"https:\/\/www.chile-reise.com\/de\/wp-json\/wp\/v2\/media?parent=2127"}],"curies":[{"name":"wp","href":"https:\/\/api.w.org\/{rel}","templated":true}]}}