{"id":2116,"date":"2013-08-26T20:23:37","date_gmt":"2013-08-26T18:23:37","guid":{"rendered":"http:\/\/www.chile-reise.com\/wordpress\/?page_id=2116"},"modified":"2014-06-16T23:04:56","modified_gmt":"2014-06-16T21:04:56","slug":"guatin-und-die-thermen-von-puritama","status":"publish","type":"page","link":"https:\/\/www.chile-reise.com\/de\/packages-daytrips\/atacamawueste\/guatin-und-die-thermen-von-puritama\/","title":{"rendered":"Guatin und die Thermen von Puritama"},"content":{"rendered":"<p>\r\n        <style type='text\/css'>\r\n            #gallery-1 {\r\n                margin: auto;\r\n            }\r\n            #gallery-1 .gallery-item {\r\n                float: left;\r\n                margin-top: 10px;\r\n                text-align: center;\r\n                width: 33%;           }\r\n            #gallery-1 img {\r\n                border: 2px solid #cfcfcf;\r\n            }\r\n            #gallery-1 .gallery-caption {\r\n                margin-left: 0;\r\n            }\r\n        <\/style>\r\n        <!-- see gallery_shortcode() in wp-includes\/media.php -->\r\n        <div id='gallery-1' class='gallery-images gallery galleryid-2116'><dl class='gallery-item'>\r\n            <dt class='gallery-icon'>\r\n                <a href='https:\/\/www.chile-reise.com\/wp-content\/uploads\/Puritama-Hot-Springs_klein1.jpg'><img loading=\"lazy\" decoding=\"async\" width=\"240\" height=\"140\" src=\"https:\/\/www.chile-reise.com\/wp-content\/uploads\/Puritama-Hot-Springs_klein1-240x140.jpg\" class=\"attachment-thumbnail size-thumbnail\" alt=\"Puritama Hot Springs klein\" \/><\/a>\r\n            <\/dt>\r\n                <dd class='gallery-caption'>\r\n                Termas de Puritama \r\n                <\/dd><\/dl><dl class='gallery-item'>\r\n            <dt class='gallery-icon'>\r\n                <a href='https:\/\/www.chile-reise.com\/wp-content\/uploads\/Guatin_klein.jpg'><img loading=\"lazy\" decoding=\"async\" width=\"240\" height=\"140\" src=\"https:\/\/www.chile-reise.com\/wp-content\/uploads\/Guatin_klein-240x140.jpg\" class=\"attachment-thumbnail size-thumbnail\" alt=\"Guatin klein\" \/><\/a>\r\n            <\/dt>\r\n                <dd class='gallery-caption'>\r\n                Guatin\r\n                <\/dd><\/dl><dl class='gallery-item'>\r\n            <dt class='gallery-icon'>\r\n                <a href='https:\/\/www.chile-reise.com\/wp-content\/uploads\/Guatin2_klein.jpg'><img loading=\"lazy\" decoding=\"async\" width=\"240\" height=\"140\" src=\"https:\/\/www.chile-reise.com\/wp-content\/uploads\/Guatin2_klein-240x140.jpg\" class=\"attachment-thumbnail size-thumbnail\" alt=\"Guatin2 klein\" \/><\/a>\r\n            <\/dt>\r\n                <dd class='gallery-caption'>\r\n                Guatin\r\n                <\/dd><\/dl><br style=\"clear: both\" \/>\r\n            <br style='clear: both;' \/>\r\n        <\/div>\n<div class=\"clear\"><\/div><div class=\"divider\"><\/div>\n<p><strong>Art der Reise:<\/strong> Natur<br \/>\n<strong>Dauer:<\/strong> 1 Tag<\/p>\n\n\t<script type=\"text\/javascript\">\tjQuery(document).ready(function($){\tjQuery(\"ul.tabs-nav\").tabs(\"> .pane\"); }); <\/script>\n\n\t\t<div class=\"post-tabs\">\n\t\t\n<ul class=\"tabs-nav\">\n<li>Tourverlauf<\/li>\n<li>Anmerkungen<\/li>\n<\/ul>\n\n\t\t<div class=\"pane\">\n\t\t\nIm Guatin-Tal fliessen zwei Fl\u00fcsse zusammen, einer kommt von den Thermalquellen von Puritama und f\u00fchrt Erde und Mineralien im warmen Wasser mit sich, w\u00e4hrend der andere, der Purifica-Fluss, aus den Anden kommt. Diese erstaunliche Mischung aus heissem Quellwasser und klarer Schneeschmelze bringt im Guatin Canyon ein einzigartiges \u00d6kosystem hervor. Eine Wanderung in diesem Cayon lohnt sich, nicht zuletzt wegen der hier wachsenden riesigen Kandelaberkakteen, die schon bis zu 500 Jahre alt sind.<br \/>\nDiese leichte Wanderung beginnt im Guatin-Cayon der mit seinem leuchtend roten Stein ein wunderbares Farbenspiel liefert. Auf dem Cayongrund geht es inmitten der interessanten lokalen Flora stetig bergauf, bis zu den Thermen von Puritama. Dort k\u00f6nnen Sie sich in den sieben nat\u00fcrlichen Becken mit kristallklarem Thermalwasser entspannen, bevor Sie zur\u00fcck nach San Pedro gefahren werden.<br \/>\n\n\t\t<\/div>\n\t\n\n\t\t<div class=\"pane\">\n\t\t\nWir empfehlen, diese Tour am Vormittag durchzuf\u00fchren, da nachmittags dort die Temperaturen stark abfallen.<br \/>\n\n\t\t<\/div>\n\t\n\n\t\t<\/div>\n\t<\/p>","protected":false},"excerpt":{"rendered":"<p>Art der Reise: Natur Dauer: 1 Tag<\/p>\n","protected":false},"author":3,"featured_media":0,"parent":96,"menu_order":0,"comment_status":"open","ping_status":"open","template":"","meta":{"slim_seo":{"title":"Guatin und die Thermen von Puritama Guatin and the Puritama Hot Springs - travelArt","description":"Termas de Puritama Guatin Guatin Art der Reise: Natur Dauer: 1 Tag Tourverlauf Anmerkungen Im Guatin-Tal fliessen zwei Fl\u00fcsse zusammen, einer kommt von den Ther"},"footnotes":""},"class_list":["post-2116","page","type-page","status-publish","hentry"],"_links":{"self":[{"href":"https:\/\/www.chile-reise.com\/de\/wp-json\/wp\/v2\/pages\/2116","targetHints":{"allow":["GET"]}}],"collection":[{"href":"https:\/\/www.chile-reise.com\/de\/wp-json\/wp\/v2\/pages"}],"about":[{"href":"https:\/\/www.chile-reise.com\/de\/wp-json\/wp\/v2\/types\/page"}],"author":[{"embeddable":true,"href":"https:\/\/www.chile-reise.com\/de\/wp-json\/wp\/v2\/users\/3"}],"replies":[{"embeddable":true,"href":"https:\/\/www.chile-reise.com\/de\/wp-json\/wp\/v2\/comments?post=2116"}],"version-history":[{"count":0,"href":"https:\/\/www.chile-reise.com\/de\/wp-json\/wp\/v2\/pages\/2116\/revisions"}],"up":[{"embeddable":true,"href":"https:\/\/www.chile-reise.com\/de\/wp-json\/wp\/v2\/pages\/96"}],"wp:attachment":[{"href":"https:\/\/www.chile-reise.com\/de\/wp-json\/wp\/v2\/media?parent=2116"}],"curies":[{"name":"wp","href":"https:\/\/api.w.org\/{rel}","templated":true}]}}