{"id":2112,"date":"2013-08-26T20:15:06","date_gmt":"2013-08-26T18:15:06","guid":{"rendered":"http:\/\/www.chile-reise.com\/wordpress\/?page_id=2112"},"modified":"2015-03-17T21:13:48","modified_gmt":"2015-03-17T19:13:48","slug":"valle-del-arcoiris","status":"publish","type":"page","link":"https:\/\/www.chile-reise.com\/de\/packages-daytrips\/atacamawueste\/valle-del-arcoiris\/","title":{"rendered":"Valle del Arcoiris"},"content":{"rendered":"<p>\r\n        <style type='text\/css'>\r\n            #gallery-1 {\r\n                margin: auto;\r\n            }\r\n            #gallery-1 .gallery-item {\r\n                float: left;\r\n                margin-top: 10px;\r\n                text-align: center;\r\n                width: 33%;           }\r\n            #gallery-1 img {\r\n                border: 2px solid #cfcfcf;\r\n            }\r\n            #gallery-1 .gallery-caption {\r\n                margin-left: 0;\r\n            }\r\n        <\/style>\r\n        <!-- see gallery_shortcode() in wp-includes\/media.php -->\r\n        <div id='gallery-1' class='gallery-images gallery galleryid-2112'><dl class='gallery-item'>\r\n            <dt class='gallery-icon'>\r\n                <a href='https:\/\/www.chile-reise.com\/wp-content\/uploads\/Valle-Arcoiris-1_klein.jpg'><img loading=\"lazy\" decoding=\"async\" width=\"240\" height=\"140\" src=\"https:\/\/www.chile-reise.com\/wp-content\/uploads\/Valle-Arcoiris-1_klein-240x140.jpg\" class=\"attachment-thumbnail size-thumbnail\" alt=\"Valle Arcoiris 1 klein\" \/><\/a>\r\n            <\/dt>\r\n                <dd class='gallery-caption'>\r\n                Valle del Arcoiris\r\n                <\/dd><\/dl><dl class='gallery-item'>\r\n            <dt class='gallery-icon'>\r\n                <a href='https:\/\/www.chile-reise.com\/wp-content\/uploads\/DSC05950.jpg'><img loading=\"lazy\" decoding=\"async\" width=\"240\" height=\"140\" src=\"https:\/\/www.chile-reise.com\/wp-content\/uploads\/DSC05950-240x140.jpg\" class=\"attachment-thumbnail size-thumbnail\" alt=\"DSC05950\" \/><\/a>\r\n            <\/dt><\/dl><dl class='gallery-item'>\r\n            <dt class='gallery-icon'>\r\n                <a href='https:\/\/www.chile-reise.com\/wp-content\/uploads\/Yerbas-Buenas_klein.jpg'><img loading=\"lazy\" decoding=\"async\" width=\"240\" height=\"140\" src=\"https:\/\/www.chile-reise.com\/wp-content\/uploads\/Yerbas-Buenas_klein-240x140.jpg\" class=\"attachment-thumbnail size-thumbnail\" alt=\"Yerbas Buenas klein\" \/><\/a>\r\n            <\/dt>\r\n                <dd class='gallery-caption'>\r\n                Yerbas Buenas\r\n                <\/dd><\/dl><br style=\"clear: both\" \/>\r\n            <br style='clear: both;' \/>\r\n        <\/div>\n\n<div class=\"clear\"><\/div><div class=\"divider\"><\/div>\n<p><strong>Art der Reise:<\/strong> Natur \/ Kultur<br \/>\n<strong>Dauer:<\/strong> 1 Tag<\/p>\n\n\t<script type=\"text\/javascript\">\tjQuery(document).ready(function($){\tjQuery(\"ul.tabs-nav\").tabs(\"> .pane\"); }); <\/script>\n\n\t\t<div class=\"post-tabs\">\n\t\t\n<ul class=\"tabs-nav\">\n<li>Tourverlauf<\/li>\n<\/ul>\n\n\t\t<div class=\"pane\">\n\t\t\nDieser Halbtagesausflug beginnt mit einem Besuch der Felszeichnungen von Yerbas Buenas, Bilder von Tieren, Menschen und geometrischen Figuren, die von den Atacame\u00f1os hier vor langer Zeit hinterlassen wurden. Danach wird das D\u00f6rfchen Rio Grande besichtigt, bevor der Spaziergang im Valle del Arcoiris (Regenbogental) beginnt. Dieses Tal tr\u00e4gt seinen Namen zu recht, denn die bizarren Felsformationen, -W\u00e4nde und -S\u00e4ulen, vom scharfen W\u00fcstenwind geschliffen, leuchten in den verschiedensten Farben, von tiefrot \u00fcber weiss bis smaragdgr\u00fcn, ein faszinierendes Erlebnis.<br \/>\nNach der Wanderung R\u00fcckfahrt nach San Pedro.<br \/>\n\n\t\t<\/div>\n\t\n\n\t\t<\/div>\n\t<\/p>","protected":false},"excerpt":{"rendered":"<p>Art der Reise: Natur \/ Kultur Dauer: 1 Tag<\/p>\n","protected":false},"author":3,"featured_media":0,"parent":96,"menu_order":0,"comment_status":"open","ping_status":"open","template":"","meta":{"slim_seo":{"title":"Valle del Arcoiris Valle del Arcoiris - travelArt","description":"Valle del Arcoiris Yerbas Buenas Art der Reise: Natur \/ Kultur Dauer: 1 Tag Tourverlauf Dieser Halbtagesausflug beginnt mit einem Besuch der Felszeichnungen von"},"footnotes":""},"class_list":["post-2112","page","type-page","status-publish","hentry"],"_links":{"self":[{"href":"https:\/\/www.chile-reise.com\/de\/wp-json\/wp\/v2\/pages\/2112","targetHints":{"allow":["GET"]}}],"collection":[{"href":"https:\/\/www.chile-reise.com\/de\/wp-json\/wp\/v2\/pages"}],"about":[{"href":"https:\/\/www.chile-reise.com\/de\/wp-json\/wp\/v2\/types\/page"}],"author":[{"embeddable":true,"href":"https:\/\/www.chile-reise.com\/de\/wp-json\/wp\/v2\/users\/3"}],"replies":[{"embeddable":true,"href":"https:\/\/www.chile-reise.com\/de\/wp-json\/wp\/v2\/comments?post=2112"}],"version-history":[{"count":0,"href":"https:\/\/www.chile-reise.com\/de\/wp-json\/wp\/v2\/pages\/2112\/revisions"}],"up":[{"embeddable":true,"href":"https:\/\/www.chile-reise.com\/de\/wp-json\/wp\/v2\/pages\/96"}],"wp:attachment":[{"href":"https:\/\/www.chile-reise.com\/de\/wp-json\/wp\/v2\/media?parent=2112"}],"curies":[{"name":"wp","href":"https:\/\/api.w.org\/{rel}","templated":true}]}}