{"id":2106,"date":"2013-08-26T18:56:13","date_gmt":"2013-08-26T16:56:13","guid":{"rendered":"http:\/\/www.chile-reise.com\/wordpress\/?page_id=2106"},"modified":"2015-04-02T19:56:50","modified_gmt":"2015-04-02T17:56:50","slug":"geysire-von-tatio","status":"publish","type":"page","link":"https:\/\/www.chile-reise.com\/de\/packages-daytrips\/atacamawueste\/geysire-von-tatio\/","title":{"rendered":"Geysire von Tatio"},"content":{"rendered":"<p>\r\n        <style type='text\/css'>\r\n            #gallery-1 {\r\n                margin: auto;\r\n            }\r\n            #gallery-1 .gallery-item {\r\n                float: left;\r\n                margin-top: 10px;\r\n                text-align: center;\r\n                width: 33%;           }\r\n            #gallery-1 img {\r\n                border: 2px solid #cfcfcf;\r\n            }\r\n            #gallery-1 .gallery-caption {\r\n                margin-left: 0;\r\n            }\r\n        <\/style>\r\n        <!-- see gallery_shortcode() in wp-includes\/media.php -->\r\n        <div id='gallery-1' class='gallery-images gallery galleryid-2106'><dl class='gallery-item'>\r\n            <dt class='gallery-icon'>\r\n                <a href='https:\/\/www.chile-reise.com\/wp-content\/uploads\/Tatio-1.jpg'><img loading=\"lazy\" decoding=\"async\" width=\"240\" height=\"140\" src=\"https:\/\/www.chile-reise.com\/wp-content\/uploads\/Tatio-1-240x140.jpg\" class=\"attachment-thumbnail size-thumbnail\" alt=\"Tatio\" \/><\/a>\r\n            <\/dt>\r\n                <dd class='gallery-caption'>\r\n                Tatio 1\r\n                <\/dd><\/dl><dl class='gallery-item'>\r\n            <dt class='gallery-icon'>\r\n                <a href='https:\/\/www.chile-reise.com\/wp-content\/uploads\/Tatio-3.jpg'><img loading=\"lazy\" decoding=\"async\" width=\"240\" height=\"140\" src=\"https:\/\/www.chile-reise.com\/wp-content\/uploads\/Tatio-3-240x140.jpg\" class=\"attachment-thumbnail size-thumbnail\" alt=\"Tatio\" \/><\/a>\r\n            <\/dt>\r\n                <dd class='gallery-caption'>\r\n                Tatio 2\r\n                <\/dd><\/dl><dl class='gallery-item'>\r\n            <dt class='gallery-icon'>\r\n                <a href='https:\/\/www.chile-reise.com\/wp-content\/uploads\/Tatio-4.jpg'><img loading=\"lazy\" decoding=\"async\" width=\"240\" height=\"140\" src=\"https:\/\/www.chile-reise.com\/wp-content\/uploads\/Tatio-4-240x140.jpg\" class=\"attachment-thumbnail size-thumbnail\" alt=\"Tatio\" \/><\/a>\r\n            <\/dt><\/dl><br style=\"clear: both\" \/><dl class='gallery-item'>\r\n            <dt class='gallery-icon'>\r\n                <a href='https:\/\/www.chile-reise.com\/wp-content\/uploads\/Tatio5.jpg'><img loading=\"lazy\" decoding=\"async\" width=\"240\" height=\"140\" src=\"https:\/\/www.chile-reise.com\/wp-content\/uploads\/Tatio5-240x140.jpg\" class=\"attachment-thumbnail size-thumbnail\" alt=\"Tatio5\" \/><\/a>\r\n            <\/dt>\r\n                <dd class='gallery-caption'>\r\n                Tatio 4\r\n                <\/dd><\/dl><dl class='gallery-item'>\r\n            <dt class='gallery-icon'>\r\n                <a href='https:\/\/www.chile-reise.com\/wp-content\/uploads\/Tatio-6.jpg'><img loading=\"lazy\" decoding=\"async\" width=\"240\" height=\"140\" src=\"https:\/\/www.chile-reise.com\/wp-content\/uploads\/Tatio-6-240x140.jpg\" class=\"attachment-thumbnail size-thumbnail\" alt=\"Tatio\" \/><\/a>\r\n            <\/dt>\r\n                <dd class='gallery-caption'>\r\n                Breakfast Tatio\r\n                <\/dd><\/dl><dl class='gallery-item'>\r\n            <dt class='gallery-icon'>\r\n                <a href='https:\/\/www.chile-reise.com\/wp-content\/uploads\/Tatio-2.jpg'><img loading=\"lazy\" decoding=\"async\" width=\"240\" height=\"140\" src=\"https:\/\/www.chile-reise.com\/wp-content\/uploads\/Tatio-2-240x140.jpg\" class=\"attachment-thumbnail size-thumbnail\" alt=\"Tatio\" \/><\/a>\r\n            <\/dt>\r\n                <dd class='gallery-caption'>\r\n                Tatio 5\r\n                <\/dd><\/dl><br style=\"clear: both\" \/>\r\n            <br style='clear: both;' \/>\r\n        <\/div>\n\n<div class=\"clear\"><\/div><div class=\"divider\"><\/div>\n<p><strong>Art der Reise:<\/strong> Natur<br \/>\n<strong>Dauer:<\/strong> 1 Tag<\/p>\n\n\t<script type=\"text\/javascript\">\tjQuery(document).ready(function($){\tjQuery(\"ul.tabs-nav\").tabs(\"> .pane\"); }); <\/script>\n\n\t\t<div class=\"post-tabs\">\n\t\t\n<ul class=\"tabs-nav\">\n<li>Tourverlauf<\/li>\n<li>Ausr\u00fcstung<\/li>\n<li>Anmerkungen<\/li>\n<\/ul>\n\n\t\t<div class=\"pane\">\n\t\t\nWer die Geysire von Tatio in Aktion erleben m\u00f6chte, mu\u00df fr\u00fch aufstehen, denn wenn die Morgensonne \u00fcber den in mehr als 4300 m H\u00f6he gelegenen hei\u00dfen Quellen aufgeht, steigen die Font\u00e4nen bis zu 10 Meter hoch. Das Licht der aufgehenden Sonne, das die zischenden Font\u00e4nen der Geysire streift und in vielen Farben leuchten l\u00e4\u00dft, bildet dann einen starken Kontrast zu den aufsteigenden Dampfs\u00e4ulen und den umliegenden Gipfeln.  Nach diesem spektakul\u00e4ren Schauspiel besteht die M\u00f6glichkeit, sich in nat\u00fcrlichen Becken mit warmen Quellen von der Morgenk\u00e4lte zu erholen und aufzuw\u00e4rmen. Um die Mittagszeit R\u00fcckfahrt nach San Pedro.<br \/>\n\n\t\t<\/div>\n\t\n\n\t\t<div class=\"pane\">\n\t\t\nAm fr\u00fchen Morgen herrschen am Geysirfeld Temperaturen weit unter 0\u00b0C, wir empfehlen warme Kleidung.<br \/>\nWer in den warmen Quellen baden m\u00f6chte, sollte Schwimmkleidung mitbringen.<br \/>\n\n\t\t<\/div>\n\t\n\n\t\t<div class=\"pane\">\n\t\t\nDie Exkursion startet in den sehr fr\u00fchen Morgenstunden in San Pedro, um rechtzeitig zum Sonnenaufgang am Geysirfeld zu sein.<br \/>\nEs kann unter Umst\u00e4nden zu Unwohlsein und M\u00fcdigkeit auf Grund der H\u00f6he kommen.<\/p>\n<p>Der Ausflug zu den Geysiren von Tatio l\u00e4sst sich mit einem Besuch des kleinen W\u00fcstendorfes Machuca auf mehr als 4000 m H\u00f6he verbinden. Eine andere sch\u00f6ne Variante ist die Kombination mit den Thermen von Puritama.<br \/>\n\n\t\t<\/div>\n\t\n\n\t\t<\/div>\n\t<\/p>","protected":false},"excerpt":{"rendered":"<p>Art der Reise: Natur Dauer: 1 Tag<\/p>\n","protected":false},"author":3,"featured_media":0,"parent":96,"menu_order":0,"comment_status":"open","ping_status":"open","template":"","meta":{"slim_seo":{"title":"Geysire von Tatio Geysers of Tatio - travelArt","description":"Tatio 1 Tatio 2 Tatio 4 Breakfast Tatio Tatio 5 Art der Reise: Natur Dauer: 1 Tag Tourverlauf Ausr\u00fcstung Anmerkungen Wer die Geysire von Tatio in Aktion erleben"},"footnotes":""},"class_list":["post-2106","page","type-page","status-publish","hentry"],"_links":{"self":[{"href":"https:\/\/www.chile-reise.com\/de\/wp-json\/wp\/v2\/pages\/2106","targetHints":{"allow":["GET"]}}],"collection":[{"href":"https:\/\/www.chile-reise.com\/de\/wp-json\/wp\/v2\/pages"}],"about":[{"href":"https:\/\/www.chile-reise.com\/de\/wp-json\/wp\/v2\/types\/page"}],"author":[{"embeddable":true,"href":"https:\/\/www.chile-reise.com\/de\/wp-json\/wp\/v2\/users\/3"}],"replies":[{"embeddable":true,"href":"https:\/\/www.chile-reise.com\/de\/wp-json\/wp\/v2\/comments?post=2106"}],"version-history":[{"count":0,"href":"https:\/\/www.chile-reise.com\/de\/wp-json\/wp\/v2\/pages\/2106\/revisions"}],"up":[{"embeddable":true,"href":"https:\/\/www.chile-reise.com\/de\/wp-json\/wp\/v2\/pages\/96"}],"wp:attachment":[{"href":"https:\/\/www.chile-reise.com\/de\/wp-json\/wp\/v2\/media?parent=2106"}],"curies":[{"name":"wp","href":"https:\/\/api.w.org\/{rel}","templated":true}]}}